{"id":289,"date":"2025-01-08T15:47:26","date_gmt":"2025-01-08T15:47:26","guid":{"rendered":"https:\/\/monatglobal.com\/de\/?page_id=289"},"modified":"2025-08-22T20:19:06","modified_gmt":"2025-08-22T19:19:06","slug":"culture","status":"publish","type":"page","link":"https:\/\/monatglobal.com\/at\/culture\/","title":{"rendered":"MONAT-Kultur"},"content":{"rendered":"\n\n\t<link rel=\"stylesheet\" href=\"https:\/\/unpkg.com\/swiper\/swiper-bundle.min.css\" \/>\n<section id=\"welcomeSec\"> \n            <p>Willkommen<\/p>\n            <img decoding=\"async\" src=\"https:\/\/monatglobal.com\/wp-content\/uploads\/2022\/10\/Rectangle-15Imagen1-1.png\" loading=\"lazy\"\/>\n            <img decoding=\"async\" src=\"https:\/\/monatglobal.com\/wp-content\/uploads\/2022\/10\/193168168a50b2ff3e7a2b160179a2b9-min.gif\" loading=\"lazy\"\/>\n            <p>in der MONAT-<\/p>\n            <p>Familie!<\/p>\n            <img decoding=\"async\" src=\"https:\/\/monatglobal.com\/wp-content\/uploads\/2022\/10\/Rectangle-16Imagen3-1.png\" loading=\"lazy\"\/>\n        <p>MONAT-Kultur<\/p>\n<\/section>\n<section id=\"aboutSec\">\n        <img decoding=\"async\" src=\"https:\/\/monatglobal.com\/wp-content\/uploads\/2022\/10\/Group-151circulo.png\" loading=\"lazy\"\/>\n            <h2>Bei MONAT sind wir stolz auf die nat\u00fcrlichen Produkte, die wir kreieren &#8211; doch uns geht es um weit mehr als nur um sch\u00f6nes Haar und gesunde Haut!<\/h2>\n            <p>Unser gr\u00f6\u00dfter Stolz liegt in den Leben, die wir durch unsere au\u00dfergew\u00f6hnliche M\u00f6glichkeit ver\u00e4ndern &#8211; denn Leben zu ver\u00e4ndern ist eine Aufgabe mit wahrem&nbsp;Sinn.<\/p>\n<\/section> \n<section id=\"largeSec\">\n                <h2>Unsere Mission ist es, Menschen weltweit zu helfen, ein sch\u00f6nes, gesundes und erf\u00fclltes Leben zu f\u00fchren &#8211; mit unseren herausragenden nat\u00fcrlichen Produkten, einer unterhaltsamen und lohnenden Gesch\u00e4ftsm\u00f6glichkeit sowie einer Kultur, die Familie, Dienstleistung und Dankbarkeit in den Mittelpunkt stellt.<\/h2>\n                            <img decoding=\"async\" src=\"https:\/\/monatglobal.com\/wp-content\/uploads\/2022\/10\/slider3.jpg\" alt=\"\" loading=\"lazy\"\/>\n                            <img decoding=\"async\" src=\"https:\/\/monatglobal.com\/wp-content\/uploads\/2022\/10\/slider1.jpg\" alt=\"\" loading=\"lazy\"\/>\n                            <img decoding=\"async\" src=\"https:\/\/monatglobal.com\/wp-content\/uploads\/2022\/10\/slider2.jpg\" alt=\"\" loading=\"lazy\"\/>\n                <img decoding=\"async\" src=\"https:\/\/monatglobal.com\/wp-content\/uploads\/2022\/10\/hover1.jpg\" loading=\"lazy\"\/>\n                    <h2>Produkte auf nat\u00fcrlicher Basis<\/h2>\n                <img decoding=\"async\" src=\"https:\/\/monatglobal.com\/wp-content\/uploads\/2022\/10\/hover2.jpg\" loading=\"lazy\"\/>\n                    <h2>SPASSIGE UND LOHNENDE GELEGENHEIT<\/h2>\n                <img decoding=\"async\" src=\"https:\/\/monatglobal.com\/wp-content\/uploads\/2022\/10\/hover3-1.jpg\" loading=\"lazy\"\/>\n                    <h2>KULTUR DER FAMILIE, DES DIENSTES UND DER DANKBARKEIT<\/h2>\n            <h2>Wir bekennen uns zu Grundwerten, die jede unserer Entscheidungen pr\u00e4gen.<\/h2>\n            <img decoding=\"async\" src=\"https:\/\/monatglobal.com\/wp-content\/uploads\/2022\/10\/Rectangle-230familia-con-perrito.jpg\" loading=\"lazy\"\/> \n                <h2>Wir bekennen uns zu Grundwerten, die jede unserer Entscheidungen pr\u00e4gen.<\/h2>\n                <p>Unser Ziel ist es, das Leben positiv und sinnvoll zu ver\u00e4ndern. Vor allem liegt uns die Familie am Herzen &#8211; und wir sind \u00fcberzeugt, dass unsere Market Partner und deren Kunden stets wie Familienmitglieder behandelt werden sollten.<\/p>\n<\/section>\n<section id=\"philosophySec\">\n        <img decoding=\"async\" src=\"https:\/\/monatglobal.com\/wp-content\/uploads\/2022\/10\/EJR09178-1Philosofy2.jpg\" loading=\"lazy\"\/>\n                <h2>Unsere Philosophie ist sehr einfach<\/h2>\n                <h3>Unser Erfolg liegt darin, anderen zum Erfolg zu verhelfen<\/h3>\n                <p>Und unsere Freude darin, anderen zu helfen, ihre eigene Freude zu finden. Bei MONAT helfen wir anderen, ein erf\u00fclltes Leben zu genie\u00dfen &#8211; innen wie au\u00dfen. Dazu geh\u00f6rt, dankbar zu sein f\u00fcr alles, was wir haben, und den Gemeinschaften, die uns alle tragen, etwas zur\u00fcckzugeben.<\/p>\n        <img decoding=\"async\" src=\"https:\/\/monatglobal.com\/wp-content\/uploads\/2022\/10\/Component-7Pholosophy.jpg\" loading=\"lazy\"\/>\n        <img decoding=\"async\" src=\"https:\/\/monatglobal.com\/wp-content\/uploads\/2022\/10\/EJR09178-1Philosofy2.jpg\" loading=\"lazy\"\/>\n<\/section>\n\n","protected":false},"excerpt":{"rendered":"<p>Willkommen in der MONAT- Familie! MONAT-Kultur Bei MONAT sind wir stolz auf die nat\u00fcrlichen Produkte, die wir kreieren &#8211; doch uns geht es um weit mehr als nur um sch\u00f6nes Haar und gesunde Haut! Unser gr\u00f6\u00dfter Stolz liegt in den Leben, die wir durch unsere au\u00dfergew\u00f6hnliche M\u00f6glichkeit ver\u00e4ndern &#8211; denn Leben zu ver\u00e4ndern ist eine&hellip;<\/p>\n","protected":false},"author":31,"featured_media":108502,"parent":0,"menu_order":0,"comment_status":"closed","ping_status":"closed","template":"","meta":{"inline_featured_image":false,"footnotes":""},"categories":[],"tags":[],"class_list":["post-289","page","type-page","status-publish","has-post-thumbnail","hentry"],"aioseo_notices":[],"aioseo_head":"\n\t\t<!-- All in One SEO Pro 4.9.5.2 - aioseo.com -->\n\t<meta name=\"description\" content=\"Entdecken Sie die einzigartige Kultur von MONAT. Erfahren Sie mehr \u00fcber unsere Werte, unsere Mission der positiven Wirkung und die starke Gemeinschaft, die uns auszeichnet. Werden Sie Teil unserer Familie.\" \/>\n\t<meta name=\"robots\" content=\"noindex, nofollow, max-image-preview:large\" \/>\n\t<link rel=\"canonical\" href=\"https:\/\/monatglobal.com\/at\/culture\/\" \/>\n\t<meta name=\"generator\" content=\"All in One SEO Pro (AIOSEO) 4.9.5.2\" \/>\n\t\t<meta property=\"og:locale\" content=\"de_DE\" \/>\n\t\t<meta property=\"og:site_name\" content=\"MONAT Austria - We Are Modern Nature\u00ae\" \/>\n\t\t<meta property=\"og:type\" content=\"article\" \/>\n\t\t<meta property=\"og:title\" content=\"MONAT-Kultur\" \/>\n\t\t<meta property=\"og:description\" content=\"Entdecken Sie die einzigartige Kultur von MONAT. Erfahren Sie mehr \u00fcber unsere Werte, unsere Mission der positiven Wirkung und die starke Gemeinschaft, die uns auszeichnet. Werden Sie Teil unserer Familie.\" \/>\n\t\t<meta property=\"og:url\" content=\"https:\/\/monatglobal.com\/at\/culture\/\" \/>\n\t\t<meta property=\"article:published_time\" content=\"2025-01-08T15:47:26+00:00\" \/>\n\t\t<meta property=\"article:modified_time\" content=\"2025-08-22T19:19:06+00:00\" \/>\n\t\t<meta name=\"twitter:card\" content=\"summary_large_image\" \/>\n\t\t<meta name=\"twitter:title\" content=\"MONAT-Kultur\" \/>\n\t\t<meta name=\"twitter:description\" content=\"Entdecken Sie die einzigartige Kultur von MONAT. Erfahren Sie mehr \u00fcber unsere Werte, unsere Mission der positiven Wirkung und die starke Gemeinschaft, die uns auszeichnet. Werden Sie Teil unserer Familie.\" \/>\n\t\t<script type=\"application\/ld+json\" class=\"aioseo-schema\">\n\t\t\t{\"@context\":\"https:\\\/\\\/schema.org\",\"@graph\":[{\"@type\":\"BreadcrumbList\",\"@id\":\"https:\\\/\\\/monatglobal.com\\\/at\\\/culture\\\/#breadcrumblist\",\"itemListElement\":[{\"@type\":\"ListItem\",\"@id\":\"https:\\\/\\\/monatglobal.com\\\/at#listItem\",\"position\":1,\"name\":\"Home\",\"item\":\"https:\\\/\\\/monatglobal.com\\\/at\",\"nextItem\":{\"@type\":\"ListItem\",\"@id\":\"https:\\\/\\\/monatglobal.com\\\/at\\\/culture\\\/#listItem\",\"name\":\"MONAT-Kultur\"}},{\"@type\":\"ListItem\",\"@id\":\"https:\\\/\\\/monatglobal.com\\\/at\\\/culture\\\/#listItem\",\"position\":2,\"name\":\"MONAT-Kultur\",\"previousItem\":{\"@type\":\"ListItem\",\"@id\":\"https:\\\/\\\/monatglobal.com\\\/at#listItem\",\"name\":\"Home\"}}]},{\"@type\":\"Organization\",\"@id\":\"https:\\\/\\\/monatglobal.com\\\/at\\\/#organization\",\"name\":\"MONAT Austria\",\"description\":\"We Are Modern Nature\\u00ae\",\"url\":\"https:\\\/\\\/monatglobal.com\\\/at\\\/\"},{\"@type\":\"WebPage\",\"@id\":\"https:\\\/\\\/monatglobal.com\\\/at\\\/culture\\\/#webpage\",\"url\":\"https:\\\/\\\/monatglobal.com\\\/at\\\/culture\\\/\",\"name\":\"MONAT-Kultur\",\"description\":\"Entdecken Sie die einzigartige Kultur von MONAT. Erfahren Sie mehr \\u00fcber unsere Werte, unsere Mission der positiven Wirkung und die starke Gemeinschaft, die uns auszeichnet. Werden Sie Teil unserer Familie.\",\"inLanguage\":\"de-DE\",\"isPartOf\":{\"@id\":\"https:\\\/\\\/monatglobal.com\\\/at\\\/#website\"},\"breadcrumb\":{\"@id\":\"https:\\\/\\\/monatglobal.com\\\/at\\\/culture\\\/#breadcrumblist\"},\"image\":{\"@type\":\"ImageObject\",\"url\":\"https:\\\/\\\/monatglobal.com\\\/at\\\/wp-content\\\/uploads\\\/sites\\\/27\\\/2025\\\/08\\\/Culture-FT-IMG-2026-min.jpg\",\"@id\":\"https:\\\/\\\/monatglobal.com\\\/at\\\/culture\\\/#mainImage\",\"width\":1200,\"height\":628},\"primaryImageOfPage\":{\"@id\":\"https:\\\/\\\/monatglobal.com\\\/at\\\/culture\\\/#mainImage\"},\"datePublished\":\"2025-01-08T15:47:26+00:00\",\"dateModified\":\"2025-08-22T20:19:06+01:00\"},{\"@type\":\"WebSite\",\"@id\":\"https:\\\/\\\/monatglobal.com\\\/at\\\/#website\",\"url\":\"https:\\\/\\\/monatglobal.com\\\/at\\\/\",\"name\":\"MONAT Austria\",\"description\":\"We Are Modern Nature\\u00ae\",\"inLanguage\":\"de-DE\",\"publisher\":{\"@id\":\"https:\\\/\\\/monatglobal.com\\\/at\\\/#organization\"}}]}\n\t\t<\/script>\n\t\t<!-- All in One SEO Pro -->\r\n\t\t<title>MONAT-Kultur<\/title>\n\n","aioseo_head_json":{"title":"MONAT-Kultur","description":"Entdecken Sie die einzigartige Kultur von MONAT. Erfahren Sie mehr \u00fcber unsere Werte, unsere Mission der positiven Wirkung und die starke Gemeinschaft, die uns auszeichnet. Werden Sie Teil unserer Familie.","canonical_url":"https:\/\/monatglobal.com\/at\/culture\/","robots":"noindex, nofollow, max-image-preview:large","keywords":"","webmasterTools":{"miscellaneous":""},"schema":{"@context":"https:\/\/schema.org","@graph":[{"@type":"BreadcrumbList","@id":"https:\/\/monatglobal.com\/at\/culture\/#breadcrumblist","itemListElement":[{"@type":"ListItem","@id":"https:\/\/monatglobal.com\/at#listItem","position":1,"name":"Home","item":"https:\/\/monatglobal.com\/at","nextItem":{"@type":"ListItem","@id":"https:\/\/monatglobal.com\/at\/culture\/#listItem","name":"MONAT-Kultur"}},{"@type":"ListItem","@id":"https:\/\/monatglobal.com\/at\/culture\/#listItem","position":2,"name":"MONAT-Kultur","previousItem":{"@type":"ListItem","@id":"https:\/\/monatglobal.com\/at#listItem","name":"Home"}}]},{"@type":"Organization","@id":"https:\/\/monatglobal.com\/at\/#organization","name":"MONAT Austria","description":"We Are Modern Nature\u00ae","url":"https:\/\/monatglobal.com\/at\/"},{"@type":"WebPage","@id":"https:\/\/monatglobal.com\/at\/culture\/#webpage","url":"https:\/\/monatglobal.com\/at\/culture\/","name":"MONAT-Kultur","description":"Entdecken Sie die einzigartige Kultur von MONAT. Erfahren Sie mehr \u00fcber unsere Werte, unsere Mission der positiven Wirkung und die starke Gemeinschaft, die uns auszeichnet. Werden Sie Teil unserer Familie.","inLanguage":"de-DE","isPartOf":{"@id":"https:\/\/monatglobal.com\/at\/#website"},"breadcrumb":{"@id":"https:\/\/monatglobal.com\/at\/culture\/#breadcrumblist"},"image":{"@type":"ImageObject","url":"https:\/\/monatglobal.com\/at\/wp-content\/uploads\/sites\/27\/2025\/08\/Culture-FT-IMG-2026-min.jpg","@id":"https:\/\/monatglobal.com\/at\/culture\/#mainImage","width":1200,"height":628},"primaryImageOfPage":{"@id":"https:\/\/monatglobal.com\/at\/culture\/#mainImage"},"datePublished":"2025-01-08T15:47:26+00:00","dateModified":"2025-08-22T20:19:06+01:00"},{"@type":"WebSite","@id":"https:\/\/monatglobal.com\/at\/#website","url":"https:\/\/monatglobal.com\/at\/","name":"MONAT Austria","description":"We Are Modern Nature\u00ae","inLanguage":"de-DE","publisher":{"@id":"https:\/\/monatglobal.com\/at\/#organization"}}]},"og:locale":"de_DE","og:site_name":"MONAT Austria - We Are Modern Nature\u00ae","og:type":"article","og:title":"MONAT-Kultur","og:description":"Entdecken Sie die einzigartige Kultur von MONAT. Erfahren Sie mehr \u00fcber unsere Werte, unsere Mission der positiven Wirkung und die starke Gemeinschaft, die uns auszeichnet. Werden Sie Teil unserer Familie.","og:url":"https:\/\/monatglobal.com\/at\/culture\/","article:published_time":"2025-01-08T15:47:26+00:00","article:modified_time":"2025-08-22T19:19:06+00:00","twitter:card":"summary_large_image","twitter:title":"MONAT-Kultur","twitter:description":"Entdecken Sie die einzigartige Kultur von MONAT. Erfahren Sie mehr \u00fcber unsere Werte, unsere Mission der positiven Wirkung und die starke Gemeinschaft, die uns auszeichnet. Werden Sie Teil unserer Familie."},"aioseo_meta_data":{"post_id":"289","title":"MONAT-Kultur","description":"Entdecken Sie die einzigartige Kultur von MONAT. Erfahren Sie mehr \u00fcber unsere Werte, unsere Mission der positiven Wirkung und die starke Gemeinschaft, die uns auszeichnet. Werden Sie Teil unserer Familie.","keywords":null,"keyphrases":{"focus":{"keyphrase":"","score":0,"analysis":{"keyphraseInTitle":{"score":0,"maxScore":9,"error":1}}},"additional":[]},"primary_term":null,"canonical_url":null,"og_title":null,"og_description":null,"og_object_type":"default","og_image_type":"default","og_image_url":null,"og_image_width":null,"og_image_height":null,"og_image_custom_url":null,"og_image_custom_fields":null,"og_video":"","og_custom_url":null,"og_article_section":null,"og_article_tags":null,"twitter_use_og":false,"twitter_card":"default","twitter_image_type":"default","twitter_image_url":null,"twitter_image_custom_url":null,"twitter_image_custom_fields":null,"twitter_title":null,"twitter_description":null,"schema":{"blockGraphs":[],"customGraphs":[],"default":{"data":{"Article":[],"Course":[],"Dataset":[],"FAQPage":[],"Movie":[],"Person":[],"Product":[],"ProductReview":[],"Car":[],"Recipe":[],"Service":[],"SoftwareApplication":[],"WebPage":[]},"graphName":"WebPage","isEnabled":true},"graphs":[]},"schema_type":"default","schema_type_options":null,"pillar_content":false,"robots_default":true,"robots_noindex":false,"robots_noarchive":false,"robots_nosnippet":false,"robots_nofollow":false,"robots_noimageindex":false,"robots_noodp":false,"robots_notranslate":false,"robots_max_snippet":"-1","robots_max_videopreview":"-1","robots_max_imagepreview":"large","priority":null,"frequency":"default","local_seo":null,"seo_analyzer_scan_date":null,"breadcrumb_settings":null,"limit_modified_date":false,"reviewed_by":"0","open_ai":null,"ai":{"faqs":[],"keyPoints":[],"titles":[],"descriptions":[],"socialPosts":{"email":[],"linkedin":[],"twitter":[],"facebook":[],"instagram":[]}},"created":"2025-07-30 02:28:36","updated":"2026-02-10 05:13:55"},"aioseo_breadcrumb":"<div class=\"aioseo-breadcrumbs\"><span class=\"aioseo-breadcrumb\">\n\t<a href=\"https:\/\/monatglobal.com\/at\" title=\"Home\">Home<\/a>\n<\/span><span class=\"aioseo-breadcrumb-separator\">&raquo;<\/span><span class=\"aioseo-breadcrumb\">\n\tMONAT-Kultur\n<\/span><\/div>","aioseo_breadcrumb_json":[{"label":"Home","link":"https:\/\/monatglobal.com\/at"},{"label":"MONAT-Kultur","link":"https:\/\/monatglobal.com\/at\/culture\/"}],"_links":{"self":[{"href":"https:\/\/monatglobal.com\/at\/wp-json\/wp\/v2\/pages\/289","targetHints":{"allow":["GET"]}}],"collection":[{"href":"https:\/\/monatglobal.com\/at\/wp-json\/wp\/v2\/pages"}],"about":[{"href":"https:\/\/monatglobal.com\/at\/wp-json\/wp\/v2\/types\/page"}],"author":[{"embeddable":true,"href":"https:\/\/monatglobal.com\/at\/wp-json\/wp\/v2\/users\/31"}],"replies":[{"embeddable":true,"href":"https:\/\/monatglobal.com\/at\/wp-json\/wp\/v2\/comments?post=289"}],"version-history":[{"count":2,"href":"https:\/\/monatglobal.com\/at\/wp-json\/wp\/v2\/pages\/289\/revisions"}],"predecessor-version":[{"id":108523,"href":"https:\/\/monatglobal.com\/at\/wp-json\/wp\/v2\/pages\/289\/revisions\/108523"}],"wp:featuredmedia":[{"embeddable":true,"href":"https:\/\/monatglobal.com\/at\/wp-json\/wp\/v2\/media\/108502"}],"wp:attachment":[{"href":"https:\/\/monatglobal.com\/at\/wp-json\/wp\/v2\/media?parent=289"}],"wp:term":[{"taxonomy":"category","embeddable":true,"href":"https:\/\/monatglobal.com\/at\/wp-json\/wp\/v2\/categories?post=289"},{"taxonomy":"post_tag","embeddable":true,"href":"https:\/\/monatglobal.com\/at\/wp-json\/wp\/v2\/tags?post=289"}],"curies":[{"name":"wp","href":"https:\/\/api.w.org\/{rel}","templated":true}]}}