{"id":284,"date":"2025-01-08T14:45:23","date_gmt":"2025-01-08T14:45:23","guid":{"rendered":"https:\/\/monatglobal.com\/de\/?page_id=284"},"modified":"2025-10-01T11:59:27","modified_gmt":"2025-10-01T10:59:27","slug":"history","status":"publish","type":"page","link":"https:\/\/monatglobal.com\/at\/history\/","title":{"rendered":"Die Geschichte von MONAT"},"content":{"rendered":"\n\n\t<link rel='stylesheet' href='https:\/\/unpkg.com\/swiper\/swiper-bundle.min.css'\/>\n<section id=\"bannerSec\">\n        <p>Alles begann mit<\/p>\n        <p>einer Vision&#8230;<\/p>\n<\/section> \n<section id=\"dateSec\"> \n            <h1>Die Geschichte von MONAT<\/h1>\n            <h3>Die MONAT-BEWEGUNG begann mit einer Familie und einem gro\u00dfen Traum &#8211; die Welt f\u00fcr jeden Einzelnen zu einem besseren Ort zu machen und dabei Premium-Produkte sowie eine lohnende M\u00f6glichkeit anzubieten.<\/h3>\n            <img decoding=\"async\" alt=\"Blonde female spraying hairspray onto a brunette female's curly hair.\" src=\"https:\/\/monatglobal.com\/wp-content\/uploads\/2022\/10\/our-story-MONAT-LAUNCH-2014.jpg\" loading=\"lazy\"\/> \n                    <h2>Die Urdanetas gr\u00fcndeten MONAT im Oktober 2014.<\/h2>\n                    <p>In nur wenigen Jahren inspirierten sie dank des Engagements der MONAT Market Partners, der begeisterten Unterst\u00fctzung der VIP-Kunden und der talentierten Mitarbeiter im Hauptsitz eine Revolution.<\/p>\n<\/section> \n<section id=\"encompassesSec\"> \n    <p>Die MONAT-BEWEGUNG umfasst nicht nur innovative <em>Haarpflege-, Hautpflege-<\/em> und <em>Wellnessprodukte<\/em>, sondern auch ein echtes Engagement, anderen zu helfen, ein erf\u00fclltes und sch\u00f6nes Leben zu gestalten.<\/p>\n        <img decoding=\"async\" id=\"oilImg\" alt=\"Oil texture\" src=\"https:\/\/monatglobal.com\/wp-content\/uploads\/2022\/10\/oil-texture_history.png\" loading=\"lazy\"\/>\n        <img decoding=\"async\" id=\"cremeImg\" alt=\"Texture shot of Sun Veil\u2122.\" src=\"https:\/\/monatglobal.com\/wp-content\/uploads\/2022\/10\/creme-texture_history.png\" loading=\"lazy\"\/>    \n                <p>Die MONAT-BEWEGUNG umfasst nicht nur innovative <em>Haarpflege-, Hautpflege-<\/em> und <em>Wellnessprodukte<\/em>, sondern auch ein echtes Engagement, anderen zu helfen, ein erf\u00fclltes und sch\u00f6nes Leben zu gestalten.<\/p>\n                <img decoding=\"async\" alt=\"A brunette woman applying MONAT Makeup on one of her cheekbones.\" src=\"https:\/\/monatglobal.com\/uk\/wp-content\/uploads\/sites\/6\/2025\/01\/makeup-our-story.jpg\" loading=\"lazy\"\/>\n                <p>MONAT bietet einen gro\u00dfz\u00fcgigen Verg\u00fctungsplan, ein au\u00dfergew\u00f6hnlich unterst\u00fctzendes System und f\u00fcrsorgliche, engagierte F\u00fchrungskr\u00e4fte, die dich wie ein Familienmitglied behandeln.<\/p>\n                <img decoding=\"async\" alt=\"Brunette female touching her hair while standing outside.\" src=\"https:\/\/monatglobal.com\/wp-content\/uploads\/2022\/10\/haircare-our-story.jpg\" loading=\"lazy\"\/>\n                <img decoding=\"async\" alt=\"Brunette female standing near a pink wall with the shadows of palm trees, while kissing Sun Veil\u2122.\" src=\"https:\/\/monatglobal.com\/wp-content\/uploads\/2022\/10\/skincare-our-story.jpg\" loading=\"lazy\"\/>\n<\/section> \n<section id=\"videoSec\">\n<\/section> \n<section id=\"readySec\"> \n        <h2>Bist du bereit, Teil dieser einzigartigen<br \/> Gemeinschaft zu werden?<\/h2>\n                <p>Es war nie ein besserer Zeitpunkt als jetzt, um der MONAT-FAMILIE beizutreten!<\/p>\n                <a href=\"https:\/\/corp.mymonat.com\/pyr_core\/v2_enrollments\/select_market?sponsor_id=&#038;enroll_params=profile_form_type%3Dexpress&#038;market=at&#038;lang_code=de\">Jetzt beitreten<\/a>\n            <img decoding=\"async\" alt=\"Female sitting inside a shopping cart with MONAT boxes, while another female pushes the cart.\" src=\"https:\/\/monatglobal.com\/wp-content\/uploads\/2022\/10\/monat-family-our-story.jpg\" loading=\"lazy\"\/>\n        <a href=\"https:\/\/corp.mymonat.com\/pyr_core\/v2_enrollments\/select_market?sponsor_id=&#038;enroll_params=profile_form_type%3Dexpress&#038;market=at&#038;lang_code=de\">Jetzt beitreten<\/a>\n<\/section> \n\n","protected":false},"excerpt":{"rendered":"<p>Alles begann mit einer Vision&#8230; Die Geschichte von MONAT Die MONAT-BEWEGUNG begann mit einer Familie und einem gro\u00dfen Traum &#8211; die Welt f\u00fcr jeden Einzelnen zu einem besseren Ort zu machen und dabei Premium-Produkte sowie eine lohnende M\u00f6glichkeit anzubieten. Die Urdanetas gr\u00fcndeten MONAT im Oktober 2014. In nur wenigen Jahren inspirierten sie dank des Engagements&hellip;<\/p>\n","protected":false},"author":31,"featured_media":108498,"parent":0,"menu_order":0,"comment_status":"closed","ping_status":"closed","template":"","meta":{"inline_featured_image":false,"footnotes":""},"categories":[],"tags":[],"class_list":["post-284","page","type-page","status-publish","has-post-thumbnail","hentry"],"aioseo_notices":[],"aioseo_head":"\n\t\t<!-- All in One SEO Pro 4.9.5.2 - aioseo.com -->\n\t<meta name=\"description\" content=\"Die MONAT-BEWEGUNG begann mit einer Familie und einem gro\u00dfen Traum \u2013 die Welt f\u00fcr jeden Einzelnen zu einem besseren Ort zu machen und dabei Premium-Produkte sowie eine lohnende M\u00f6glichkeit anzubieten.\" \/>\n\t<meta name=\"robots\" content=\"noindex, nofollow, max-image-preview:large\" \/>\n\t<link rel=\"canonical\" href=\"https:\/\/monatglobal.com\/at\/history\/\" \/>\n\t<meta name=\"generator\" content=\"All in One SEO Pro (AIOSEO) 4.9.5.2\" \/>\n\t\t<meta property=\"og:locale\" content=\"de_DE\" \/>\n\t\t<meta property=\"og:site_name\" content=\"MONAT Austria - We Are Modern Nature\u00ae\" \/>\n\t\t<meta property=\"og:type\" content=\"article\" \/>\n\t\t<meta property=\"og:title\" content=\"Die Geschichte von MONAT\" \/>\n\t\t<meta property=\"og:description\" content=\"Die MONAT-BEWEGUNG begann mit einer Familie und einem gro\u00dfen Traum \u2013 die Welt f\u00fcr jeden Einzelnen zu einem besseren Ort zu machen und dabei Premium-Produkte sowie eine lohnende M\u00f6glichkeit anzubieten.\" \/>\n\t\t<meta property=\"og:url\" content=\"https:\/\/monatglobal.com\/at\/history\/\" \/>\n\t\t<meta property=\"article:published_time\" content=\"2025-01-08T14:45:23+00:00\" \/>\n\t\t<meta property=\"article:modified_time\" content=\"2025-10-01T10:59:27+00:00\" \/>\n\t\t<meta name=\"twitter:card\" content=\"summary_large_image\" \/>\n\t\t<meta name=\"twitter:title\" content=\"Die Geschichte von MONAT\" \/>\n\t\t<meta name=\"twitter:description\" content=\"Die MONAT-BEWEGUNG begann mit einer Familie und einem gro\u00dfen Traum \u2013 die Welt f\u00fcr jeden Einzelnen zu einem besseren Ort zu machen und dabei Premium-Produkte sowie eine lohnende M\u00f6glichkeit anzubieten.\" \/>\n\t\t<script type=\"application\/ld+json\" class=\"aioseo-schema\">\n\t\t\t{\"@context\":\"https:\\\/\\\/schema.org\",\"@graph\":[{\"@type\":\"BreadcrumbList\",\"@id\":\"https:\\\/\\\/monatglobal.com\\\/at\\\/history\\\/#breadcrumblist\",\"itemListElement\":[{\"@type\":\"ListItem\",\"@id\":\"https:\\\/\\\/monatglobal.com\\\/at#listItem\",\"position\":1,\"name\":\"Home\",\"item\":\"https:\\\/\\\/monatglobal.com\\\/at\",\"nextItem\":{\"@type\":\"ListItem\",\"@id\":\"https:\\\/\\\/monatglobal.com\\\/at\\\/history\\\/#listItem\",\"name\":\"Die Geschichte von MONAT\"}},{\"@type\":\"ListItem\",\"@id\":\"https:\\\/\\\/monatglobal.com\\\/at\\\/history\\\/#listItem\",\"position\":2,\"name\":\"Die Geschichte von MONAT\",\"previousItem\":{\"@type\":\"ListItem\",\"@id\":\"https:\\\/\\\/monatglobal.com\\\/at#listItem\",\"name\":\"Home\"}}]},{\"@type\":\"Organization\",\"@id\":\"https:\\\/\\\/monatglobal.com\\\/at\\\/#organization\",\"name\":\"MONAT Austria\",\"description\":\"We Are Modern Nature\\u00ae\",\"url\":\"https:\\\/\\\/monatglobal.com\\\/at\\\/\"},{\"@type\":\"WebPage\",\"@id\":\"https:\\\/\\\/monatglobal.com\\\/at\\\/history\\\/#webpage\",\"url\":\"https:\\\/\\\/monatglobal.com\\\/at\\\/history\\\/\",\"name\":\"Die Geschichte von MONAT\",\"description\":\"Die MONAT-BEWEGUNG begann mit einer Familie und einem gro\\u00dfen Traum \\u2013 die Welt f\\u00fcr jeden Einzelnen zu einem besseren Ort zu machen und dabei Premium-Produkte sowie eine lohnende M\\u00f6glichkeit anzubieten.\",\"inLanguage\":\"de-DE\",\"isPartOf\":{\"@id\":\"https:\\\/\\\/monatglobal.com\\\/at\\\/#website\"},\"breadcrumb\":{\"@id\":\"https:\\\/\\\/monatglobal.com\\\/at\\\/history\\\/#breadcrumblist\"},\"image\":{\"@type\":\"ImageObject\",\"url\":\"https:\\\/\\\/monatglobal.com\\\/at\\\/wp-content\\\/uploads\\\/sites\\\/27\\\/2025\\\/08\\\/monat-history-de.jpg\",\"@id\":\"https:\\\/\\\/monatglobal.com\\\/at\\\/history\\\/#mainImage\",\"width\":1200,\"height\":628},\"primaryImageOfPage\":{\"@id\":\"https:\\\/\\\/monatglobal.com\\\/at\\\/history\\\/#mainImage\"},\"datePublished\":\"2025-01-08T14:45:23+00:00\",\"dateModified\":\"2025-10-01T11:59:27+01:00\"},{\"@type\":\"WebSite\",\"@id\":\"https:\\\/\\\/monatglobal.com\\\/at\\\/#website\",\"url\":\"https:\\\/\\\/monatglobal.com\\\/at\\\/\",\"name\":\"MONAT Austria\",\"description\":\"We Are Modern Nature\\u00ae\",\"inLanguage\":\"de-DE\",\"publisher\":{\"@id\":\"https:\\\/\\\/monatglobal.com\\\/at\\\/#organization\"}}]}\n\t\t<\/script>\n\t\t<!-- All in One SEO Pro -->\r\n\t\t<title>Die Geschichte von MONAT<\/title>\n\n","aioseo_head_json":{"title":"Die Geschichte von MONAT","description":"Die MONAT-BEWEGUNG begann mit einer Familie und einem gro\u00dfen Traum \u2013 die Welt f\u00fcr jeden Einzelnen zu einem besseren Ort zu machen und dabei Premium-Produkte sowie eine lohnende M\u00f6glichkeit anzubieten.","canonical_url":"https:\/\/monatglobal.com\/at\/history\/","robots":"noindex, nofollow, max-image-preview:large","keywords":"","webmasterTools":{"miscellaneous":""},"schema":{"@context":"https:\/\/schema.org","@graph":[{"@type":"BreadcrumbList","@id":"https:\/\/monatglobal.com\/at\/history\/#breadcrumblist","itemListElement":[{"@type":"ListItem","@id":"https:\/\/monatglobal.com\/at#listItem","position":1,"name":"Home","item":"https:\/\/monatglobal.com\/at","nextItem":{"@type":"ListItem","@id":"https:\/\/monatglobal.com\/at\/history\/#listItem","name":"Die Geschichte von MONAT"}},{"@type":"ListItem","@id":"https:\/\/monatglobal.com\/at\/history\/#listItem","position":2,"name":"Die Geschichte von MONAT","previousItem":{"@type":"ListItem","@id":"https:\/\/monatglobal.com\/at#listItem","name":"Home"}}]},{"@type":"Organization","@id":"https:\/\/monatglobal.com\/at\/#organization","name":"MONAT Austria","description":"We Are Modern Nature\u00ae","url":"https:\/\/monatglobal.com\/at\/"},{"@type":"WebPage","@id":"https:\/\/monatglobal.com\/at\/history\/#webpage","url":"https:\/\/monatglobal.com\/at\/history\/","name":"Die Geschichte von MONAT","description":"Die MONAT-BEWEGUNG begann mit einer Familie und einem gro\u00dfen Traum \u2013 die Welt f\u00fcr jeden Einzelnen zu einem besseren Ort zu machen und dabei Premium-Produkte sowie eine lohnende M\u00f6glichkeit anzubieten.","inLanguage":"de-DE","isPartOf":{"@id":"https:\/\/monatglobal.com\/at\/#website"},"breadcrumb":{"@id":"https:\/\/monatglobal.com\/at\/history\/#breadcrumblist"},"image":{"@type":"ImageObject","url":"https:\/\/monatglobal.com\/at\/wp-content\/uploads\/sites\/27\/2025\/08\/monat-history-de.jpg","@id":"https:\/\/monatglobal.com\/at\/history\/#mainImage","width":1200,"height":628},"primaryImageOfPage":{"@id":"https:\/\/monatglobal.com\/at\/history\/#mainImage"},"datePublished":"2025-01-08T14:45:23+00:00","dateModified":"2025-10-01T11:59:27+01:00"},{"@type":"WebSite","@id":"https:\/\/monatglobal.com\/at\/#website","url":"https:\/\/monatglobal.com\/at\/","name":"MONAT Austria","description":"We Are Modern Nature\u00ae","inLanguage":"de-DE","publisher":{"@id":"https:\/\/monatglobal.com\/at\/#organization"}}]},"og:locale":"de_DE","og:site_name":"MONAT Austria - We Are Modern Nature\u00ae","og:type":"article","og:title":"Die Geschichte von MONAT","og:description":"Die MONAT-BEWEGUNG begann mit einer Familie und einem gro\u00dfen Traum \u2013 die Welt f\u00fcr jeden Einzelnen zu einem besseren Ort zu machen und dabei Premium-Produkte sowie eine lohnende M\u00f6glichkeit anzubieten.","og:url":"https:\/\/monatglobal.com\/at\/history\/","article:published_time":"2025-01-08T14:45:23+00:00","article:modified_time":"2025-10-01T10:59:27+00:00","twitter:card":"summary_large_image","twitter:title":"Die Geschichte von MONAT","twitter:description":"Die MONAT-BEWEGUNG begann mit einer Familie und einem gro\u00dfen Traum \u2013 die Welt f\u00fcr jeden Einzelnen zu einem besseren Ort zu machen und dabei Premium-Produkte sowie eine lohnende M\u00f6glichkeit anzubieten."},"aioseo_meta_data":{"post_id":"284","title":"Die Geschichte von MONAT","description":"Die MONAT-BEWEGUNG begann mit einer Familie und einem gro\u00dfen Traum \u2013 die Welt f\u00fcr jeden Einzelnen zu einem besseren Ort zu machen und dabei Premium-Produkte sowie eine lohnende M\u00f6glichkeit anzubieten.","keywords":null,"keyphrases":{"focus":{"keyphrase":"","score":0,"analysis":{"keyphraseInTitle":{"score":0,"maxScore":9,"error":1}}},"additional":[]},"primary_term":null,"canonical_url":null,"og_title":null,"og_description":null,"og_object_type":"default","og_image_type":"default","og_image_url":null,"og_image_width":null,"og_image_height":null,"og_image_custom_url":null,"og_image_custom_fields":null,"og_video":"","og_custom_url":null,"og_article_section":null,"og_article_tags":null,"twitter_use_og":false,"twitter_card":"default","twitter_image_type":"default","twitter_image_url":null,"twitter_image_custom_url":null,"twitter_image_custom_fields":null,"twitter_title":null,"twitter_description":null,"schema":{"blockGraphs":[],"customGraphs":[],"default":{"data":{"Article":[],"Course":[],"Dataset":[],"FAQPage":[],"Movie":[],"Person":[],"Product":[],"ProductReview":[],"Car":[],"Recipe":[],"Service":[],"SoftwareApplication":[],"WebPage":[]},"graphName":"WebPage","isEnabled":true},"graphs":[]},"schema_type":"default","schema_type_options":null,"pillar_content":false,"robots_default":true,"robots_noindex":false,"robots_noarchive":false,"robots_nosnippet":false,"robots_nofollow":false,"robots_noimageindex":false,"robots_noodp":false,"robots_notranslate":false,"robots_max_snippet":"-1","robots_max_videopreview":"-1","robots_max_imagepreview":"large","priority":null,"frequency":"default","local_seo":null,"seo_analyzer_scan_date":null,"breadcrumb_settings":null,"limit_modified_date":false,"reviewed_by":"0","open_ai":null,"ai":{"faqs":[],"keyPoints":[],"titles":[],"descriptions":[],"socialPosts":{"email":[],"linkedin":[],"twitter":[],"facebook":[],"instagram":[]}},"created":"2025-07-30 02:28:35","updated":"2026-02-11 16:35:54"},"aioseo_breadcrumb":"<div class=\"aioseo-breadcrumbs\"><span class=\"aioseo-breadcrumb\">\n\t<a href=\"https:\/\/monatglobal.com\/at\" title=\"Home\">Home<\/a>\n<\/span><span class=\"aioseo-breadcrumb-separator\">&raquo;<\/span><span class=\"aioseo-breadcrumb\">\n\tDie Geschichte von MONAT\n<\/span><\/div>","aioseo_breadcrumb_json":[{"label":"Home","link":"https:\/\/monatglobal.com\/at"},{"label":"Die Geschichte von MONAT","link":"https:\/\/monatglobal.com\/at\/history\/"}],"_links":{"self":[{"href":"https:\/\/monatglobal.com\/at\/wp-json\/wp\/v2\/pages\/284","targetHints":{"allow":["GET"]}}],"collection":[{"href":"https:\/\/monatglobal.com\/at\/wp-json\/wp\/v2\/pages"}],"about":[{"href":"https:\/\/monatglobal.com\/at\/wp-json\/wp\/v2\/types\/page"}],"author":[{"embeddable":true,"href":"https:\/\/monatglobal.com\/at\/wp-json\/wp\/v2\/users\/31"}],"replies":[{"embeddable":true,"href":"https:\/\/monatglobal.com\/at\/wp-json\/wp\/v2\/comments?post=284"}],"version-history":[{"count":6,"href":"https:\/\/monatglobal.com\/at\/wp-json\/wp\/v2\/pages\/284\/revisions"}],"predecessor-version":[{"id":108654,"href":"https:\/\/monatglobal.com\/at\/wp-json\/wp\/v2\/pages\/284\/revisions\/108654"}],"wp:featuredmedia":[{"embeddable":true,"href":"https:\/\/monatglobal.com\/at\/wp-json\/wp\/v2\/media\/108498"}],"wp:attachment":[{"href":"https:\/\/monatglobal.com\/at\/wp-json\/wp\/v2\/media?parent=284"}],"wp:term":[{"taxonomy":"category","embeddable":true,"href":"https:\/\/monatglobal.com\/at\/wp-json\/wp\/v2\/categories?post=284"},{"taxonomy":"post_tag","embeddable":true,"href":"https:\/\/monatglobal.com\/at\/wp-json\/wp\/v2\/tags?post=284"}],"curies":[{"name":"wp","href":"https:\/\/api.w.org\/{rel}","templated":true}]}}