{"id":109216,"date":"2026-02-05T17:16:47","date_gmt":"2026-02-05T17:16:47","guid":{"rendered":"https:\/\/monatglobal.com\/at\/?page_id=109216"},"modified":"2026-02-13T13:20:08","modified_gmt":"2026-02-13T13:20:08","slug":"rejuvabeads","status":"publish","type":"page","link":"https:\/\/monatglobal.com\/at\/rejuvabeads\/","title":{"rendered":"REJUVABEADS\u2122 | MONAT Haarprodukte | Behandlung gegen Spliss"},"content":{"rendered":"\n\n\t<link rel=\"stylesheet\" href=\"https:\/\/unpkg.com\/swiper\/swiper-bundle.min.css\" \/>\n<link rel=\"stylesheet\" href=\"https:\/\/monatglobal.com\/wp-content\/creative_css\/product_styles_sheet.css\" \/>\n   <!--==================================================== ECOMM SECTION ====================================================-->\n   <p>BESTSELLER<\/p>\n      <!--==================================================== Ecomm image ====================================================-->\n      <img decoding=\"async\" src=\"https:\/\/monatglobal.com\/es\/wp-content\/uploads\/sites\/10\/2021\/10\/Rejevabeads-ecomm.png\" alt=\"Rejuvabeads\u00ae\" loading=\"lazy\"\/>\n      <!--==================================================== Ecomm information  ====================================================-->\n         \n         <p>BESTSELLER<\/p>\n         <h1>REJUVABEADS<sup>\u2122 <\/sup><\/h1> \n         <p>Angereichert mit REJUVENIQE<sup>\u00ae<\/sup><\/p>\n         <p>Eine innovative Leave-in-Pflege, die Spliss gezielt bek\u00e4mpft und tempor\u00e4r versiegelt.<\/p>\n         <p>70 ml \u212e \/ 2,4 fl. oz.<\/p>\n       <!--==================================================== pricing box  ====================================================-->\n      <p>Einzelhandelspreis<br \/>$00.00 \u20ac<\/p>\n      <p>Preis f\u00fcr VIP-Kunden<br \/>$00.00 \u20ac<\/p>\n        <!--==================================================== pricing box  ====================================================-->\n         <p>Um mehr \u00fcber REJUVABEADS<sup>\u2122 <\/sup> zu erfahren, wende Dich bitte an Deinen MONAT Markenpartner. <\/p>\n            <a href=\"\" target=\"_blank\" role=\"button\" aria-label=\"\" rel=\"noopener\"><\/a>\n   <!--==================================================== \/ECOMM SECTION  ====================================================-->\n   <!--==================================================== Benefits image ====================================================-->\n   \n      <source media=\"(max-width: 700px)\" srcset=\"https:\/\/monatglobal.com\/nz\/wp-content\/uploads\/sites\/15\/2022\/10\/Rejuvabeads-benefits_mobile.jpg\" loading=\"lazy\"\/>\n      <img decoding=\"async\" src=\"https:\/\/monatglobal.com\/nz\/wp-content\/uploads\/sites\/15\/2022\/10\/Rejuvabeads-benefits.jpg\" \n      alt=\"A blonde female smiling while holding REJUVABEADS\u00ae by MONAT\" loading=\"lazy\"\/>\n   \n   <!--==================================================== Benefits text ====================================================-->\n         <h2>VORTEILE<\/h2>\n         <h3>Dieses reparierende und versiegelnde Serum reduziert Spliss um 47 % f\u00fcr bis zu 24 Stunden. <\/h3>\n         <p>Verleiht strapazierten Spitzen Geschmeidigkeit und Weichheit f\u00fcr ges\u00fcnder aussehendes Haar.<\/p>\n         <!--==================================================== features image  ====================================================-->\n         <img decoding=\"async\" alt=\"REJUVABEADS\u00ae by MONAT laying on a flat surface, along with ingredients such as lemon slices, lime slices, seeds, carrots and tomatoes\" src=\"https:\/\/monatglobal.com\/nz\/wp-content\/uploads\/sites\/15\/2022\/10\/Rejuvabeads-features.jpg\" loading=\"lazy\"\/>\n      <!--==================================================== features text ====================================================-->\n            <h3>Eigenschaften<\/h3>\n               <p>\/ Leichtes Leave-In-Serum f\u00fcr gepflegtes Haar mit weniger Spliss.<\/p>\n               <p>\/\tBond-Sealing-Technologie f\u00fcr sofort versiegelte Spitzen.<\/p>\n               <br \/>\n            <p>DUFT: \/ Verf\u00fchrerische Noten s\u00fc\u00dfer Fr\u00fcchte wie Pfirsich, Mango, Orange und Granatapfel, kombiniert mit Muskatellersalbei, Jasmin und cremiger Vanille.<\/p> \n            <p> TEXTUR \/ Leichtes Serum<\/p>\n   <!--==================================================== composition image mobile ====================================================-->\n   <img decoding=\"async\" alt=\"REJUVABEADS\u00ae by MONAT laying on a wooden tray sitting on a counter next to a mirror, plant, a wooden comb and wooden brush\" src=\"https:\/\/monatglobal.com\/nz\/wp-content\/uploads\/sites\/15\/2022\/10\/Rejuvabeads-composition-1.jpg\" loading=\"lazy\"\/>\n   <!--==================================================== Why it works text ====================================================-->\n      <h2>Erlebe sofort ges\u00fcnder aussehendes Haar mit weniger Spliss.<\/h2>\n      <h3>Dank einer exklusiven Mischung aus innovativer Haartechnologie mit REJUVENIQE<sup>\u00ae<\/sup> und Chia-Samen-Extrakt wird Spliss sofort versiegelt.\n <\/h3>\n<!--==================================================== Composition section ====================================================-->\n      <img decoding=\"async\" alt=\"Blonde female holding REJUVABEADS\u00ae by MONAT, overlaying a texture shot of REJUVABEADS\u00ae by MONAT\" src=\"https:\/\/monatglobal.com\/nz\/wp-content\/uploads\/sites\/15\/2022\/10\/Rejuvabeads-composition-1.jpg\" loading=\"lazy\"\/>\n      <img decoding=\"async\" alt=\"\" \n      src=\"https:\/\/monatglobal.com\/nz\/wp-content\/uploads\/sites\/15\/2022\/10\/Rejuvabeads-composition-3.jpg\" loading=\"lazy\"\/>\n            <!--==================================================== Directions text ====================================================--> \n               <h3>Anwendung<\/h3>\n                    <p>\/  Auf die mittleren L\u00e4ngen und Spitzen von sauberem, handtuchtrockenem Haar auftragen.  <\/p>\n                    <p>\/ Eine Minute einwirken lassen.  <\/p>\n                    <p>\/ Wie gewohnt stylen.<\/p>\n            <!--==================================================== Directions video ====================================================-->\n      <p>REJUVENIQE<sup>\u00ae<\/sup> <br \/>0:00<\/p>\n  <a href=\"\" target=\"_blank\" role=\"button\" aria-label=\"\" rel=\"noopener\"><\/a>\n   <!--==================================================== Ingredients section  ====================================================-->\n      <h2>WICHTIGE INHALTSSTOFFE<\/h2>\n                <img decoding=\"async\" src=\"https:\/\/monatglobal.com\/wp-content\/uploads\/2022\/11\/REJUVENIQE\u2122.svg\" alt=\"Rejuveniqe\"\/>\n               <p>REJUVENIQE<sup>\u00ae<\/sup><\/p>\n                 <img decoding=\"async\" src=\"https:\/\/monatglobal.com\/wp-content\/uploads\/2022\/11\/Chia-Seed-Extract.svg\" alt=\"Chia-Seed-Extract\"\/> \n               <p>Chia-Samen-Extrakt <\/p>\n        <button id=\"myBtn\" type=\"button\">ALLE INHALTSSTOFFE ANSEHEN<\/button>\n      <!--==================================================== Modal content  ====================================================-->\n         &times;\n         <p>Aqua\/Water\/Eau, Cetearyl Alcohol, Isoamyl Laurate, Behentrimonium Chloride, Glycerin, Limnanthes Alba (Meadowfoam) Seed Oil, Crambe Abyssinica Seed Oil, Camellia Oleifera Seed Oil, Solanum Lycopersicum (Tomato) Seed Oil, Daucus Carota Sativa (Carrot) Seed Oil, Citrus Limon (Lemon) Peel Oil, Citrus Aurantifolia (Lime) Oil, Citrus Aurantium Bergamia (Bergamot) Fruit Oil, Adansonia Digitata Oil, Mauritia Flexuosa Fruit Oil, Cocos Nucifera (Coconut) Oil, Gardenia Taitensis Flower Extract, Moringa Oleifera Seed Oil, Caryocar Brasiliense Fruit Oil, Helianthus Annuus (Sunflower) Seed Oil, Linum Usitatissimum (Linseed) Seed Extract, Salvia Hispanica Seed Extract, Tocopherol, Xanthan Gum, Carrageenan, Algin, Guar Hydroxypropyltrimonium Chloride, Chitosan, Caprylic\/Capric Triglyceride, Coco-Glucoside, Sorbitan Oleate, Fragrance\/Parfum,  Stearamidopropyl Dimethylamine, Benzyl Alcohol, Ethylhexylglycerin, Limonene.<\/p>\n   <!--==================================================== You might also like section ====================================================-->\n      <h2>DAS K\u00d6NNTE DIR AUCH GEFALLEN<\/h2>\n      <!--==================================================== Slider YOU MIGHT ALSO LIKE ====================================================-->\n      <!---->\n      <!--   -->\n            <!--==================================================== Slides products ====================================================-->\n      <!--      -->\n      <!--         <a href=\"\/hair-damage-repair-shampoo\/\" aria-label=\"Go to Damage Repair Bond Support Shampoo page\">-->\n      <!--            <img decoding=\"async\" src=\"https:\/\/monatglobal.com\/wp-content\/uploads\/2021\/09\/DR_Bond-Support-Shampoo.png\" alt=\"Damage Repair Bond Support Shampoo\" loading=\"lazy\"\/>-->\n      <!--            <p> Damage Repair Bond <br \/>Support Shampoo <\/p>-->\n      <!--         <\/a>-->\n      <!--      -->\n      <!--      -->\n      <!--         <a href=\"\/hair-damage-repair-masque\/\" aria-label=\"Go to Damage Repair Bond Support Masque page\">-->\n      <!--            <img decoding=\"async\" src=\"https:\/\/monatglobal.com\/wp-content\/uploads\/2021\/09\/DR_Bond-Support-Masque.png\" alt=\"Damage Repair Bond Support Masque\" loading=\"lazy\"\/>-->\n      <!--            <p>Damage Repair Bond <br \/>Support Masque<\/p>-->\n      <!--         <\/a>-->\n      <!--      -->\n      <!--   -->\n         <!--==================================================== If we need navigation buttons  ====================================================-->\n      <!--   -->\n      <!--   -->\n         <!--==================================================== If we need paginations  ====================================================-->\n      <!--   -->\n      <!---->\n             <!-- If we need navigation buttons -->\n             <!-- If we need paginations -->\n    <a href=\"\" aria-label=\"\"><\/a>\n<!--==================================================== this link has to go last for it to work   ====================================================-->\n\n","protected":false},"excerpt":{"rendered":"<p>BESTSELLER BESTSELLER REJUVABEADS\u2122 Angereichert mit REJUVENIQE\u00ae Eine innovative Leave-in-Pflege, die Spliss gezielt bek\u00e4mpft und tempor\u00e4r versiegelt. 70 ml \u212e \/ 2,4 fl. oz. Einzelhandelspreis$00.00 \u20ac Preis f\u00fcr VIP-Kunden$00.00 \u20ac Um mehr \u00fcber REJUVABEADS\u2122 zu erfahren, wende Dich bitte an Deinen MONAT Markenpartner. VORTEILE Dieses reparierende und versiegelnde Serum reduziert Spliss um 47 % f\u00fcr bis&hellip;<\/p>\n","protected":false},"author":31,"featured_media":109255,"parent":0,"menu_order":0,"comment_status":"closed","ping_status":"closed","template":"","meta":{"inline_featured_image":false,"footnotes":""},"categories":[21],"tags":[],"class_list":["post-109216","page","type-page","status-publish","has-post-thumbnail","hentry","category-product-at"],"aioseo_notices":[],"aioseo_head":"\n\t\t<!-- All in One SEO Pro 4.9.5.2 - aioseo.com -->\n\t<meta name=\"description\" content=\"Eine revolution\u00e4re Leave-in-Pflege, die Spliss sofort repariert und Frizz sowie Haarbruch reduziert. F\u00fcr Haar, das sich geschmeidig und gesund anf\u00fchlt.\" \/>\n\t<meta name=\"robots\" content=\"noindex, nofollow, max-image-preview:large\" \/>\n\t<link rel=\"canonical\" href=\"https:\/\/monatglobal.com\/at\/rejuvabeads\/\" \/>\n\t<meta name=\"generator\" content=\"All in One SEO Pro (AIOSEO) 4.9.5.2\" \/>\n\t\t<meta property=\"og:locale\" content=\"de_DE\" \/>\n\t\t<meta property=\"og:site_name\" content=\"MONAT Austria - We Are Modern Nature\u00ae\" \/>\n\t\t<meta property=\"og:type\" content=\"article\" \/>\n\t\t<meta property=\"og:title\" content=\"REJUVABEADS\u2122 | MONAT Haarprodukte | Behandlung gegen Spliss\" \/>\n\t\t<meta property=\"og:description\" content=\"Eine revolution\u00e4re Leave-in-Pflege, die Spliss sofort repariert und Frizz sowie Haarbruch reduziert. F\u00fcr Haar, das sich geschmeidig und gesund anf\u00fchlt.\" \/>\n\t\t<meta property=\"og:url\" content=\"https:\/\/monatglobal.com\/at\/rejuvabeads\/\" \/>\n\t\t<meta property=\"article:published_time\" content=\"2026-02-05T17:16:47+00:00\" \/>\n\t\t<meta property=\"article:modified_time\" content=\"2026-02-13T13:20:08+00:00\" \/>\n\t\t<meta name=\"twitter:card\" content=\"summary_large_image\" \/>\n\t\t<meta name=\"twitter:title\" content=\"REJUVABEADS\u2122 | MONAT Haarprodukte | Behandlung gegen Spliss\" \/>\n\t\t<meta name=\"twitter:description\" content=\"Eine revolution\u00e4re Leave-in-Pflege, die Spliss sofort repariert und Frizz sowie Haarbruch reduziert. F\u00fcr Haar, das sich geschmeidig und gesund anf\u00fchlt.\" \/>\n\t\t<script type=\"application\/ld+json\" class=\"aioseo-schema\">\n\t\t\t{\"@context\":\"https:\\\/\\\/schema.org\",\"@graph\":[{\"@type\":\"BreadcrumbList\",\"@id\":\"https:\\\/\\\/monatglobal.com\\\/at\\\/rejuvabeads\\\/#breadcrumblist\",\"itemListElement\":[{\"@type\":\"ListItem\",\"@id\":\"https:\\\/\\\/monatglobal.com\\\/at#listItem\",\"position\":1,\"name\":\"Home\",\"item\":\"https:\\\/\\\/monatglobal.com\\\/at\",\"nextItem\":{\"@type\":\"ListItem\",\"@id\":\"https:\\\/\\\/monatglobal.com\\\/at\\\/rejuvabeads\\\/#listItem\",\"name\":\"REJUVABEADS\\u2122 | MONAT Haarprodukte | Behandlung gegen Spliss\"}},{\"@type\":\"ListItem\",\"@id\":\"https:\\\/\\\/monatglobal.com\\\/at\\\/rejuvabeads\\\/#listItem\",\"position\":2,\"name\":\"REJUVABEADS\\u2122 | MONAT Haarprodukte | Behandlung gegen Spliss\",\"previousItem\":{\"@type\":\"ListItem\",\"@id\":\"https:\\\/\\\/monatglobal.com\\\/at#listItem\",\"name\":\"Home\"}}]},{\"@type\":\"Organization\",\"@id\":\"https:\\\/\\\/monatglobal.com\\\/at\\\/#organization\",\"name\":\"MONAT Austria\",\"description\":\"We Are Modern Nature\\u00ae\",\"url\":\"https:\\\/\\\/monatglobal.com\\\/at\\\/\"},{\"@type\":\"WebPage\",\"@id\":\"https:\\\/\\\/monatglobal.com\\\/at\\\/rejuvabeads\\\/#webpage\",\"url\":\"https:\\\/\\\/monatglobal.com\\\/at\\\/rejuvabeads\\\/\",\"name\":\"REJUVABEADS\\u2122 | MONAT Haarprodukte | Behandlung gegen Spliss\",\"description\":\"Eine revolution\\u00e4re Leave-in-Pflege, die Spliss sofort repariert und Frizz sowie Haarbruch reduziert. F\\u00fcr Haar, das sich geschmeidig und gesund anf\\u00fchlt.\",\"inLanguage\":\"de-DE\",\"isPartOf\":{\"@id\":\"https:\\\/\\\/monatglobal.com\\\/at\\\/#website\"},\"breadcrumb\":{\"@id\":\"https:\\\/\\\/monatglobal.com\\\/at\\\/rejuvabeads\\\/#breadcrumblist\"},\"image\":{\"@type\":\"ImageObject\",\"url\":\"https:\\\/\\\/monatglobal.com\\\/at\\\/wp-content\\\/uploads\\\/sites\\\/27\\\/2026\\\/02\\\/Rejevabeads-ecomm.png\",\"@id\":\"https:\\\/\\\/monatglobal.com\\\/at\\\/rejuvabeads\\\/#mainImage\",\"width\":641,\"height\":800},\"primaryImageOfPage\":{\"@id\":\"https:\\\/\\\/monatglobal.com\\\/at\\\/rejuvabeads\\\/#mainImage\"},\"datePublished\":\"2026-02-05T17:16:47+00:00\",\"dateModified\":\"2026-02-13T13:20:08+00:00\"},{\"@type\":\"WebSite\",\"@id\":\"https:\\\/\\\/monatglobal.com\\\/at\\\/#website\",\"url\":\"https:\\\/\\\/monatglobal.com\\\/at\\\/\",\"name\":\"MONAT Austria\",\"description\":\"We Are Modern Nature\\u00ae\",\"inLanguage\":\"de-DE\",\"publisher\":{\"@id\":\"https:\\\/\\\/monatglobal.com\\\/at\\\/#organization\"}}]}\n\t\t<\/script>\n\t\t<!-- All in One SEO Pro -->\r\n\t\t<title>REJUVABEADS\u2122 | MONAT Haarprodukte | Behandlung gegen Spliss<\/title>\n\n","aioseo_head_json":{"title":"REJUVABEADS\u2122 | MONAT Haarprodukte | Behandlung gegen Spliss","description":"Eine revolution\u00e4re Leave-in-Pflege, die Spliss sofort repariert und Frizz sowie Haarbruch reduziert. F\u00fcr Haar, das sich geschmeidig und gesund anf\u00fchlt.","canonical_url":"https:\/\/monatglobal.com\/at\/rejuvabeads\/","robots":"noindex, nofollow, max-image-preview:large","keywords":"","webmasterTools":{"miscellaneous":""},"schema":{"@context":"https:\/\/schema.org","@graph":[{"@type":"BreadcrumbList","@id":"https:\/\/monatglobal.com\/at\/rejuvabeads\/#breadcrumblist","itemListElement":[{"@type":"ListItem","@id":"https:\/\/monatglobal.com\/at#listItem","position":1,"name":"Home","item":"https:\/\/monatglobal.com\/at","nextItem":{"@type":"ListItem","@id":"https:\/\/monatglobal.com\/at\/rejuvabeads\/#listItem","name":"REJUVABEADS\u2122 | MONAT Haarprodukte | Behandlung gegen Spliss"}},{"@type":"ListItem","@id":"https:\/\/monatglobal.com\/at\/rejuvabeads\/#listItem","position":2,"name":"REJUVABEADS\u2122 | MONAT Haarprodukte | Behandlung gegen Spliss","previousItem":{"@type":"ListItem","@id":"https:\/\/monatglobal.com\/at#listItem","name":"Home"}}]},{"@type":"Organization","@id":"https:\/\/monatglobal.com\/at\/#organization","name":"MONAT Austria","description":"We Are Modern Nature\u00ae","url":"https:\/\/monatglobal.com\/at\/"},{"@type":"WebPage","@id":"https:\/\/monatglobal.com\/at\/rejuvabeads\/#webpage","url":"https:\/\/monatglobal.com\/at\/rejuvabeads\/","name":"REJUVABEADS\u2122 | MONAT Haarprodukte | Behandlung gegen Spliss","description":"Eine revolution\u00e4re Leave-in-Pflege, die Spliss sofort repariert und Frizz sowie Haarbruch reduziert. F\u00fcr Haar, das sich geschmeidig und gesund anf\u00fchlt.","inLanguage":"de-DE","isPartOf":{"@id":"https:\/\/monatglobal.com\/at\/#website"},"breadcrumb":{"@id":"https:\/\/monatglobal.com\/at\/rejuvabeads\/#breadcrumblist"},"image":{"@type":"ImageObject","url":"https:\/\/monatglobal.com\/at\/wp-content\/uploads\/sites\/27\/2026\/02\/Rejevabeads-ecomm.png","@id":"https:\/\/monatglobal.com\/at\/rejuvabeads\/#mainImage","width":641,"height":800},"primaryImageOfPage":{"@id":"https:\/\/monatglobal.com\/at\/rejuvabeads\/#mainImage"},"datePublished":"2026-02-05T17:16:47+00:00","dateModified":"2026-02-13T13:20:08+00:00"},{"@type":"WebSite","@id":"https:\/\/monatglobal.com\/at\/#website","url":"https:\/\/monatglobal.com\/at\/","name":"MONAT Austria","description":"We Are Modern Nature\u00ae","inLanguage":"de-DE","publisher":{"@id":"https:\/\/monatglobal.com\/at\/#organization"}}]},"og:locale":"de_DE","og:site_name":"MONAT Austria - We Are Modern Nature\u00ae","og:type":"article","og:title":"REJUVABEADS\u2122 | MONAT Haarprodukte | Behandlung gegen Spliss","og:description":"Eine revolution\u00e4re Leave-in-Pflege, die Spliss sofort repariert und Frizz sowie Haarbruch reduziert. F\u00fcr Haar, das sich geschmeidig und gesund anf\u00fchlt.","og:url":"https:\/\/monatglobal.com\/at\/rejuvabeads\/","article:published_time":"2026-02-05T17:16:47+00:00","article:modified_time":"2026-02-13T13:20:08+00:00","twitter:card":"summary_large_image","twitter:title":"REJUVABEADS\u2122 | MONAT Haarprodukte | Behandlung gegen Spliss","twitter:description":"Eine revolution\u00e4re Leave-in-Pflege, die Spliss sofort repariert und Frizz sowie Haarbruch reduziert. F\u00fcr Haar, das sich geschmeidig und gesund anf\u00fchlt."},"aioseo_meta_data":{"post_id":"109216","title":"REJUVABEADS\u2122 | MONAT Haarprodukte | Behandlung gegen Spliss","description":"Eine revolution\u00e4re Leave-in-Pflege, die Spliss sofort repariert und Frizz sowie Haarbruch reduziert. F\u00fcr Haar, das sich geschmeidig und gesund anf\u00fchlt.","keywords":null,"keyphrases":{"focus":{"keyphrase":"","score":0,"analysis":{"keyphraseInTitle":{"score":0,"maxScore":9,"error":1}}},"additional":[]},"primary_term":null,"canonical_url":null,"og_title":null,"og_description":null,"og_object_type":"default","og_image_type":"default","og_image_url":null,"og_image_width":null,"og_image_height":null,"og_image_custom_url":null,"og_image_custom_fields":null,"og_video":"","og_custom_url":null,"og_article_section":null,"og_article_tags":null,"twitter_use_og":false,"twitter_card":"default","twitter_image_type":"default","twitter_image_url":null,"twitter_image_custom_url":null,"twitter_image_custom_fields":null,"twitter_title":null,"twitter_description":null,"schema":{"blockGraphs":[],"customGraphs":[],"default":{"data":{"Article":[],"Course":[],"Dataset":[],"FAQPage":[],"Movie":[],"Person":[],"Product":[],"ProductReview":[],"Car":[],"Recipe":[],"Service":[],"SoftwareApplication":[],"WebPage":[]},"graphName":"WebPage","isEnabled":true},"graphs":[]},"schema_type":"default","schema_type_options":null,"pillar_content":false,"robots_default":true,"robots_noindex":false,"robots_noarchive":false,"robots_nosnippet":false,"robots_nofollow":false,"robots_noimageindex":false,"robots_noodp":false,"robots_notranslate":false,"robots_max_snippet":"-1","robots_max_videopreview":"-1","robots_max_imagepreview":"large","priority":null,"frequency":"default","local_seo":null,"seo_analyzer_scan_date":null,"breadcrumb_settings":null,"limit_modified_date":false,"reviewed_by":"0","open_ai":null,"ai":{"faqs":[],"keyPoints":[],"titles":[],"descriptions":[],"socialPosts":{"email":[],"linkedin":[],"twitter":[],"facebook":[],"instagram":[]}},"created":"2026-02-09 20:56:08","updated":"2026-02-13 13:25:59"},"aioseo_breadcrumb":"<div class=\"aioseo-breadcrumbs\"><span class=\"aioseo-breadcrumb\">\n\t<a href=\"https:\/\/monatglobal.com\/at\" title=\"Home\">Home<\/a>\n<\/span><span class=\"aioseo-breadcrumb-separator\">&raquo;<\/span><span class=\"aioseo-breadcrumb\">\n\tREJUVABEADS\u2122 | MONAT Haarprodukte | Behandlung gegen Spliss\n<\/span><\/div>","aioseo_breadcrumb_json":[{"label":"Home","link":"https:\/\/monatglobal.com\/at"},{"label":"REJUVABEADS\u2122 | MONAT Haarprodukte | Behandlung gegen Spliss","link":"https:\/\/monatglobal.com\/at\/rejuvabeads\/"}],"_links":{"self":[{"href":"https:\/\/monatglobal.com\/at\/wp-json\/wp\/v2\/pages\/109216","targetHints":{"allow":["GET"]}}],"collection":[{"href":"https:\/\/monatglobal.com\/at\/wp-json\/wp\/v2\/pages"}],"about":[{"href":"https:\/\/monatglobal.com\/at\/wp-json\/wp\/v2\/types\/page"}],"author":[{"embeddable":true,"href":"https:\/\/monatglobal.com\/at\/wp-json\/wp\/v2\/users\/31"}],"replies":[{"embeddable":true,"href":"https:\/\/monatglobal.com\/at\/wp-json\/wp\/v2\/comments?post=109216"}],"version-history":[{"count":5,"href":"https:\/\/monatglobal.com\/at\/wp-json\/wp\/v2\/pages\/109216\/revisions"}],"predecessor-version":[{"id":109257,"href":"https:\/\/monatglobal.com\/at\/wp-json\/wp\/v2\/pages\/109216\/revisions\/109257"}],"wp:featuredmedia":[{"embeddable":true,"href":"https:\/\/monatglobal.com\/at\/wp-json\/wp\/v2\/media\/109255"}],"wp:attachment":[{"href":"https:\/\/monatglobal.com\/at\/wp-json\/wp\/v2\/media?parent=109216"}],"wp:term":[{"taxonomy":"category","embeddable":true,"href":"https:\/\/monatglobal.com\/at\/wp-json\/wp\/v2\/categories?post=109216"},{"taxonomy":"post_tag","embeddable":true,"href":"https:\/\/monatglobal.com\/at\/wp-json\/wp\/v2\/tags?post=109216"}],"curies":[{"name":"wp","href":"https:\/\/api.w.org\/{rel}","templated":true}]}}