{"id":109088,"date":"2026-01-23T19:54:49","date_gmt":"2026-01-23T19:54:49","guid":{"rendered":"https:\/\/monatglobal.com\/at\/?page_id=109088"},"modified":"2026-02-18T15:28:15","modified_gmt":"2026-02-18T15:28:15","slug":"passport","status":"publish","type":"page","link":"https:\/\/monatglobal.com\/at\/passport\/","title":{"rendered":"MONAT Passport 2026 | Hilton Hawaiian Village Waikiki Beach Resort"},"content":{"rendered":"\n\n\t<style>\n    :root{\n        --primary-color: #736B00;\n        --secondary-color: #F1EDE6;\n        --olive-green: #8F9279;\n    }\n<\/style>\n    <section>\n        <img decoding=\"async\" src=\"https:\/\/monatglobal.com\/wp-content\/uploads\/2026\/01\/passport-logo-2026.svg\" alt=\"Pasport 2026 Logo\"\/>\n            <p>Hilton Hawaiian Village <br \/> Waikiki Beach Resort<\/p>\n            <p>5.-8. November 2026<\/p>\n    <\/section>\n    <section id=\"first_sec\">\n            <img decoding=\"async\" alt=\"illustration graphic of orange palms\" src=\"https:\/\/monatglobal.com\/wp-content\/uploads\/2026\/01\/aloha-bucket-list-icon.svg\"\/>\n            <h2>Aloha!<\/h2>\n            <h3>Eine einmalige M\u00f6glichkeit. Lass sie Dir nicht entgehen. <\/h3>\n            <p>Direkt am breitesten Strandabschnitt gelegen, erwartet Dich ein 22 Hektar gro\u00dfes tropisches Paradies mit luxuri\u00f6sem Komfort, hawaiianischer Kultur und einer traumhaften Kulisse.<\/p>\n                <img decoding=\"async\" src=\"https:\/\/monatglobal.com\/wp-content\/uploads\/2026\/01\/largest-beachfront-resort-.jpg\" alt=\"picture of Waikiki Beach Resort, vibrant tropical beach scene featuring palm trees and turquoise water\"\/>\n                <h3>Hawaiis gr\u00f6\u00dftes Strandresort<\/h3>\n                <img decoding=\"async\" src=\"https:\/\/monatglobal.com\/wp-content\/uploads\/2026\/01\/turquoise-waters.jpg\" alt=\"Resort pool area with palm trees and tropical landscaping\"\/>\n                <h3>Die beste Lage an Waikikis weltber\u00fchmter K\u00fcste mit t\u00fcrkisblauem Wasser<\/h3>\n                <img decoding=\"async\" src=\"https:\/\/monatglobal.com\/wp-content\/uploads\/2026\/01\/Five-stunning-pools.jpg\" alt=\"picture of private oceanfront lagoon\"\/>\n                <h3>F\u00fcnf beeindruckende Pools, Wasserrutschen und eine private Lagune direkt am Meer<\/h3>\n                <img decoding=\"async\" src=\"https:\/\/monatglobal.com\/wp-content\/uploads\/2026\/01\/beachfront-dining-experiences.jpg\" alt=\"Gourmet Hawaiian dish featuring fresh fish with colorful vegetables and edible flowers on a dark plate\"\/>\n                <h3>\u00dcber 18 Restaurants, Caf\u00e9s und kulinarische Erlebnisse direkt am Strand<\/h3>\n                <img decoding=\"async\" src=\"https:\/\/monatglobal.com\/wp-content\/uploads\/2026\/01\/80-shops.jpg\" alt=\"woman wearing orange-tinted sunglasses carrying yellow and white shopping bags over her shoulder\"\/>\n                <h3>\u00dcber 80 Gesch\u00e4fte im gesamten Resort<\/h3>\n                <img decoding=\"async\" src=\"https:\/\/monatglobal.com\/wp-content\/uploads\/2026\/01\/wellness-experiences.jpg\" alt=\"Person relaxing during a spa treatment or wellness experience in a serene setting\"\/>\n                <h3>Waikikis gr\u00f6\u00dftes Spa- und Wellnessangebot<\/h3>\n    <\/section>\n    <section id=\"gallery_sec\">\n            <img decoding=\"async\" src=\"https:\/\/monatglobal.com\/wp-content\/uploads\/2026\/01\/you-have-arrive-icon.svg\" alt=\"Coral-colored starburst icon with eight pointed rays on a beige textured background\"\/>\n            <h2>Du bist angekommen. <br \/> Rainbow Tower im Hilton <br \/> Hawaiian Village<\/h2> \n                    <img decoding=\"async\" src=\"https:\/\/monatglobal.com\/wp-content\/uploads\/2026\/01\/coastal-colors-1.jpg\" alt=\"Aerial view of turquoise ocean waters meeting a curved sandy beach with lush green tropical vegetation along the coastline\"\/>\n                    <img decoding=\"async\" src=\"https:\/\/monatglobal.com\/wp-content\/uploads\/2026\/01\/newly-renovated-rooms-1.jpg\" alt=\"Bright, modern hotel room with ocean view balcony featuring white furnishings and natural light\"\/>\n                    <img decoding=\"async\" src=\"https:\/\/monatglobal.com\/wp-content\/uploads\/2026\/01\/Hawaiian-Village-1.jpg\" alt=\"Woman in white swimwear watching the sunset on a tropical beach with golden sunlight\"\/>\n                    <p>Bekannt f\u00fcr seine leuchtenden Regenbogenmosaike, K\u00fcstenfarben und warme Holzakzente &#8211; diese frisch renovierten Zimmer sind reserviert f\u00fcr die MONAT PASSPORT 2026 Teilnehmenden.<\/p>\n            <p>Bekannt f\u00fcr seine leuchtenden Regenbogenmosaike, K\u00fcstenfarben und warme Holzakzente &#8211; diese frisch renovierten Zimmer sind reserviert f\u00fcr die MONAT PASSPORT 2026 Teilnehmenden.<\/p> \n    <\/section>\n    <section id=\"quialification_sec\">\n            <img decoding=\"async\" src=\"https:\/\/monatglobal.com\/wp-content\/uploads\/2026\/01\/two-paths-icon.svg\" alt=\"Three coral-colored decorative elements: two starburst shapes of different sizes and one small four-pointed star\"\/>\n            <h2>Es gibt zwei <br \/> Wege nach Hawaii<\/h2>\n            <p>Qualifikationszeitraum: <br \/> 1. Januar &#8211; 30. Juni 2026<\/p>\n            <img decoding=\"async\" src=\"https:\/\/monatglobal.com\/wp-content\/uploads\/2026\/01\/path-icon.svg\" alt=\"Coral-colored sun icon with irregular radiating rays\"\/>\n            <h3>BUILDER-QUALIFIKATIONSWEG<\/h3>\n                QUALIFIKATIONSZEITRAUM  <br \/> 1. Januar &#8211; 30. Juni 2026\n                STUFE\n                ANFORDERUNGEN\n                AUSZEICHNUNG\n                <!--ROW 1-->\n                <p>1<\/p>\n                    <p>STUFE 1<\/p>\n                    <ul>\n                        <li>PERS\u00d6NLICHE SPONSORINGS: 10 MPs, 20 VIPs<\/li>\n                        <li>PERS\u00d6NLICHE GRUPPEN-SPONSORINGS: 20 MPs, 35 VIPs<\/li>\n                        <li>GRUPPEN-VOLUMEN: 50.000 GV<\/li>\n                    <\/ul>\n                    <p>BEZAHLTER RANG IM JANUAR 2026: MMB+<\/p>\n                    <ul>\n                        <li>Hotelunterkunft f\u00fcr 1 Person<\/li>\n                        <li>Hin- und R\u00fcckflug f\u00fcr 1 Person<\/li>\n                        <li>Transfer zum und vom Resort f\u00fcr 1 Person<\/li>\n                        <li>Teilnahme am Empfang f\u00fcr 1 Person<\/li>\n                    <\/ul>\n                <!--ROW 2-->\n                <p>2<\/p>\n                    <p>STUFE 2<\/p>\n                    <ul>\n                        <li>PERS\u00d6NLICHE SPONSORINGS: 12 MPs, 30 VIPs<\/li>\n                        <li>PERS\u00d6NLICHE GRUPPEN-SPONSORINGS: 30 MPs, 90 VIPs<\/li>\n                        <li>GRUPPEN-VOLUMEN: 70.000 GV<\/li>\n                    <\/ul>\n                    <p>BEZAHLTER RANG IM JANUAR 2026: AMM+<\/p>\n                    <p>Enth\u00e4lt Stufe 1, PLUS<\/p>\n                    <ul>\n                        <li>Hotelunterkunft f\u00fcr 2 Personen<\/li>\n                        <li>Transfer f\u00fcr 2 Personen<\/li>\n                        <li>Teilnahme am Empfang f\u00fcr 2 Personen<\/li>\n                    <\/ul>\n                    <p>(Hin- und R\u00fcckflug bleibt f\u00fcr 1 Person)<\/p>\n                <!--ROW 3-->\n                <p>3<\/p>\n                    <p>STUFE 3<\/p>\n                    <ul>\n                        <li>PERS\u00d6NLICHE SPONSORINGS: 15 MPs, 45 VIPs<\/li>\n                        <li>PERS\u00d6NLICHE GRUPPEN-SPONSORINGS: 45 MPs, 140 VIPs<\/li>\n                        <li>GRUPPEN-VOLUMEN: 100.000 GV<\/li>\n                    <\/ul>\n                    <p>BEZAHLTER RANG IM JANUAR 2026: MM+<\/p>\n                    <p>Enth\u00e4lt Stufe 2, PLUS<\/p>\n                    <ul>\n                        <li>Hin- und R\u00fcckflug f\u00fcr 2 Personen<\/li>\n                    <\/ul>\n            <ul>\n                <li>Pers\u00f6nlich gesponserte Markenpartner sowie Markenpartner aus der pers\u00f6nlichen Gruppe m\u00fcssen mit einem Produktpaket angemeldet sein, damit die Qualifikation z\u00e4hlt.<\/li>\n                <li>Pers\u00f6nlich gesponserte VIPs sowie VIPs aus der pers\u00f6nlichen Gruppe m\u00fcssen eine Erstbestellung von mindestens 75 \u20ac aufgeben und ein Flexship ab 75 \u20ac planen.<\/li>\n            <\/ul>\n        <!---->\n        <!--    <h3>INCENTIVE F\u00dcR GRUPPEN-VOLUMEN IM JANUAR<\/h3>-->\n        <!--    -->\n        <!--        <ul> -->\n        <!--            <li>Erf\u00fclle die Anforderungen f\u00fcr Power of 2 Monatsmitte (1+4) bis zum 15. Januar und erhalte 5.000 GV* f\u00fcr Deine Passport-Qualifikation!<\/li>-->\n        <!--        <\/ul>-->\n        <!--        <ul>-->\n        <!--            <li>Erf\u00fclle die  Anforderungen f\u00fcr Power of 2 Gesamter Monat (2+8) bis zum 15. Januar und erhalte 10.000 GV* f\u00fcr Deine Passport-Qualifikation!<\/li>-->\n        <!--        <\/ul>-->\n        <!--    -->\n        <!--    <p>*GV wird nur auf Deine eigenen Passport-Qualifikationen angerechnet. GV wird nicht f\u00fcr Deine Upline-Organisation hinzugef\u00fcgt und nicht auf die GV-Ranganforderungen&nbsp;angerechnet.<br \/> GV wird Deinem Tracker bis zum 17. Februar 2026 hinzugef\u00fcgt.<\/p>-->\n        <!---->\n            <img decoding=\"async\" src=\"https:\/\/monatglobal.com\/wp-content\/uploads\/2026\/01\/path-icon.svg\" alt=\"Coral-colored sun icon with irregular radiating rays\"\/> \n            <h3>SELLER-QUALIFIKATIONSWEG<\/h3>\n                QUALIFIKATIONSZEITRAUM  <br \/> 1. Januar &#8211; 30. Juni 2026\n                STUFE\n                ANFORDERUNGEN\n                AUSZEICHNUNG\n                <!--ROW 1-->\n                <p>1<\/p>\n                    <p>STUFE 1<\/p>\n                    <ul>\n                        <li>Erreiche 50.000 PV in 1 der 6 Monate des Qualifikationszeitraums <\/li>\n                    <\/ul>\n                    <ul>\n                        <li>Hotelunterkunft f\u00fcr 1 Person<\/li>\n                        <li>Hin- und R\u00fcckflug f\u00fcr 1 Person<\/li>\n                        <li>Transfer zum und vom Resort f\u00fcr 1 Person<\/li>\n                        <li>Teilnahme am Empfang f\u00fcr 1 Person<\/li>\n                    <\/ul>\n                <!--ROW 2-->\n                <p>2<\/p>\n                    <p>STUFE 2<\/p>\n                    <ul>\n                        <li>Erreiche 50.000 PV in 2 der 6 Monate des Qualifikationszeitraums<\/li>\n                    <\/ul>\n                    <p>Enth\u00e4lt Stufe 1, PLUS<\/p>\n                    <ul>\n                        <li>Hotelunterkunft f\u00fcr 2 Personen<\/li>\n                        <li>Transfer f\u00fcr 2 Personen<\/li>\n                        <li>Teilnahme am Empfang f\u00fcr 2 Personen<\/li>\n                    <\/ul>\n                    <p>(Hin- und R\u00fcckflug bleibt f\u00fcr 1 Person)<\/p>\n                <!--ROW 3-->\n                <p>3<\/p>\n                    <p>STUFE 3<\/p> \n                    <ul>\n                        <li>Erreiche 50.000 PV in 3 der 6 Monate des Qualifikationszeitraums<\/li>\n                    <\/ul>\n                    <p>Enth\u00e4lt Stufe 2, PLUS<\/p>\n                    <ul>\n                        <li>Hin- und R\u00fcckflug f\u00fcr 2 Personen<\/li>\n                    <\/ul>\n                <h3>INCENTIVE F\u00dcR SELLER-QUALIFIKATIONSWEG IM JANUAR<\/h3>\n                <p>Erreiche 50.000 PV im Januar &#8211; das z\u00e4hlt als 2 Monate f\u00fcr die Qualifikation!<\/p> \n    <\/section>\n    <section id=\"includes_sec\">\n        <img decoding=\"async\" src=\"https:\/\/monatglobal.com\/wp-content\/uploads\/2026\/01\/two-paths-icon.svg\" alt=\"Three coral-colored decorative elements: two starburst shapes of different sizes and one small four-pointed star\"\/>\n        <h2>Deine Reise<br \/> enth\u00e4lt:<\/h2>\n                <ul> \n                    <li>3 \u00dcbernachtungen im Hilton Hawaiian Village Waikiki Beach Resort<\/li>\n                    <li>Nur an den Programmtagen: 5., 6. und 7. November 2026<\/li>\n                    <li>Hin- und R\u00fcckflug zum Honolulu International Airport<\/li>\n                    <li>Halbt\u00e4giges Training<\/li>\n                <\/ul>\n                <ul>\n                    <li>Exklusive Anerkennung<\/li>\n                    <li>Einige Mahlzeiten<\/li>\n                    <li>Hin- und R\u00fccktransfer am Reiseziel<\/li>\n                    <li>Bodentransport ist f\u00fcr den qualifizierten MP sowie registrierten Gast der Stufe 2 oder 3 enthalten<\/li>\n                <\/ul>\n            <a id=\"faq_btn\" href=\"https:\/\/monatglobal.com\/at\/wp-content\/uploads\/sites\/27\/2026\/01\/AT_Passport-2026-FAQs_011926_v3.pdf\" target=\"_blank\" rel=\"noopener\">FAQ<\/a>\n            <a id=\"termsAndC\" href=\"https:\/\/monatglobal.com\/at\/wp-content\/uploads\/sites\/27\/2026\/01\/GERAT_Passport-2026_Terms-and-Conditions_PDF_010526_v2.pdf\" target=\"_blank\" rel=\"noopener\">\n                <p>AGBs<\/p>\n            <\/a>\n            #MONATpassport\n    <\/section>\n\n","protected":false},"excerpt":{"rendered":"<p>Hilton Hawaiian Village Waikiki Beach Resort 5.-8. November 2026 Aloha! Eine einmalige M\u00f6glichkeit. Lass sie Dir nicht entgehen. Direkt am breitesten Strandabschnitt gelegen, erwartet Dich ein 22 Hektar gro\u00dfes tropisches Paradies mit luxuri\u00f6sem Komfort, hawaiianischer Kultur und einer traumhaften Kulisse. Hawaiis gr\u00f6\u00dftes Strandresort Die beste Lage an Waikikis weltber\u00fchmter K\u00fcste mit t\u00fcrkisblauem Wasser F\u00fcnf beeindruckende&hellip;<\/p>\n","protected":false},"author":57,"featured_media":109089,"parent":0,"menu_order":0,"comment_status":"closed","ping_status":"closed","template":"","meta":{"inline_featured_image":false,"footnotes":""},"categories":[],"tags":[],"class_list":["post-109088","page","type-page","status-publish","has-post-thumbnail","hentry"],"aioseo_notices":[],"aioseo_head":"\n\t\t<!-- All in One SEO Pro 4.9.5.2 - aioseo.com -->\n\t<meta name=\"description\" content=\"Hilton Hawaiian Village Waikiki Beach Resort 5.-8. November 2026 Aloha! Eine einmalige M\u00f6glichkeit. Lass sie Dir nicht entgehen. Direkt am breitesten Strandabschnitt gelegen, erwartet Dich ein 22 Hektar gro\u00dfes tropisches Paradies mit luxuri\u00f6sem Komfort, hawaiianischer Kultur und einer traumhaften Kulisse. Hawaiis gr\u00f6\u00dftes Strandresort Die beste Lage an Waikikis weltber\u00fchmter K\u00fcste mit t\u00fcrkisblauem Wasser F\u00fcnf beeindruckende\" \/>\n\t<meta name=\"robots\" content=\"noindex, nofollow, max-image-preview:large\" \/>\n\t<link rel=\"canonical\" href=\"https:\/\/monatglobal.com\/at\/passport\/\" \/>\n\t<meta name=\"generator\" content=\"All in One SEO Pro (AIOSEO) 4.9.5.2\" \/>\n\t\t<meta property=\"og:locale\" content=\"de_DE\" \/>\n\t\t<meta property=\"og:site_name\" content=\"MONAT Austria - We Are Modern Nature\u00ae\" \/>\n\t\t<meta property=\"og:type\" content=\"article\" \/>\n\t\t<meta property=\"og:title\" content=\"MONAT Passport 2026 | Hilton Hawaiian Village Waikiki Beach Resort - MONAT Austria\" \/>\n\t\t<meta property=\"og:description\" content=\"Hilton Hawaiian Village Waikiki Beach Resort 5.-8. November 2026 Aloha! Eine einmalige M\u00f6glichkeit. Lass sie Dir nicht entgehen. Direkt am breitesten Strandabschnitt gelegen, erwartet Dich ein 22 Hektar gro\u00dfes tropisches Paradies mit luxuri\u00f6sem Komfort, hawaiianischer Kultur und einer traumhaften Kulisse. Hawaiis gr\u00f6\u00dftes Strandresort Die beste Lage an Waikikis weltber\u00fchmter K\u00fcste mit t\u00fcrkisblauem Wasser F\u00fcnf beeindruckende\" \/>\n\t\t<meta property=\"og:url\" content=\"https:\/\/monatglobal.com\/at\/passport\/\" \/>\n\t\t<meta property=\"article:published_time\" content=\"2026-01-23T19:54:49+00:00\" \/>\n\t\t<meta property=\"article:modified_time\" content=\"2026-02-18T15:28:15+00:00\" \/>\n\t\t<meta name=\"twitter:card\" content=\"summary_large_image\" \/>\n\t\t<meta name=\"twitter:title\" content=\"MONAT Passport 2026 | Hilton Hawaiian Village Waikiki Beach Resort - MONAT Austria\" \/>\n\t\t<meta name=\"twitter:description\" content=\"Hilton Hawaiian Village Waikiki Beach Resort 5.-8. November 2026 Aloha! Eine einmalige M\u00f6glichkeit. Lass sie Dir nicht entgehen. Direkt am breitesten Strandabschnitt gelegen, erwartet Dich ein 22 Hektar gro\u00dfes tropisches Paradies mit luxuri\u00f6sem Komfort, hawaiianischer Kultur und einer traumhaften Kulisse. Hawaiis gr\u00f6\u00dftes Strandresort Die beste Lage an Waikikis weltber\u00fchmter K\u00fcste mit t\u00fcrkisblauem Wasser F\u00fcnf beeindruckende\" \/>\n\t\t<script type=\"application\/ld+json\" class=\"aioseo-schema\">\n\t\t\t{\"@context\":\"https:\\\/\\\/schema.org\",\"@graph\":[{\"@type\":\"BreadcrumbList\",\"@id\":\"https:\\\/\\\/monatglobal.com\\\/at\\\/passport\\\/#breadcrumblist\",\"itemListElement\":[{\"@type\":\"ListItem\",\"@id\":\"https:\\\/\\\/monatglobal.com\\\/at#listItem\",\"position\":1,\"name\":\"Home\",\"item\":\"https:\\\/\\\/monatglobal.com\\\/at\",\"nextItem\":{\"@type\":\"ListItem\",\"@id\":\"https:\\\/\\\/monatglobal.com\\\/at\\\/passport\\\/#listItem\",\"name\":\"MONAT Passport 2026 | Hilton Hawaiian Village Waikiki Beach Resort\"}},{\"@type\":\"ListItem\",\"@id\":\"https:\\\/\\\/monatglobal.com\\\/at\\\/passport\\\/#listItem\",\"position\":2,\"name\":\"MONAT Passport 2026 | Hilton Hawaiian Village Waikiki Beach Resort\",\"previousItem\":{\"@type\":\"ListItem\",\"@id\":\"https:\\\/\\\/monatglobal.com\\\/at#listItem\",\"name\":\"Home\"}}]},{\"@type\":\"Organization\",\"@id\":\"https:\\\/\\\/monatglobal.com\\\/at\\\/#organization\",\"name\":\"MONAT Austria\",\"description\":\"We Are Modern Nature\\u00ae\",\"url\":\"https:\\\/\\\/monatglobal.com\\\/at\\\/\"},{\"@type\":\"WebPage\",\"@id\":\"https:\\\/\\\/monatglobal.com\\\/at\\\/passport\\\/#webpage\",\"url\":\"https:\\\/\\\/monatglobal.com\\\/at\\\/passport\\\/\",\"name\":\"MONAT Passport 2026 | Hilton Hawaiian Village Waikiki Beach Resort - MONAT Austria\",\"description\":\"Hilton Hawaiian Village Waikiki Beach Resort 5.-8. November 2026 Aloha! Eine einmalige M\\u00f6glichkeit. Lass sie Dir nicht entgehen. Direkt am breitesten Strandabschnitt gelegen, erwartet Dich ein 22 Hektar gro\\u00dfes tropisches Paradies mit luxuri\\u00f6sem Komfort, hawaiianischer Kultur und einer traumhaften Kulisse. Hawaiis gr\\u00f6\\u00dftes Strandresort Die beste Lage an Waikikis weltber\\u00fchmter K\\u00fcste mit t\\u00fcrkisblauem Wasser F\\u00fcnf beeindruckende\",\"inLanguage\":\"de-DE\",\"isPartOf\":{\"@id\":\"https:\\\/\\\/monatglobal.com\\\/at\\\/#website\"},\"breadcrumb\":{\"@id\":\"https:\\\/\\\/monatglobal.com\\\/at\\\/passport\\\/#breadcrumblist\"},\"image\":{\"@type\":\"ImageObject\",\"url\":\"https:\\\/\\\/monatglobal.com\\\/at\\\/wp-content\\\/uploads\\\/sites\\\/27\\\/2026\\\/01\\\/Ft-img-passport-2026-Hawai.jpg\",\"@id\":\"https:\\\/\\\/monatglobal.com\\\/at\\\/passport\\\/#mainImage\",\"width\":1200,\"height\":628},\"primaryImageOfPage\":{\"@id\":\"https:\\\/\\\/monatglobal.com\\\/at\\\/passport\\\/#mainImage\"},\"datePublished\":\"2026-01-23T19:54:49+00:00\",\"dateModified\":\"2026-02-18T15:28:15+00:00\"},{\"@type\":\"WebSite\",\"@id\":\"https:\\\/\\\/monatglobal.com\\\/at\\\/#website\",\"url\":\"https:\\\/\\\/monatglobal.com\\\/at\\\/\",\"name\":\"MONAT Austria\",\"description\":\"We Are Modern Nature\\u00ae\",\"inLanguage\":\"de-DE\",\"publisher\":{\"@id\":\"https:\\\/\\\/monatglobal.com\\\/at\\\/#organization\"}}]}\n\t\t<\/script>\n\t\t<!-- All in One SEO Pro -->\r\n\t\t<title>MONAT Passport 2026 | Hilton Hawaiian Village Waikiki Beach Resort - MONAT Austria<\/title>\n\n","aioseo_head_json":{"title":"MONAT Passport 2026 | Hilton Hawaiian Village Waikiki Beach Resort - MONAT Austria","description":"Hilton Hawaiian Village Waikiki Beach Resort 5.-8. November 2026 Aloha! Eine einmalige M\u00f6glichkeit. Lass sie Dir nicht entgehen. Direkt am breitesten Strandabschnitt gelegen, erwartet Dich ein 22 Hektar gro\u00dfes tropisches Paradies mit luxuri\u00f6sem Komfort, hawaiianischer Kultur und einer traumhaften Kulisse. Hawaiis gr\u00f6\u00dftes Strandresort Die beste Lage an Waikikis weltber\u00fchmter K\u00fcste mit t\u00fcrkisblauem Wasser F\u00fcnf beeindruckende","canonical_url":"https:\/\/monatglobal.com\/at\/passport\/","robots":"noindex, nofollow, max-image-preview:large","keywords":"","webmasterTools":{"miscellaneous":""},"schema":{"@context":"https:\/\/schema.org","@graph":[{"@type":"BreadcrumbList","@id":"https:\/\/monatglobal.com\/at\/passport\/#breadcrumblist","itemListElement":[{"@type":"ListItem","@id":"https:\/\/monatglobal.com\/at#listItem","position":1,"name":"Home","item":"https:\/\/monatglobal.com\/at","nextItem":{"@type":"ListItem","@id":"https:\/\/monatglobal.com\/at\/passport\/#listItem","name":"MONAT Passport 2026 | Hilton Hawaiian Village Waikiki Beach Resort"}},{"@type":"ListItem","@id":"https:\/\/monatglobal.com\/at\/passport\/#listItem","position":2,"name":"MONAT Passport 2026 | Hilton Hawaiian Village Waikiki Beach Resort","previousItem":{"@type":"ListItem","@id":"https:\/\/monatglobal.com\/at#listItem","name":"Home"}}]},{"@type":"Organization","@id":"https:\/\/monatglobal.com\/at\/#organization","name":"MONAT Austria","description":"We Are Modern Nature\u00ae","url":"https:\/\/monatglobal.com\/at\/"},{"@type":"WebPage","@id":"https:\/\/monatglobal.com\/at\/passport\/#webpage","url":"https:\/\/monatglobal.com\/at\/passport\/","name":"MONAT Passport 2026 | Hilton Hawaiian Village Waikiki Beach Resort - MONAT Austria","description":"Hilton Hawaiian Village Waikiki Beach Resort 5.-8. November 2026 Aloha! Eine einmalige M\u00f6glichkeit. Lass sie Dir nicht entgehen. Direkt am breitesten Strandabschnitt gelegen, erwartet Dich ein 22 Hektar gro\u00dfes tropisches Paradies mit luxuri\u00f6sem Komfort, hawaiianischer Kultur und einer traumhaften Kulisse. Hawaiis gr\u00f6\u00dftes Strandresort Die beste Lage an Waikikis weltber\u00fchmter K\u00fcste mit t\u00fcrkisblauem Wasser F\u00fcnf beeindruckende","inLanguage":"de-DE","isPartOf":{"@id":"https:\/\/monatglobal.com\/at\/#website"},"breadcrumb":{"@id":"https:\/\/monatglobal.com\/at\/passport\/#breadcrumblist"},"image":{"@type":"ImageObject","url":"https:\/\/monatglobal.com\/at\/wp-content\/uploads\/sites\/27\/2026\/01\/Ft-img-passport-2026-Hawai.jpg","@id":"https:\/\/monatglobal.com\/at\/passport\/#mainImage","width":1200,"height":628},"primaryImageOfPage":{"@id":"https:\/\/monatglobal.com\/at\/passport\/#mainImage"},"datePublished":"2026-01-23T19:54:49+00:00","dateModified":"2026-02-18T15:28:15+00:00"},{"@type":"WebSite","@id":"https:\/\/monatglobal.com\/at\/#website","url":"https:\/\/monatglobal.com\/at\/","name":"MONAT Austria","description":"We Are Modern Nature\u00ae","inLanguage":"de-DE","publisher":{"@id":"https:\/\/monatglobal.com\/at\/#organization"}}]},"og:locale":"de_DE","og:site_name":"MONAT Austria - We Are Modern Nature\u00ae","og:type":"article","og:title":"MONAT Passport 2026 | Hilton Hawaiian Village Waikiki Beach Resort - MONAT Austria","og:description":"Hilton Hawaiian Village Waikiki Beach Resort 5.-8. November 2026 Aloha! Eine einmalige M\u00f6glichkeit. Lass sie Dir nicht entgehen. Direkt am breitesten Strandabschnitt gelegen, erwartet Dich ein 22 Hektar gro\u00dfes tropisches Paradies mit luxuri\u00f6sem Komfort, hawaiianischer Kultur und einer traumhaften Kulisse. Hawaiis gr\u00f6\u00dftes Strandresort Die beste Lage an Waikikis weltber\u00fchmter K\u00fcste mit t\u00fcrkisblauem Wasser F\u00fcnf beeindruckende","og:url":"https:\/\/monatglobal.com\/at\/passport\/","article:published_time":"2026-01-23T19:54:49+00:00","article:modified_time":"2026-02-18T15:28:15+00:00","twitter:card":"summary_large_image","twitter:title":"MONAT Passport 2026 | Hilton Hawaiian Village Waikiki Beach Resort - MONAT Austria","twitter:description":"Hilton Hawaiian Village Waikiki Beach Resort 5.-8. November 2026 Aloha! Eine einmalige M\u00f6glichkeit. Lass sie Dir nicht entgehen. Direkt am breitesten Strandabschnitt gelegen, erwartet Dich ein 22 Hektar gro\u00dfes tropisches Paradies mit luxuri\u00f6sem Komfort, hawaiianischer Kultur und einer traumhaften Kulisse. Hawaiis gr\u00f6\u00dftes Strandresort Die beste Lage an Waikikis weltber\u00fchmter K\u00fcste mit t\u00fcrkisblauem Wasser F\u00fcnf beeindruckende"},"aioseo_meta_data":{"post_id":"109088","title":null,"description":null,"keywords":null,"keyphrases":null,"primary_term":null,"canonical_url":null,"og_title":null,"og_description":null,"og_object_type":"default","og_image_type":"default","og_image_url":null,"og_image_width":null,"og_image_height":null,"og_image_custom_url":null,"og_image_custom_fields":null,"og_video":null,"og_custom_url":null,"og_article_section":null,"og_article_tags":null,"twitter_use_og":false,"twitter_card":"default","twitter_image_type":"default","twitter_image_url":null,"twitter_image_custom_url":null,"twitter_image_custom_fields":null,"twitter_title":null,"twitter_description":null,"schema":{"blockGraphs":[],"customGraphs":[],"default":{"data":{"Article":[],"Course":[],"Dataset":[],"FAQPage":[],"Movie":[],"Person":[],"Product":[],"ProductReview":[],"Car":[],"Recipe":[],"Service":[],"SoftwareApplication":[],"WebPage":[]},"graphName":"WebPage","isEnabled":true},"graphs":[]},"schema_type":"default","schema_type_options":null,"pillar_content":false,"robots_default":true,"robots_noindex":false,"robots_noarchive":false,"robots_nosnippet":false,"robots_nofollow":false,"robots_noimageindex":false,"robots_noodp":false,"robots_notranslate":false,"robots_max_snippet":null,"robots_max_videopreview":null,"robots_max_imagepreview":"large","priority":null,"frequency":null,"local_seo":null,"seo_analyzer_scan_date":null,"breadcrumb_settings":null,"limit_modified_date":false,"reviewed_by":null,"open_ai":null,"ai":null,"created":"2026-02-09 20:56:09","updated":"2026-02-18 15:38:54"},"aioseo_breadcrumb":"<div class=\"aioseo-breadcrumbs\"><span class=\"aioseo-breadcrumb\">\n\t<a href=\"https:\/\/monatglobal.com\/at\" title=\"Home\">Home<\/a>\n<\/span><span class=\"aioseo-breadcrumb-separator\">&raquo;<\/span><span class=\"aioseo-breadcrumb\">\n\tMONAT Passport 2026 | Hilton Hawaiian Village Waikiki Beach Resort\n<\/span><\/div>","aioseo_breadcrumb_json":[{"label":"Home","link":"https:\/\/monatglobal.com\/at"},{"label":"MONAT Passport 2026 | Hilton Hawaiian Village Waikiki Beach Resort","link":"https:\/\/monatglobal.com\/at\/passport\/"}],"_links":{"self":[{"href":"https:\/\/monatglobal.com\/at\/wp-json\/wp\/v2\/pages\/109088","targetHints":{"allow":["GET"]}}],"collection":[{"href":"https:\/\/monatglobal.com\/at\/wp-json\/wp\/v2\/pages"}],"about":[{"href":"https:\/\/monatglobal.com\/at\/wp-json\/wp\/v2\/types\/page"}],"author":[{"embeddable":true,"href":"https:\/\/monatglobal.com\/at\/wp-json\/wp\/v2\/users\/57"}],"replies":[{"embeddable":true,"href":"https:\/\/monatglobal.com\/at\/wp-json\/wp\/v2\/comments?post=109088"}],"version-history":[{"count":3,"href":"https:\/\/monatglobal.com\/at\/wp-json\/wp\/v2\/pages\/109088\/revisions"}],"predecessor-version":[{"id":109270,"href":"https:\/\/monatglobal.com\/at\/wp-json\/wp\/v2\/pages\/109088\/revisions\/109270"}],"wp:featuredmedia":[{"embeddable":true,"href":"https:\/\/monatglobal.com\/at\/wp-json\/wp\/v2\/media\/109089"}],"wp:attachment":[{"href":"https:\/\/monatglobal.com\/at\/wp-json\/wp\/v2\/media?parent=109088"}],"wp:term":[{"taxonomy":"category","embeddable":true,"href":"https:\/\/monatglobal.com\/at\/wp-json\/wp\/v2\/categories?post=109088"},{"taxonomy":"post_tag","embeddable":true,"href":"https:\/\/monatglobal.com\/at\/wp-json\/wp\/v2\/tags?post=109088"}],"curies":[{"name":"wp","href":"https:\/\/api.w.org\/{rel}","templated":true}]}}