{"id":108973,"date":"2025-12-16T15:58:07","date_gmt":"2025-12-16T15:58:07","guid":{"rendered":"https:\/\/monatglobal.com\/at\/?page_id=108973"},"modified":"2026-01-28T18:09:30","modified_gmt":"2026-01-28T18:09:30","slug":"monat-junior-gentle-conditioner","status":"publish","type":"page","link":"https:\/\/monatglobal.com\/at\/monat-junior-gentle-conditioner\/","title":{"rendered":"MONAT JUNIOR\u2122 SANFTE SP\u00dcLUNG"},"content":{"rendered":"\n<link rel=\"stylesheet\" href=\"https:\/\/unpkg.com\/swiper\/swiper-bundle.min.css\">\n<link rel=\"stylesheet\" href=\"\/wp-content\/creative_css\/product_styles_sheet.css\">\n    <!--==================================================== ECOMM SECTION ====================================================-->\n        NEU   \n        <!--==================================================== Ecomm image ====================================================-->\n        <img decoding=\"async\" src=\"https:\/\/monatglobal.com\/wp-content\/uploads\/2021\/10\/MONAT-JUNIOR-Gentle-Conditioner-ecomm.png\" alt=\"MONAT Junior\u2122 Gentle Conditioner\" loading=\"lazy\">\n        <!--==================================================== Ecomm information  ====================================================-->\n            NEU\n            <p>MONAT JUNIOR\u2122 <\/p>\n            <h1>SANFTE <br>SP\u00dcLUNG<\/h1> \n            \n            <p>B\u00e4ndige die M\u00e4hne!<\/p>\n            <p>177 ml \u212e 6 fl. oz.<\/p>\n         <!--==================================================== pricing box \n         ====================================================-->    \n               <p>Einzelhandelspreis<br>00.00 \u20ac<\/p>\n               <p>Preis f\u00fcr VIP-Kunden<br>00.00 \u20ac<\/p>\n         <!--==================================================== pricing box  ====================================================-->     \n            <p>Um mehr \u00fcber MONAT Junior\u2122 Sanfte Sp\u00fclung zu erfahren, wende Dich bitte an Deine MONAT&nbsp;Markenpartner.<\/p>\n          <a href=\"\" target=\"_blank\" role=\"button\" aria-label=\"\" rel=\"noopener\"><\/a>\n    <!--==================================================== \/ECOMM SECTION  ====================================================-->\n   <!--==================================================== Benefits image ====================================================-->\n   \n      <source media=\"(max-width: 700px)\" srcset=\"https:\/\/monatglobal.com\/wp-content\/uploads\/2021\/10\/MONAT-JUNIOR-Gentle-Conditioner-benefits_mobile.jpg\" loading=\"lazy\">\n      <img decoding=\"async\" alt=\"\" src=\"https:\/\/monatglobal.com\/wp-content\/uploads\/2021\/10\/MONAT-JUNIOR-Gentle-Conditioner-benefits.jpg\" loading=\"lazy\">\n   \n   <!--==================================================== Benefits text ====================================================-->\n         <h2>VORTEILE<\/h2>\n         <h3>MONAT Junior\u2122 Sanfte Sp\u00fclung sorgt f\u00fcr gl\u00e4nzendes, leicht k\u00e4mmbares Haar und b\u00e4ndigt&nbsp;Frizz.<\/h3>\n         <p>Die milde, sichere und tr\u00e4nenfreie Formel wurde speziell f\u00fcr Kinder entwickelt und l\u00e4sst sich schnell und einfach aussp\u00fclen. Dermatologisch und augen\u00e4rztlich&nbsp;getestet.<\/p>\n         <!--==================================================== features image  ====================================================-->\n         <img decoding=\"async\" alt=\"\" src=\"https:\/\/monatglobal.com\/wp-content\/uploads\/2021\/10\/MONAT-JUNIOR-Gentle-Conditioner-features_.jpg\" loading=\"lazy\">\n      <!--==================================================== features text ====================================================-->\n            <h3>Eigenschaften<\/h3>\n               <p>\/ Sichere und milde Formel, speziell f\u00fcr Kinder&nbsp;entwickelt<\/p>\n               <p>\/ Tr\u00e4nenfrei <\/p>\n               <p>\/ F\u00fcr optimale Ergebnisse nach MONAT Junior\u2122 Sanftes Shampoo&nbsp;verwenden<\/p>\n               <br>\n            <p>Fragrance \/ Peony and Pink Pepper<\/p>\n            <p> Texture \/ Lightweight Gel<\/p>\n   <!--==================================================== composition image mobile ====================================================-->\n   <img decoding=\"async\" alt=\"\" src=\"https:\/\/monatglobal.com\/wp-content\/uploads\/2021\/10\/MONAT-JUNIOR-Gentle-Conditioner-composition1.jpg\" loading=\"lazy\">\n   <!--==================================================== Why it works text ====================================================-->\n      <h2>Really Shiny Raccoon hilft dabei, die M\u00e4hne zu b\u00e4ndigen!<\/h2>\n      <h3>MONAT Junior\u2122 Sanfte Sp\u00fclung b\u00e4ndigt widerspenstiges Haar im Handumdrehen! Wie alle Produkte der Linie ist sie sicher und besonders sanft zur empfindlichen Kopfhaut und zum Haar Deines&nbsp;Kindes.<\/h3>\n      <p>Anschlie\u00dfend das Sanfte Entwirrungsspray verwenden &#8211; und schon ist ungez\u00e4hmtes Haar Vergangenheit! Schon eine erbsengro\u00dfe Menge reicht aus, also kommt man mit ganz wenig sehr&nbsp;weit!<\/p>\n<!--==================================================== Composition section ====================================================-->\n      <img decoding=\"async\" alt=\"\" src=\"https:\/\/monatglobal.com\/wp-content\/uploads\/2021\/10\/MONAT-JUNIOR-Gentle-Conditioner-composition1.jpg\" loading=\"lazy\">\n      <img decoding=\"async\" alt=\"\" src=\"https:\/\/monatglobal.com\/wp-content\/uploads\/2021\/10\/MONAT-JUNIOR-Gentle-Conditioner-composition3.jpg\" loading=\"lazy\">\n            <!--==================================================== Directions text ====================================================--> \n               <h3>Anwendung<\/h3>\n               <p>\/ Eine erbsengro\u00dfe Menge in das handtuchtrockene Haar&nbsp;einmassieren.<\/p>\n               <p>\/ Gr\u00fcndlich aussp\u00fclen.<\/p>\n               <p>\/ Anschlie\u00dfend MONAT Junior\u2122 Sanftes Entwirrungsspray&nbsp;anwenden.<\/p>\n            <!--==================================================== Directions video ====================================================-->\n      <p>MONAT Junior\u2122 <br>Gentle Conditioner<br>1:34<\/p>\n      <a href=\"\" target=\"_blank\" role=\"button\" aria-label=\"\" rel=\"noopener\"><\/a>\n   <!--==================================================== Ingredients section  ====================================================-->\n      <h2>WICHTIGE INHALTSSTOFFE<\/h2>\n               <p>Oliven\u00f6l<\/p>\n               <p>Hagebutte<\/p>\n               <p>Gr\u00fcner Tee<\/p>\n               <p>Kamille<\/p>\n               <p>Glycerin<\/p>\n        <button id=\"myBtn\" type=\"button\">Alle Inhaltsstoffe ansehen<\/button>\n      <!--==================================================== Modal content  ====================================================-->\n         \u00d7\n         <p>Aqua\/Water\/Eau, Cetearyl Alcohol, Isoamyl Laurate, Behentrimonium Chloride, Propanediol, Chamomilla Recutita (Matricaria) Leaf Extract, Camellia Sinensis Leaf Extract, Rosa Canina Fruit Extract, Olea Europaea (Olive) Fruit Oil, Glycerin, Tocopherol, Sodium Phytate, Stearamidopropyl Dimethylamine, Citric Acid, Fragrance\/Parfum, Benzyl Alcohol, Ethylhexylglycerin, Amyl Cinnamal, Linalool.<\/p>\n   <!--==================================================== You might also like section ====================================================-->\n      <h2>DAS K\u00d6NNTE DIR AUCH GEFALLEN<\/h2>\n      <!--==================================================== Slider YOU MIGHT ALSO LIKE ====================================================-->\n         <!--==================================================== If we need navigation buttons  ====================================================-->\n         <!--==================================================== If we need paginations  ====================================================-->\n    <a href=\"\" aria-label=\"\"><\/a>\n<!--==================================================== this link has to go last for it to work   ====================================================-->\n","protected":false},"excerpt":{"rendered":"<p>NEU NEU MONAT JUNIOR\u2122 SANFTE SP\u00dcLUNG B\u00e4ndige die M\u00e4hne! 177 ml \u212e 6 fl. oz. Einzelhandelspreis00.00 \u20ac Preis f\u00fcr VIP-Kunden00.00 \u20ac Um mehr \u00fcber MONAT Junior\u2122 Sanfte Sp\u00fclung zu erfahren, wende Dich bitte an Deine MONAT&nbsp;Markenpartner. VORTEILE MONAT Junior\u2122 Sanfte Sp\u00fclung sorgt f\u00fcr gl\u00e4nzendes, leicht k\u00e4mmbares Haar und b\u00e4ndigt&nbsp;Frizz. Die milde, sichere und tr\u00e4nenfreie Formel&hellip;<\/p>\n","protected":false},"author":57,"featured_media":109138,"parent":0,"menu_order":0,"comment_status":"closed","ping_status":"closed","template":"","meta":{"inline_featured_image":false,"footnotes":""},"categories":[21],"tags":[],"class_list":["post-108973","page","type-page","status-publish","has-post-thumbnail","hentry","category-product-at"],"aioseo_notices":[],"aioseo_head":"\n\t\t<!-- All in One SEO Pro 4.9.5.2 - aioseo.com -->\n\t<meta name=\"description\" content=\"NEU NEU MONAT JUNIOR\u2122 SANFTE SP\u00dcLUNG B\u00e4ndige die M\u00e4hne! 177 ml \u212e 6 fl. oz. Einzelhandelspreis00.00 \u20ac Preis f\u00fcr VIP-Kunden00.00 \u20ac Um mehr \u00fcber MONAT Junior\u2122 Sanfte Sp\u00fclung zu erfahren, wende Dich bitte an Deine MONAT Markenpartner. VORTEILE MONAT Junior\u2122 Sanfte Sp\u00fclung sorgt f\u00fcr gl\u00e4nzendes, leicht k\u00e4mmbares Haar und b\u00e4ndigt Frizz. Die milde, sichere und tr\u00e4nenfreie Formel\" \/>\n\t<meta name=\"robots\" content=\"noindex, nofollow, max-image-preview:large\" \/>\n\t<link rel=\"canonical\" href=\"https:\/\/monatglobal.com\/at\/monat-junior-gentle-conditioner\/\" \/>\n\t<meta name=\"generator\" content=\"All in One SEO Pro (AIOSEO) 4.9.5.2\" \/>\n\t\t<meta property=\"og:locale\" content=\"de_DE\" \/>\n\t\t<meta property=\"og:site_name\" content=\"MONAT Austria - We Are Modern Nature\u00ae\" \/>\n\t\t<meta property=\"og:type\" content=\"article\" \/>\n\t\t<meta property=\"og:title\" content=\"MONAT JUNIOR\u2122 SANFTE SP\u00dcLUNG - MONAT Austria\" \/>\n\t\t<meta property=\"og:description\" content=\"NEU NEU MONAT JUNIOR\u2122 SANFTE SP\u00dcLUNG B\u00e4ndige die M\u00e4hne! 177 ml \u212e 6 fl. oz. Einzelhandelspreis00.00 \u20ac Preis f\u00fcr VIP-Kunden00.00 \u20ac Um mehr \u00fcber MONAT Junior\u2122 Sanfte Sp\u00fclung zu erfahren, wende Dich bitte an Deine MONAT Markenpartner. VORTEILE MONAT Junior\u2122 Sanfte Sp\u00fclung sorgt f\u00fcr gl\u00e4nzendes, leicht k\u00e4mmbares Haar und b\u00e4ndigt Frizz. Die milde, sichere und tr\u00e4nenfreie Formel\" \/>\n\t\t<meta property=\"og:url\" content=\"https:\/\/monatglobal.com\/at\/monat-junior-gentle-conditioner\/\" \/>\n\t\t<meta property=\"article:published_time\" content=\"2025-12-16T15:58:07+00:00\" \/>\n\t\t<meta property=\"article:modified_time\" content=\"2026-01-28T18:09:30+00:00\" \/>\n\t\t<meta name=\"twitter:card\" content=\"summary_large_image\" \/>\n\t\t<meta name=\"twitter:title\" content=\"MONAT JUNIOR\u2122 SANFTE SP\u00dcLUNG - MONAT Austria\" \/>\n\t\t<meta name=\"twitter:description\" content=\"NEU NEU MONAT JUNIOR\u2122 SANFTE SP\u00dcLUNG B\u00e4ndige die M\u00e4hne! 177 ml \u212e 6 fl. oz. Einzelhandelspreis00.00 \u20ac Preis f\u00fcr VIP-Kunden00.00 \u20ac Um mehr \u00fcber MONAT Junior\u2122 Sanfte Sp\u00fclung zu erfahren, wende Dich bitte an Deine MONAT Markenpartner. VORTEILE MONAT Junior\u2122 Sanfte Sp\u00fclung sorgt f\u00fcr gl\u00e4nzendes, leicht k\u00e4mmbares Haar und b\u00e4ndigt Frizz. Die milde, sichere und tr\u00e4nenfreie Formel\" \/>\n\t\t<script type=\"application\/ld+json\" class=\"aioseo-schema\">\n\t\t\t{\"@context\":\"https:\\\/\\\/schema.org\",\"@graph\":[{\"@type\":\"BreadcrumbList\",\"@id\":\"https:\\\/\\\/monatglobal.com\\\/at\\\/monat-junior-gentle-conditioner\\\/#breadcrumblist\",\"itemListElement\":[{\"@type\":\"ListItem\",\"@id\":\"https:\\\/\\\/monatglobal.com\\\/at#listItem\",\"position\":1,\"name\":\"Home\",\"item\":\"https:\\\/\\\/monatglobal.com\\\/at\",\"nextItem\":{\"@type\":\"ListItem\",\"@id\":\"https:\\\/\\\/monatglobal.com\\\/at\\\/monat-junior-gentle-conditioner\\\/#listItem\",\"name\":\"MONAT JUNIOR\\u2122 SANFTE SP\\u00dcLUNG\"}},{\"@type\":\"ListItem\",\"@id\":\"https:\\\/\\\/monatglobal.com\\\/at\\\/monat-junior-gentle-conditioner\\\/#listItem\",\"position\":2,\"name\":\"MONAT JUNIOR\\u2122 SANFTE SP\\u00dcLUNG\",\"previousItem\":{\"@type\":\"ListItem\",\"@id\":\"https:\\\/\\\/monatglobal.com\\\/at#listItem\",\"name\":\"Home\"}}]},{\"@type\":\"Organization\",\"@id\":\"https:\\\/\\\/monatglobal.com\\\/at\\\/#organization\",\"name\":\"MONAT Austria\",\"description\":\"We Are Modern Nature\\u00ae\",\"url\":\"https:\\\/\\\/monatglobal.com\\\/at\\\/\"},{\"@type\":\"WebPage\",\"@id\":\"https:\\\/\\\/monatglobal.com\\\/at\\\/monat-junior-gentle-conditioner\\\/#webpage\",\"url\":\"https:\\\/\\\/monatglobal.com\\\/at\\\/monat-junior-gentle-conditioner\\\/\",\"name\":\"MONAT JUNIOR\\u2122 SANFTE SP\\u00dcLUNG - MONAT Austria\",\"description\":\"NEU NEU MONAT JUNIOR\\u2122 SANFTE SP\\u00dcLUNG B\\u00e4ndige die M\\u00e4hne! 177 ml \\u212e 6 fl. oz. Einzelhandelspreis00.00 \\u20ac Preis f\\u00fcr VIP-Kunden00.00 \\u20ac Um mehr \\u00fcber MONAT Junior\\u2122 Sanfte Sp\\u00fclung zu erfahren, wende Dich bitte an Deine MONAT Markenpartner. VORTEILE MONAT Junior\\u2122 Sanfte Sp\\u00fclung sorgt f\\u00fcr gl\\u00e4nzendes, leicht k\\u00e4mmbares Haar und b\\u00e4ndigt Frizz. Die milde, sichere und tr\\u00e4nenfreie Formel\",\"inLanguage\":\"de-DE\",\"isPartOf\":{\"@id\":\"https:\\\/\\\/monatglobal.com\\\/at\\\/#website\"},\"breadcrumb\":{\"@id\":\"https:\\\/\\\/monatglobal.com\\\/at\\\/monat-junior-gentle-conditioner\\\/#breadcrumblist\"},\"image\":{\"@type\":\"ImageObject\",\"url\":\"https:\\\/\\\/monatglobal.com\\\/at\\\/wp-content\\\/uploads\\\/sites\\\/27\\\/2026\\\/01\\\/MONAT-JUNIOR-Gentle-Conditioner-Ecomm-2025-1-150x150-1.png\",\"@id\":\"https:\\\/\\\/monatglobal.com\\\/at\\\/monat-junior-gentle-conditioner\\\/#mainImage\",\"width\":150,\"height\":150},\"primaryImageOfPage\":{\"@id\":\"https:\\\/\\\/monatglobal.com\\\/at\\\/monat-junior-gentle-conditioner\\\/#mainImage\"},\"datePublished\":\"2025-12-16T15:58:07+00:00\",\"dateModified\":\"2026-01-28T18:09:30+00:00\"},{\"@type\":\"WebSite\",\"@id\":\"https:\\\/\\\/monatglobal.com\\\/at\\\/#website\",\"url\":\"https:\\\/\\\/monatglobal.com\\\/at\\\/\",\"name\":\"MONAT Austria\",\"description\":\"We Are Modern Nature\\u00ae\",\"inLanguage\":\"de-DE\",\"publisher\":{\"@id\":\"https:\\\/\\\/monatglobal.com\\\/at\\\/#organization\"}}]}\n\t\t<\/script>\n\t\t<!-- All in One SEO Pro -->\r\n\t\t<title>MONAT JUNIOR\u2122 SANFTE SP\u00dcLUNG - MONAT Austria<\/title>\n\n","aioseo_head_json":{"title":"MONAT JUNIOR\u2122 SANFTE SP\u00dcLUNG - MONAT Austria","description":"NEU NEU MONAT JUNIOR\u2122 SANFTE SP\u00dcLUNG B\u00e4ndige die M\u00e4hne! 177 ml \u212e 6 fl. oz. Einzelhandelspreis00.00 \u20ac Preis f\u00fcr VIP-Kunden00.00 \u20ac Um mehr \u00fcber MONAT Junior\u2122 Sanfte Sp\u00fclung zu erfahren, wende Dich bitte an Deine MONAT Markenpartner. VORTEILE MONAT Junior\u2122 Sanfte Sp\u00fclung sorgt f\u00fcr gl\u00e4nzendes, leicht k\u00e4mmbares Haar und b\u00e4ndigt Frizz. Die milde, sichere und tr\u00e4nenfreie Formel","canonical_url":"https:\/\/monatglobal.com\/at\/monat-junior-gentle-conditioner\/","robots":"noindex, nofollow, max-image-preview:large","keywords":"","webmasterTools":{"miscellaneous":""},"schema":{"@context":"https:\/\/schema.org","@graph":[{"@type":"BreadcrumbList","@id":"https:\/\/monatglobal.com\/at\/monat-junior-gentle-conditioner\/#breadcrumblist","itemListElement":[{"@type":"ListItem","@id":"https:\/\/monatglobal.com\/at#listItem","position":1,"name":"Home","item":"https:\/\/monatglobal.com\/at","nextItem":{"@type":"ListItem","@id":"https:\/\/monatglobal.com\/at\/monat-junior-gentle-conditioner\/#listItem","name":"MONAT JUNIOR\u2122 SANFTE SP\u00dcLUNG"}},{"@type":"ListItem","@id":"https:\/\/monatglobal.com\/at\/monat-junior-gentle-conditioner\/#listItem","position":2,"name":"MONAT JUNIOR\u2122 SANFTE SP\u00dcLUNG","previousItem":{"@type":"ListItem","@id":"https:\/\/monatglobal.com\/at#listItem","name":"Home"}}]},{"@type":"Organization","@id":"https:\/\/monatglobal.com\/at\/#organization","name":"MONAT Austria","description":"We Are Modern Nature\u00ae","url":"https:\/\/monatglobal.com\/at\/"},{"@type":"WebPage","@id":"https:\/\/monatglobal.com\/at\/monat-junior-gentle-conditioner\/#webpage","url":"https:\/\/monatglobal.com\/at\/monat-junior-gentle-conditioner\/","name":"MONAT JUNIOR\u2122 SANFTE SP\u00dcLUNG - MONAT Austria","description":"NEU NEU MONAT JUNIOR\u2122 SANFTE SP\u00dcLUNG B\u00e4ndige die M\u00e4hne! 177 ml \u212e 6 fl. oz. Einzelhandelspreis00.00 \u20ac Preis f\u00fcr VIP-Kunden00.00 \u20ac Um mehr \u00fcber MONAT Junior\u2122 Sanfte Sp\u00fclung zu erfahren, wende Dich bitte an Deine MONAT Markenpartner. VORTEILE MONAT Junior\u2122 Sanfte Sp\u00fclung sorgt f\u00fcr gl\u00e4nzendes, leicht k\u00e4mmbares Haar und b\u00e4ndigt Frizz. Die milde, sichere und tr\u00e4nenfreie Formel","inLanguage":"de-DE","isPartOf":{"@id":"https:\/\/monatglobal.com\/at\/#website"},"breadcrumb":{"@id":"https:\/\/monatglobal.com\/at\/monat-junior-gentle-conditioner\/#breadcrumblist"},"image":{"@type":"ImageObject","url":"https:\/\/monatglobal.com\/at\/wp-content\/uploads\/sites\/27\/2026\/01\/MONAT-JUNIOR-Gentle-Conditioner-Ecomm-2025-1-150x150-1.png","@id":"https:\/\/monatglobal.com\/at\/monat-junior-gentle-conditioner\/#mainImage","width":150,"height":150},"primaryImageOfPage":{"@id":"https:\/\/monatglobal.com\/at\/monat-junior-gentle-conditioner\/#mainImage"},"datePublished":"2025-12-16T15:58:07+00:00","dateModified":"2026-01-28T18:09:30+00:00"},{"@type":"WebSite","@id":"https:\/\/monatglobal.com\/at\/#website","url":"https:\/\/monatglobal.com\/at\/","name":"MONAT Austria","description":"We Are Modern Nature\u00ae","inLanguage":"de-DE","publisher":{"@id":"https:\/\/monatglobal.com\/at\/#organization"}}]},"og:locale":"de_DE","og:site_name":"MONAT Austria - We Are Modern Nature\u00ae","og:type":"article","og:title":"MONAT JUNIOR\u2122 SANFTE SP\u00dcLUNG - MONAT Austria","og:description":"NEU NEU MONAT JUNIOR\u2122 SANFTE SP\u00dcLUNG B\u00e4ndige die M\u00e4hne! 177 ml \u212e 6 fl. oz. Einzelhandelspreis00.00 \u20ac Preis f\u00fcr VIP-Kunden00.00 \u20ac Um mehr \u00fcber MONAT Junior\u2122 Sanfte Sp\u00fclung zu erfahren, wende Dich bitte an Deine MONAT Markenpartner. VORTEILE MONAT Junior\u2122 Sanfte Sp\u00fclung sorgt f\u00fcr gl\u00e4nzendes, leicht k\u00e4mmbares Haar und b\u00e4ndigt Frizz. Die milde, sichere und tr\u00e4nenfreie Formel","og:url":"https:\/\/monatglobal.com\/at\/monat-junior-gentle-conditioner\/","article:published_time":"2025-12-16T15:58:07+00:00","article:modified_time":"2026-01-28T18:09:30+00:00","twitter:card":"summary_large_image","twitter:title":"MONAT JUNIOR\u2122 SANFTE SP\u00dcLUNG - MONAT Austria","twitter:description":"NEU NEU MONAT JUNIOR\u2122 SANFTE SP\u00dcLUNG B\u00e4ndige die M\u00e4hne! 177 ml \u212e 6 fl. oz. Einzelhandelspreis00.00 \u20ac Preis f\u00fcr VIP-Kunden00.00 \u20ac Um mehr \u00fcber MONAT Junior\u2122 Sanfte Sp\u00fclung zu erfahren, wende Dich bitte an Deine MONAT Markenpartner. VORTEILE MONAT Junior\u2122 Sanfte Sp\u00fclung sorgt f\u00fcr gl\u00e4nzendes, leicht k\u00e4mmbares Haar und b\u00e4ndigt Frizz. Die milde, sichere und tr\u00e4nenfreie Formel"},"aioseo_meta_data":{"post_id":"108973","title":null,"description":null,"keywords":null,"keyphrases":null,"primary_term":null,"canonical_url":null,"og_title":null,"og_description":null,"og_object_type":"default","og_image_type":"default","og_image_url":null,"og_image_width":null,"og_image_height":null,"og_image_custom_url":null,"og_image_custom_fields":null,"og_video":null,"og_custom_url":null,"og_article_section":null,"og_article_tags":null,"twitter_use_og":false,"twitter_card":"default","twitter_image_type":"default","twitter_image_url":null,"twitter_image_custom_url":null,"twitter_image_custom_fields":null,"twitter_title":null,"twitter_description":null,"schema":{"blockGraphs":[],"customGraphs":[],"default":{"data":{"Article":[],"Course":[],"Dataset":[],"FAQPage":[],"Movie":[],"Person":[],"Product":[],"ProductReview":[],"Car":[],"Recipe":[],"Service":[],"SoftwareApplication":[],"WebPage":[]},"graphName":"","isEnabled":true},"graphs":[]},"schema_type":"default","schema_type_options":null,"pillar_content":false,"robots_default":true,"robots_noindex":false,"robots_noarchive":false,"robots_nosnippet":false,"robots_nofollow":false,"robots_noimageindex":false,"robots_noodp":false,"robots_notranslate":false,"robots_max_snippet":null,"robots_max_videopreview":null,"robots_max_imagepreview":"large","priority":null,"frequency":null,"local_seo":null,"seo_analyzer_scan_date":null,"breadcrumb_settings":null,"limit_modified_date":false,"reviewed_by":null,"open_ai":null,"ai":null,"created":"2026-02-09 20:56:09","updated":"2026-02-11 16:40:16"},"aioseo_breadcrumb":"<div class=\"aioseo-breadcrumbs\"><span class=\"aioseo-breadcrumb\">\n\t<a href=\"https:\/\/monatglobal.com\/at\" title=\"Home\">Home<\/a>\n<\/span><span class=\"aioseo-breadcrumb-separator\">&raquo;<\/span><span class=\"aioseo-breadcrumb\">\n\tMONAT JUNIOR\u2122 SANFTE SP\u00dcLUNG\n<\/span><\/div>","aioseo_breadcrumb_json":[{"label":"Home","link":"https:\/\/monatglobal.com\/at"},{"label":"MONAT JUNIOR\u2122 SANFTE SP\u00dcLUNG","link":"https:\/\/monatglobal.com\/at\/monat-junior-gentle-conditioner\/"}],"_links":{"self":[{"href":"https:\/\/monatglobal.com\/at\/wp-json\/wp\/v2\/pages\/108973","targetHints":{"allow":["GET"]}}],"collection":[{"href":"https:\/\/monatglobal.com\/at\/wp-json\/wp\/v2\/pages"}],"about":[{"href":"https:\/\/monatglobal.com\/at\/wp-json\/wp\/v2\/types\/page"}],"author":[{"embeddable":true,"href":"https:\/\/monatglobal.com\/at\/wp-json\/wp\/v2\/users\/57"}],"replies":[{"embeddable":true,"href":"https:\/\/monatglobal.com\/at\/wp-json\/wp\/v2\/comments?post=108973"}],"version-history":[{"count":8,"href":"https:\/\/monatglobal.com\/at\/wp-json\/wp\/v2\/pages\/108973\/revisions"}],"predecessor-version":[{"id":109139,"href":"https:\/\/monatglobal.com\/at\/wp-json\/wp\/v2\/pages\/108973\/revisions\/109139"}],"wp:featuredmedia":[{"embeddable":true,"href":"https:\/\/monatglobal.com\/at\/wp-json\/wp\/v2\/media\/109138"}],"wp:attachment":[{"href":"https:\/\/monatglobal.com\/at\/wp-json\/wp\/v2\/media?parent=108973"}],"wp:term":[{"taxonomy":"category","embeddable":true,"href":"https:\/\/monatglobal.com\/at\/wp-json\/wp\/v2\/categories?post=108973"},{"taxonomy":"post_tag","embeddable":true,"href":"https:\/\/monatglobal.com\/at\/wp-json\/wp\/v2\/tags?post=108973"}],"curies":[{"name":"wp","href":"https:\/\/api.w.org\/{rel}","templated":true}]}}