{"id":108904,"date":"2025-12-03T16:28:50","date_gmt":"2025-12-03T16:28:50","guid":{"rendered":"https:\/\/monatglobal.com\/at\/?page_id=108904"},"modified":"2026-01-28T20:47:09","modified_gmt":"2026-01-28T20:47:09","slug":"renew-shampoo","status":"publish","type":"page","link":"https:\/\/monatglobal.com\/at\/renew-shampoo\/","title":{"rendered":"Renew\u2122 Shampoo | MONAT Haarprodukte | Feuchtigkeitsspendendes Shampoo"},"content":{"rendered":"\n\n\t<link rel=\"stylesheet\" href=\"https:\/\/unpkg.com\/swiper\/swiper-bundle.min.css\" \/>\n<link rel=\"stylesheet\" href=\"https:\/\/monatglobal.com\/wp-content\/creative_css\/product_styles_sheet.css\" \/> \n   <!--==================================================== ECOMM SECTION ====================================================-->\n   <p>BESTSELLER<\/p>\n      <!--==================================================== Ecomm image ====================================================-->\n      <img decoding=\"async\" src=\"https:\/\/monatglobal.com\/wp-content\/uploads\/2022\/06\/renew-shampoo-e-comm.png\" alt=\"Renew Shampoo\"\/>\n      <!--==================================================== Ecomm information  ====================================================-->\n          \n         NEU\n         <p>BESTSELLER<\/p>\n         <h1>Renew\u2122<br \/>Shampoo<\/h1>\n         <p>mit REJUVENIQE<sup>\u00ae<\/sup><\/p>\n         <p>Die verbesserte Formel reinigt sanft und versorgt mittleres bis dickes, trockenes Haar mit N\u00e4hrstoffen und Feuchtigkeit. <\/p>   \n         <p>237 ml e 8 fl. oz.<\/p>\n           <!--==================================================== pricing ====================================================--> \n               <p>Einzelhandelspreis<br \/>00.00 \u20ac<\/p>\n               <p>Preis f\u00fcr VIP-Kunden<br \/>00.00 \u20ac<\/p>\n   <!--==================================================== pricing ====================================================-->\n         <p>Um mehr \u00fcber Renew<sup>\u2122<\/sup> Shampoo zu erfahren, wende Dich bitte an Deinen MONAT Markenpartner.&nbsp; <\/p>\n          <a href=\"\" target=\"_blank\" role=\"button\" aria-label=\"\" rel=\"noopener\"><\/a>\n   <!--==================================================== \/ECOMM SECTION  ====================================================-->\n   <!--==================================================== Benefits image ====================================================-->\n   \n      <source media=\"(max-width: 700px)\" srcset=\"https:\/\/monatglobal.com\/wp-content\/uploads\/2022\/06\/renew-shampoo-benefits-mobile.jpg\"\/>\n      <img decoding=\"async\" alt=\"A blonde female smiling and wearing a purple blouse.\" \n      src=\"https:\/\/monatglobal.com\/wp-content\/uploads\/2022\/06\/renew-shampoo-benefits.jpg\"\/>\n   \n   <!--==================================================== Benefits text ====================================================-->\n         <h2>VORTEILE<\/h2>\n         <h3>Verw\u00f6hne Dein Haar mit der neuen revitalisierten Formel, die sanft reinigt, Feuchtigkeit spendet, n\u00e4hrt und trockenes Haar auff\u00fcllt. <\/h3>\n         <p>Erleichtert das Entwirren und macht Dein Haar geschmeidig, gl\u00e4nzend und leicht k\u00e4mmbar.<\/p>\n         <!--==================================================== features image  ====================================================-->\n         <img decoding=\"async\" alt=\"Renew Shampoo on a beige surface, sitting next to lemon slices, an orange slice, cranberry seeds, and a white flower.\" \n         src=\"https:\/\/monatglobal.com\/wp-content\/uploads\/2022\/06\/renew-shampoo-features.jpg\"\/>\n      <!--==================================================== features text ====================================================-->\n            <h3>Eigenschaften<\/h3>\n               <p>\/ Sanfte Reinigung, ohne das Haar auszutrocknen*<\/p>\n               <p>\/ Spendet Feuchtigkeit und unterst\u00fctzt die Feuchtigkeitsspeicherung*<\/p>\n               <p>\/ Verbessert K\u00e4mmbarkeit, Gl\u00e4tte und Geschmeidigkeit*<\/p>\n               <p>\/ Verleiht strahlenden Glanz*<\/p>\n            <p>*Basierend auf einer 7-t\u00e4gigen Verbraucherstudie mit 51 Teilnehmenden, durchgef\u00fchrt von einem unabh\u00e4ngigen Labor. <\/p> <br \/>\n            <p>Duft \/ Ein krautiger, floraler Duft mit Noten von Jasmin, Meyer-Zitrone, Neroli und gr\u00fcnem Tee.<\/p>\n            <p> Textur \/ Creme<\/p>\n   <!--==================================================== composition image mobile ====================================================-->\n   <img decoding=\"async\" alt=\"Renew Shampoo and Restore Leave-In Conditioner on a marble surface, next to a white towel.\" src=\"https:\/\/monatglobal.com\/wp-content\/uploads\/2022\/06\/renew-shampoo-comp1.jpg\"\/>\n   <!--==================================================== Why it works text ====================================================-->\n      <h2>Luxuri\u00f6se Pflege. Maximale Strahlkraft.<\/h2>\n      <h3>Mit luxuri\u00f6sem Feuchtigkeitskomplex und veganer Superfood-Mischung aus wichtigen Inhaltsstoffen versorgt die verbesserte Formel sowohl Haar als auch Kopfhaut mit Feuchtigkeit, bek\u00e4mpft Trockenheit und hinterl\u00e4sst das Haar geschmeidig, gepflegt und revitalisiert.<\/h3>\n      <p>Designed for medium to thick hair delivers our exclusive REJUVENIQE\u00ae oil blend, omega-fatty acids, and pea extract for healthier-looking&nbsp;strands.<\/p>\n<!--==================================================== Composition section ====================================================-->\n      <img decoding=\"async\" alt=\"Renew Shampoo and Restore Leave-In Conditioner on a marble surface, next to a white towel.\" src=\"https:\/\/monatglobal.com\/wp-content\/uploads\/2022\/06\/renew-shampoo-comp1.jpg\"\/>\n      <img decoding=\"async\" alt=\"A blonde female smiling, overlapping a photo of a texture shot of Renew Shampoo.\" src=\"https:\/\/monatglobal.com\/wp-content\/uploads\/2022\/06\/renew-shampoo-comp3.jpg\"\/>\n            <!--==================================================== Directions text ====================================================--> \n               <h3>Anwendung<\/h3>\n               <p>\/ Auf das nasse Haar auftragen. <\/p>\n               <p>\/ 1-2 Minuten aufsch\u00e4umen lassen. <\/p>\n               <p>\/ Gr\u00fcndlich aussp\u00fclen und bei Bedarf wiederholen.  <\/p>\n               <p>\/ Anschlie\u00dfend Renew\u2122 Sp\u00fclung oder Replenish\u2122 Maske und Restore\u2122 Leave-In Conditioner verwenden.<\/p>\n            <!--==================================================== Directions video ====================================================--> \n      <p>Renew\u2122 Shampoo<br \/>1:27<\/p>\n      <a href=\"\" target=\"_blank\" role=\"button\" aria-label=\"\" rel=\"noopener\"><\/a>\n   <!--==================================================== Ingredients section  ====================================================-->\n      <h2>Wichtige Inhaltsstoffe<\/h2>\n               <p>REJUVENIQE<sup>\u00ae<\/sup><\/p>\n               <p>CAPIXYL<sup>\u00ae<\/sup><\/p>\n               <p>Erbsenextrakt <\/p>\n                <img decoding=\"async\" alt=\"Vitamin E icon\" src=\"https:\/\/monatglobal.com\/wp-content\/uploads\/2023\/11\/Moisture-Complex.svg\"\/>\n               <p>Feuchtigkeitskomplex  <\/p>\n        <button id=\"myBtn\" type=\"button\">Alle Inhaltsstoffe ansehen<\/button>\n      <!--==================================================== Modal content  ====================================================-->\n         &times;\n         <p>Aqua\/Water\/Eau, Sodium C14-16 Olefin Sulfonate, Lauramidopropyl Betaine, Sodium Cocoamphoacetate, Sodium Methyl Cocoyl Taurate, Sodium Chloride, Fragrance\/Parfum, Cocamidopropyl Hydroxysultaine, Guar Hydroxypropyltrimonium Chloride, Stearyldimoniumhydroxypropyl Laurylglucosides Chloride, Pisum Sativum (Pea) Extract, Pisum Sativum (Pea) Seed Extract, Acetyl Tetrapeptide-3, Trifolium Pratense (Clover) Flower Extract, Limnanthes Alba (Meadowfoam) Seed Oil, Crambe Abyssinica Seed Oil, Camellia Oleifera Seed Oil, Solanum Lycopersicum (Tomato) Seed Oil, Daucus Carota Sativa (Carrot) Seed Oil, Citrus Limon (Lemon) Peel Oil, Citrus Aurantifolia (Lime) Oil, Citrus Aurantium Bergamia (Bergamot) Fruit Oil, Adansonia Digitata Oil, Mauritia Flexuosa Fruit Oil, Cocos Nucifera (Coconut) Oil, Gardenia Taitensis Flower Extract, Moringa Oleifera Seed Oil, Caryocar Brasiliense Fruit Oil, Helianthus Annuus (Sunflower) Seed Oil, Glycerin, Hydrolyzed Quinoa, Dextran, Citric Acid, Sodium Hydroxide, Propanediol, Glycol Distearate, Sodium Hydroxypropylphosphate Decylglucoside Crosspolymer, Sodium Stearoyl Lactylate, Butylene Glycol, Propylene Glycol, Amodimethicone, Trideceth-12, Sodium Hyaluronate, Cetrimonium Chloride, Benzoic Acid, Sodium Benzoate, Cinnamidopropyltrimonium Chloride, Caprylyl Glycol, Caprylhydroxamic Acid, Sodium Gluconate, Coconut Acid, Lauramidopropyl Dimethylamine, Panthenol, 1,2-Hexanediol, Methylpropanediol, Ethylhexylglycerin, Benzyl Alcohol, Potassium Sorbate, Citronellol, Hexyl Cinnamal, Limonene.<\/p>\n   <!--==================================================== You might also like section ====================================================-->\n      <h2>DAS K\u00d6NNTE DIR AUCH GEFALLEN<\/h2>\n      <!--==================================================== Slider YOU MIGHT ALSO LIKE ====================================================-->\n         <!--==================================================== If we need navigation buttons  ====================================================-->\n         <!--==================================================== If we need paginations  ====================================================-->\n    <a href=\"\" aria-label=\"\"><\/a>\n<!--==================================================== this link has to go last for it to work   ====================================================-->\n\n","protected":false},"excerpt":{"rendered":"<p>BESTSELLER NEU BESTSELLER Renew\u2122Shampoo mit REJUVENIQE\u00ae Die verbesserte Formel reinigt sanft und versorgt mittleres bis dickes, trockenes Haar mit N\u00e4hrstoffen und Feuchtigkeit. 237 ml e 8 fl. oz. Einzelhandelspreis00.00 \u20ac Preis f\u00fcr VIP-Kunden00.00 \u20ac Um mehr \u00fcber Renew\u2122 Shampoo zu erfahren, wende Dich bitte an Deinen MONAT Markenpartner.&nbsp; VORTEILE Verw\u00f6hne Dein Haar mit der neuen&hellip;<\/p>\n","protected":false},"author":31,"featured_media":108905,"parent":0,"menu_order":0,"comment_status":"closed","ping_status":"closed","template":"","meta":{"inline_featured_image":false,"footnotes":""},"categories":[21],"tags":[],"class_list":["post-108904","page","type-page","status-publish","has-post-thumbnail","hentry","category-product-at"],"aioseo_notices":[],"aioseo_head":"\n\t\t<!-- All in One SEO Pro 4.9.5.2 - aioseo.com -->\n\t<meta name=\"description\" content=\"BESTSELLER NEU BESTSELLER Renew\u2122Shampoo mit REJUVENIQE\u00ae Die verbesserte Formel reinigt sanft und versorgt mittleres bis dickes, trockenes Haar mit N\u00e4hrstoffen und Feuchtigkeit. 237 ml e 8 fl. oz. Einzelhandelspreis00.00 \u20ac Preis f\u00fcr VIP-Kunden00.00 \u20ac Um mehr \u00fcber Renew\u2122 Shampoo zu erfahren, wende Dich bitte an Deinen MONAT Markenpartner. VORTEILE Verw\u00f6hne Dein Haar mit der neuen\" \/>\n\t<meta name=\"robots\" content=\"noindex, nofollow, max-image-preview:large\" \/>\n\t<link rel=\"canonical\" href=\"https:\/\/monatglobal.com\/at\/renew-shampoo\/\" \/>\n\t<meta name=\"generator\" content=\"All in One SEO Pro (AIOSEO) 4.9.5.2\" \/>\n\t\t<meta property=\"og:locale\" content=\"de_DE\" \/>\n\t\t<meta property=\"og:site_name\" content=\"MONAT Austria - We Are Modern Nature\u00ae\" \/>\n\t\t<meta property=\"og:type\" content=\"article\" \/>\n\t\t<meta property=\"og:title\" content=\"Renew\u2122 Shampoo | MONAT Haarprodukte | Feuchtigkeitsspendendes Shampoo - MONAT Austria\" \/>\n\t\t<meta property=\"og:description\" content=\"BESTSELLER NEU BESTSELLER Renew\u2122Shampoo mit REJUVENIQE\u00ae Die verbesserte Formel reinigt sanft und versorgt mittleres bis dickes, trockenes Haar mit N\u00e4hrstoffen und Feuchtigkeit. 237 ml e 8 fl. oz. Einzelhandelspreis00.00 \u20ac Preis f\u00fcr VIP-Kunden00.00 \u20ac Um mehr \u00fcber Renew\u2122 Shampoo zu erfahren, wende Dich bitte an Deinen MONAT Markenpartner. VORTEILE Verw\u00f6hne Dein Haar mit der neuen\" \/>\n\t\t<meta property=\"og:url\" content=\"https:\/\/monatglobal.com\/at\/renew-shampoo\/\" \/>\n\t\t<meta property=\"article:published_time\" content=\"2025-12-03T16:28:50+00:00\" \/>\n\t\t<meta property=\"article:modified_time\" content=\"2026-01-28T20:47:09+00:00\" \/>\n\t\t<meta name=\"twitter:card\" content=\"summary_large_image\" \/>\n\t\t<meta name=\"twitter:title\" content=\"Renew\u2122 Shampoo | MONAT Haarprodukte | Feuchtigkeitsspendendes Shampoo - MONAT Austria\" \/>\n\t\t<meta name=\"twitter:description\" content=\"BESTSELLER NEU BESTSELLER Renew\u2122Shampoo mit REJUVENIQE\u00ae Die verbesserte Formel reinigt sanft und versorgt mittleres bis dickes, trockenes Haar mit N\u00e4hrstoffen und Feuchtigkeit. 237 ml e 8 fl. oz. Einzelhandelspreis00.00 \u20ac Preis f\u00fcr VIP-Kunden00.00 \u20ac Um mehr \u00fcber Renew\u2122 Shampoo zu erfahren, wende Dich bitte an Deinen MONAT Markenpartner. VORTEILE Verw\u00f6hne Dein Haar mit der neuen\" \/>\n\t\t<script type=\"application\/ld+json\" class=\"aioseo-schema\">\n\t\t\t{\"@context\":\"https:\\\/\\\/schema.org\",\"@graph\":[{\"@type\":\"BreadcrumbList\",\"@id\":\"https:\\\/\\\/monatglobal.com\\\/at\\\/renew-shampoo\\\/#breadcrumblist\",\"itemListElement\":[{\"@type\":\"ListItem\",\"@id\":\"https:\\\/\\\/monatglobal.com\\\/at#listItem\",\"position\":1,\"name\":\"Home\",\"item\":\"https:\\\/\\\/monatglobal.com\\\/at\",\"nextItem\":{\"@type\":\"ListItem\",\"@id\":\"https:\\\/\\\/monatglobal.com\\\/at\\\/renew-shampoo\\\/#listItem\",\"name\":\"Renew\\u2122 Shampoo | MONAT Haarprodukte | Feuchtigkeitsspendendes Shampoo\"}},{\"@type\":\"ListItem\",\"@id\":\"https:\\\/\\\/monatglobal.com\\\/at\\\/renew-shampoo\\\/#listItem\",\"position\":2,\"name\":\"Renew\\u2122 Shampoo | MONAT Haarprodukte | Feuchtigkeitsspendendes Shampoo\",\"previousItem\":{\"@type\":\"ListItem\",\"@id\":\"https:\\\/\\\/monatglobal.com\\\/at#listItem\",\"name\":\"Home\"}}]},{\"@type\":\"Organization\",\"@id\":\"https:\\\/\\\/monatglobal.com\\\/at\\\/#organization\",\"name\":\"MONAT Austria\",\"description\":\"We Are Modern Nature\\u00ae\",\"url\":\"https:\\\/\\\/monatglobal.com\\\/at\\\/\"},{\"@type\":\"WebPage\",\"@id\":\"https:\\\/\\\/monatglobal.com\\\/at\\\/renew-shampoo\\\/#webpage\",\"url\":\"https:\\\/\\\/monatglobal.com\\\/at\\\/renew-shampoo\\\/\",\"name\":\"Renew\\u2122 Shampoo | MONAT Haarprodukte | Feuchtigkeitsspendendes Shampoo - MONAT Austria\",\"description\":\"BESTSELLER NEU BESTSELLER Renew\\u2122Shampoo mit REJUVENIQE\\u00ae Die verbesserte Formel reinigt sanft und versorgt mittleres bis dickes, trockenes Haar mit N\\u00e4hrstoffen und Feuchtigkeit. 237 ml e 8 fl. oz. Einzelhandelspreis00.00 \\u20ac Preis f\\u00fcr VIP-Kunden00.00 \\u20ac Um mehr \\u00fcber Renew\\u2122 Shampoo zu erfahren, wende Dich bitte an Deinen MONAT Markenpartner. VORTEILE Verw\\u00f6hne Dein Haar mit der neuen\",\"inLanguage\":\"de-DE\",\"isPartOf\":{\"@id\":\"https:\\\/\\\/monatglobal.com\\\/at\\\/#website\"},\"breadcrumb\":{\"@id\":\"https:\\\/\\\/monatglobal.com\\\/at\\\/renew-shampoo\\\/#breadcrumblist\"},\"image\":{\"@type\":\"ImageObject\",\"url\":\"https:\\\/\\\/monatglobal.com\\\/at\\\/wp-content\\\/uploads\\\/sites\\\/27\\\/2025\\\/12\\\/renew-shampoo-e-comm.png\",\"@id\":\"https:\\\/\\\/monatglobal.com\\\/at\\\/renew-shampoo\\\/#mainImage\",\"width\":641,\"height\":800},\"primaryImageOfPage\":{\"@id\":\"https:\\\/\\\/monatglobal.com\\\/at\\\/renew-shampoo\\\/#mainImage\"},\"datePublished\":\"2025-12-03T16:28:50+00:00\",\"dateModified\":\"2026-01-28T20:47:09+00:00\"},{\"@type\":\"WebSite\",\"@id\":\"https:\\\/\\\/monatglobal.com\\\/at\\\/#website\",\"url\":\"https:\\\/\\\/monatglobal.com\\\/at\\\/\",\"name\":\"MONAT Austria\",\"description\":\"We Are Modern Nature\\u00ae\",\"inLanguage\":\"de-DE\",\"publisher\":{\"@id\":\"https:\\\/\\\/monatglobal.com\\\/at\\\/#organization\"}}]}\n\t\t<\/script>\n\t\t<!-- All in One SEO Pro -->\r\n\t\t<title>Renew\u2122 Shampoo | MONAT Haarprodukte | Feuchtigkeitsspendendes Shampoo - MONAT Austria<\/title>\n\n","aioseo_head_json":{"title":"Renew\u2122 Shampoo | MONAT Haarprodukte | Feuchtigkeitsspendendes Shampoo - MONAT Austria","description":"BESTSELLER NEU BESTSELLER Renew\u2122Shampoo mit REJUVENIQE\u00ae Die verbesserte Formel reinigt sanft und versorgt mittleres bis dickes, trockenes Haar mit N\u00e4hrstoffen und Feuchtigkeit. 237 ml e 8 fl. oz. Einzelhandelspreis00.00 \u20ac Preis f\u00fcr VIP-Kunden00.00 \u20ac Um mehr \u00fcber Renew\u2122 Shampoo zu erfahren, wende Dich bitte an Deinen MONAT Markenpartner. VORTEILE Verw\u00f6hne Dein Haar mit der neuen","canonical_url":"https:\/\/monatglobal.com\/at\/renew-shampoo\/","robots":"noindex, nofollow, max-image-preview:large","keywords":"","webmasterTools":{"miscellaneous":""},"schema":{"@context":"https:\/\/schema.org","@graph":[{"@type":"BreadcrumbList","@id":"https:\/\/monatglobal.com\/at\/renew-shampoo\/#breadcrumblist","itemListElement":[{"@type":"ListItem","@id":"https:\/\/monatglobal.com\/at#listItem","position":1,"name":"Home","item":"https:\/\/monatglobal.com\/at","nextItem":{"@type":"ListItem","@id":"https:\/\/monatglobal.com\/at\/renew-shampoo\/#listItem","name":"Renew\u2122 Shampoo | MONAT Haarprodukte | Feuchtigkeitsspendendes Shampoo"}},{"@type":"ListItem","@id":"https:\/\/monatglobal.com\/at\/renew-shampoo\/#listItem","position":2,"name":"Renew\u2122 Shampoo | MONAT Haarprodukte | Feuchtigkeitsspendendes Shampoo","previousItem":{"@type":"ListItem","@id":"https:\/\/monatglobal.com\/at#listItem","name":"Home"}}]},{"@type":"Organization","@id":"https:\/\/monatglobal.com\/at\/#organization","name":"MONAT Austria","description":"We Are Modern Nature\u00ae","url":"https:\/\/monatglobal.com\/at\/"},{"@type":"WebPage","@id":"https:\/\/monatglobal.com\/at\/renew-shampoo\/#webpage","url":"https:\/\/monatglobal.com\/at\/renew-shampoo\/","name":"Renew\u2122 Shampoo | MONAT Haarprodukte | Feuchtigkeitsspendendes Shampoo - MONAT Austria","description":"BESTSELLER NEU BESTSELLER Renew\u2122Shampoo mit REJUVENIQE\u00ae Die verbesserte Formel reinigt sanft und versorgt mittleres bis dickes, trockenes Haar mit N\u00e4hrstoffen und Feuchtigkeit. 237 ml e 8 fl. oz. Einzelhandelspreis00.00 \u20ac Preis f\u00fcr VIP-Kunden00.00 \u20ac Um mehr \u00fcber Renew\u2122 Shampoo zu erfahren, wende Dich bitte an Deinen MONAT Markenpartner. VORTEILE Verw\u00f6hne Dein Haar mit der neuen","inLanguage":"de-DE","isPartOf":{"@id":"https:\/\/monatglobal.com\/at\/#website"},"breadcrumb":{"@id":"https:\/\/monatglobal.com\/at\/renew-shampoo\/#breadcrumblist"},"image":{"@type":"ImageObject","url":"https:\/\/monatglobal.com\/at\/wp-content\/uploads\/sites\/27\/2025\/12\/renew-shampoo-e-comm.png","@id":"https:\/\/monatglobal.com\/at\/renew-shampoo\/#mainImage","width":641,"height":800},"primaryImageOfPage":{"@id":"https:\/\/monatglobal.com\/at\/renew-shampoo\/#mainImage"},"datePublished":"2025-12-03T16:28:50+00:00","dateModified":"2026-01-28T20:47:09+00:00"},{"@type":"WebSite","@id":"https:\/\/monatglobal.com\/at\/#website","url":"https:\/\/monatglobal.com\/at\/","name":"MONAT Austria","description":"We Are Modern Nature\u00ae","inLanguage":"de-DE","publisher":{"@id":"https:\/\/monatglobal.com\/at\/#organization"}}]},"og:locale":"de_DE","og:site_name":"MONAT Austria - We Are Modern Nature\u00ae","og:type":"article","og:title":"Renew\u2122 Shampoo | MONAT Haarprodukte | Feuchtigkeitsspendendes Shampoo - MONAT Austria","og:description":"BESTSELLER NEU BESTSELLER Renew\u2122Shampoo mit REJUVENIQE\u00ae Die verbesserte Formel reinigt sanft und versorgt mittleres bis dickes, trockenes Haar mit N\u00e4hrstoffen und Feuchtigkeit. 237 ml e 8 fl. oz. Einzelhandelspreis00.00 \u20ac Preis f\u00fcr VIP-Kunden00.00 \u20ac Um mehr \u00fcber Renew\u2122 Shampoo zu erfahren, wende Dich bitte an Deinen MONAT Markenpartner. VORTEILE Verw\u00f6hne Dein Haar mit der neuen","og:url":"https:\/\/monatglobal.com\/at\/renew-shampoo\/","article:published_time":"2025-12-03T16:28:50+00:00","article:modified_time":"2026-01-28T20:47:09+00:00","twitter:card":"summary_large_image","twitter:title":"Renew\u2122 Shampoo | MONAT Haarprodukte | Feuchtigkeitsspendendes Shampoo - MONAT Austria","twitter:description":"BESTSELLER NEU BESTSELLER Renew\u2122Shampoo mit REJUVENIQE\u00ae Die verbesserte Formel reinigt sanft und versorgt mittleres bis dickes, trockenes Haar mit N\u00e4hrstoffen und Feuchtigkeit. 237 ml e 8 fl. oz. Einzelhandelspreis00.00 \u20ac Preis f\u00fcr VIP-Kunden00.00 \u20ac Um mehr \u00fcber Renew\u2122 Shampoo zu erfahren, wende Dich bitte an Deinen MONAT Markenpartner. VORTEILE Verw\u00f6hne Dein Haar mit der neuen"},"aioseo_meta_data":{"post_id":"108904","title":null,"description":null,"keywords":null,"keyphrases":null,"primary_term":null,"canonical_url":null,"og_title":null,"og_description":null,"og_object_type":"default","og_image_type":"default","og_image_url":null,"og_image_width":null,"og_image_height":null,"og_image_custom_url":null,"og_image_custom_fields":null,"og_video":null,"og_custom_url":null,"og_article_section":null,"og_article_tags":null,"twitter_use_og":false,"twitter_card":"default","twitter_image_type":"default","twitter_image_url":null,"twitter_image_custom_url":null,"twitter_image_custom_fields":null,"twitter_title":null,"twitter_description":null,"schema":{"blockGraphs":[],"customGraphs":[],"default":{"data":{"Article":[],"Course":[],"Dataset":[],"FAQPage":[],"Movie":[],"Person":[],"Product":[],"ProductReview":[],"Car":[],"Recipe":[],"Service":[],"SoftwareApplication":[],"WebPage":[]},"graphName":"","isEnabled":true},"graphs":[]},"schema_type":"default","schema_type_options":null,"pillar_content":false,"robots_default":true,"robots_noindex":false,"robots_noarchive":false,"robots_nosnippet":false,"robots_nofollow":false,"robots_noimageindex":false,"robots_noodp":false,"robots_notranslate":false,"robots_max_snippet":null,"robots_max_videopreview":null,"robots_max_imagepreview":"large","priority":null,"frequency":null,"local_seo":null,"seo_analyzer_scan_date":null,"breadcrumb_settings":null,"limit_modified_date":false,"reviewed_by":null,"open_ai":null,"ai":null,"created":"2026-02-09 20:56:09","updated":"2026-02-11 16:40:16"},"aioseo_breadcrumb":"<div class=\"aioseo-breadcrumbs\"><span class=\"aioseo-breadcrumb\">\n\t<a href=\"https:\/\/monatglobal.com\/at\" title=\"Home\">Home<\/a>\n<\/span><span class=\"aioseo-breadcrumb-separator\">&raquo;<\/span><span class=\"aioseo-breadcrumb\">\n\tRenew\u2122 Shampoo | MONAT Haarprodukte | Feuchtigkeitsspendendes Shampoo\n<\/span><\/div>","aioseo_breadcrumb_json":[{"label":"Home","link":"https:\/\/monatglobal.com\/at"},{"label":"Renew\u2122 Shampoo | MONAT Haarprodukte | Feuchtigkeitsspendendes Shampoo","link":"https:\/\/monatglobal.com\/at\/renew-shampoo\/"}],"_links":{"self":[{"href":"https:\/\/monatglobal.com\/at\/wp-json\/wp\/v2\/pages\/108904","targetHints":{"allow":["GET"]}}],"collection":[{"href":"https:\/\/monatglobal.com\/at\/wp-json\/wp\/v2\/pages"}],"about":[{"href":"https:\/\/monatglobal.com\/at\/wp-json\/wp\/v2\/types\/page"}],"author":[{"embeddable":true,"href":"https:\/\/monatglobal.com\/at\/wp-json\/wp\/v2\/users\/31"}],"replies":[{"embeddable":true,"href":"https:\/\/monatglobal.com\/at\/wp-json\/wp\/v2\/comments?post=108904"}],"version-history":[{"count":10,"href":"https:\/\/monatglobal.com\/at\/wp-json\/wp\/v2\/pages\/108904\/revisions"}],"predecessor-version":[{"id":109166,"href":"https:\/\/monatglobal.com\/at\/wp-json\/wp\/v2\/pages\/108904\/revisions\/109166"}],"wp:featuredmedia":[{"embeddable":true,"href":"https:\/\/monatglobal.com\/at\/wp-json\/wp\/v2\/media\/108905"}],"wp:attachment":[{"href":"https:\/\/monatglobal.com\/at\/wp-json\/wp\/v2\/media?parent=108904"}],"wp:term":[{"taxonomy":"category","embeddable":true,"href":"https:\/\/monatglobal.com\/at\/wp-json\/wp\/v2\/categories?post=108904"},{"taxonomy":"post_tag","embeddable":true,"href":"https:\/\/monatglobal.com\/at\/wp-json\/wp\/v2\/tags?post=108904"}],"curies":[{"name":"wp","href":"https:\/\/api.w.org\/{rel}","templated":true}]}}