{"id":108582,"date":"2025-08-22T01:11:21","date_gmt":"2025-08-22T00:11:21","guid":{"rendered":"https:\/\/monatglobal.com\/it\/?page_id=108442"},"modified":"2026-01-28T21:20:13","modified_gmt":"2026-01-28T21:20:13","slug":"barrier-booster-toner","status":"publish","type":"page","link":"https:\/\/monatglobal.com\/at\/barrier-booster-toner\/","title":{"rendered":"MONAT Barrier Booster\u2122 Ceramid-Toner"},"content":{"rendered":"\n<!--Title: MONAT Barrier Booster\u2122 Ceramid-Toner I Feuchtigkeitspflege-->\n<!--Meta: Der MONAT Barrier Booster\u2122 Ceramid-Toner beruhigt, pflegt und st\u00e4rkt deine Haut. Er unterst\u00fctzt die nat\u00fcrliche Hautbarriere, spendet Feuchtigkeit und sorgt f\u00fcr ein ausgeglichenes, strahlendes Hautbild.-->\n<link rel=\"stylesheet\" href=\"https:\/\/monatglobal.com\/wp-content\/creative_css\/product_styles_sheet.css\">\n   <!--==================================================== ECOMM SECTION ====================================================-->\n       NEU\n      <!--==================================================== Ecomm image ====================================================-->\n                <!--Ecomm Image-->\n              <img decoding=\"async\" alt=\"bottle of Barrier Booster Ceramide Infusion Toner\" src=\"https:\/\/monatglobal.com\/wp-content\/uploads\/2025\/08\/CERAMIDE-INFUSION-TONER-ECOMM-2025-min.png\" loading=\"lazy\">\n              <!--Ecomm Image-->\n            <!--before and after front-->\n              <img decoding=\"async\" alt=\"Woman laughing while applying MONAT Barrier Booster\u2122 Ceramide Infusion Toner to her face\" src=\"https:\/\/monatglobal.com\/wp-content\/uploads\/2025\/08\/MONAT-Barrier-Booster-Ceramide-Infusion-Toner-model-close-up-min.jpg\" loading=\"lazy\">\n              \n            <!--before and after front-->\n            <!--before and after back-->\n              <img decoding=\"async\" alt=\"The toner bottle placed in front of a golden splash effect on a soft beige background\" src=\"https:\/\/monatglobal.com\/wp-content\/uploads\/2025\/08\/MONAT-Barrier-Booster-Ceramide-Infusion-Toner-ecomm-product-texture-min.jpg\" loading=\"lazy\">\n              \n            <!--before and after back-->\n              <img decoding=\"async\" alt=\" close up picture image of hands opening a bottle of Barrier Booster Ceramide Infusion Toner \" src=\"https:\/\/monatglobal.com\/wp-content\/uploads\/2025\/08\/MONAT-Barrier-Booster-Ceramide-Infusion-Toner-video-thumbnail-min.jpg\" loading=\"lazy\">\n                      <!--Ecomm Image-->\n                    <img decoding=\"async\" alt=\"bottle of Barrier Booster Ceramide Infusion Toner\" src=\"https:\/\/monatglobal.com\/wp-content\/uploads\/2025\/08\/CERAMIDE-INFUSION-TONER-ECOMM-2025-min.png\" data-lbxp=\"\" loading=\"lazy\">\n                    <!--Ecomm Image-->\n                  <!--before and after front-->\n                    <img decoding=\"async\" alt=\"Woman laughing while applying MONAT Barrier Booster\u2122 Ceramide Infusion Toner to her face\" src=\"https:\/\/monatglobal.com\/wp-content\/uploads\/2025\/08\/MONAT-Barrier-Booster-Ceramide-Infusion-Toner-model-close-up-min.jpg\" data-lbxp=\"\" loading=\"lazy\">\n                  <!--before and after front-->\n                  <!--before and after back-->\n                    <img decoding=\"async\" alt=\"The toner bottle placed in front of a golden splash effect on a soft beige background\" src=\"https:\/\/monatglobal.com\/wp-content\/uploads\/2025\/08\/MONAT-Barrier-Booster-Ceramide-Infusion-Toner-ecomm-product-texture-min.jpg\" data-lbxp=\"\" loading=\"lazy\">\n                  <!--before and after back-->\n                    <img decoding=\"async\" alt=\"close up picture image of hands opening a bottle of Barrier Booster Ceramide Infusion Toner\" src=\"https:\/\/monatglobal.com\/wp-content\/uploads\/2025\/08\/MONAT-Barrier-Booster-Ceramide-Infusion-Toner-video-thumbnail-min.jpg\" loading=\"lazy\">\n      <!--==================================================== Ecomm information  ====================================================-->\n         \n         NEU\n         <p>MONAT<\/p>\n         <h1> Barrier Booster\u2122 <br> Ceramid-Toner<\/h1>\n         <p>Bereitet die Haut vor, beruhigt sie und st\u00e4rkt gleichzeitig die nat\u00fcrliche Hautbarriere.<\/p> \n         <p>120 ml e 4 fl. oz.<\/p> \n      <!--==================================================== pricing box  ====================================================-->   \n               <p>Einzelhandelspreis<br>00.00 \u20ac<\/p>\n               <p>Preis f\u00fcr VIP-Kunden<br>00.00 \u20ac<\/p>\n      <!--==================================================== pricing box  ====================================================-->     \n         <p>Um mehr \u00fcber MONAT Barrier Booster\u2122 Ceramid-Toner zu erfahren, wende Dich bitte an Deinen MONAT&nbsp;Markenpartner.<\/p>\n          <a href=\"\" target=\"_blank\" role=\"button\" aria-label=\"\" rel=\"noopener\"><\/a>\n   <!--==================================================== \/ECOMM SECTION  ====================================================--> \n   <!--==================================================== Benefits image ====================================================-->\n  \n    <source media=\"(max-width: 700px)\" srcset=\"https:\/\/monatglobal.com\/wp-content\/uploads\/2025\/08\/MONAT-Barrier-Booster-Ceramide-Infusion-Toner-benefits-mobile-min.jpg\" loading=\"lazy\">\n      <img decoding=\"async\" src=\"https:\/\/monatglobal.com\/wp-content\/uploads\/2025\/08\/MONAT-Barrier-Booster-Ceramide-Infusion-Toner-benefits-min.jpg\" alt=\"Close-up of a woman with glowing skin, smiling while holding the toner bottle next to her cheek\" loading=\"lazy\">\n    \n   <!--==================================================== Benefits text ====================================================-->\n         <h2>VORTEILE<\/h2>\n         <h3>Deine Hautbarriere ist Dein Schutzschild.<br> Wenn sie durch allt\u00e4gliche Belastungen geschw\u00e4cht wird, kann das zu Trockenheit, verstopften Poren und empfindlicher Haut f\u00fchren.<\/h3> \n         <p> Der<strong> MONAT Barrier Booster\u2122 Ceramid-Toner <\/strong> beruhigt und pflegt Deine Haut, st\u00e4rkt sie, spendet intensive <br>Feuchtigkeit und unterst\u00fctzt ihr Wohlbefinden &#8211; f\u00fcr einen strahlenden Teint. <\/p>  \n         <!--==================================================== features image  ====================================================-->\n         <img decoding=\"async\" alt=\"Three pink toner bottles stacked creatively against a light pink background\" src=\"https:\/\/monatglobal.com\/wp-content\/uploads\/2025\/08\/MONAT-Barrier-Booster-Ceramide-Infusion-Toner-features-min.jpg\" loading=\"lazy\">\n      <!--==================================================== features text ====================================================-->\n            <h3>Eigenschaften<\/h3>  \n               <p>\/ 98 % nat\u00fcrliche Inhaltsstoffe <\/p>\n               <p>\/ St\u00e4rkt die Hautbarriere<\/p>\n               <p>\/ Spendet der Haut Feuchtigkeit<\/p>\n               <p>\/ Beruhigt die Haut und reduziert R\u00f6tungen<\/p>\n               <p>\/ F\u00fcr alle Hauttypen geeignet &#8211; auch bei empfindlicher Haut<\/p>\n            \n            *Based on a 24-hour instrumental test with 22 participants measuring skin moisturization after product application. Performed by a third-party laboratory.  \n\n<br>\n            <p>Duft \/ Frei von Duftstoffen <\/p>\n            <p> Textur \/ Milchige Fl\u00fcssigkeit<\/p> \n   <!--==================================================== composition image mobile ====================================================-->\n   <img decoding=\"async\" alt=\"MONAT Barrier Booster\u2122 Ceramide Infusion Toner bottle with creamy liquid dripping from a fresh pineapple slice above, set against a pink and yellow gradient background\" src=\"https:\/\/monatglobal.com\/wp-content\/uploads\/2025\/08\/MONAT-Barrier-Booster-Ceramide-Infusion-Toner-composition-min.jpg\" loading=\"lazy\">\n   <!--==================================================== Why it works text ====================================================-->\n      <h2>Peptidschutz f\u00fcr Glass-Skin.<\/h2>\n      <h3>Dieser hautfreundliche Toner enth\u00e4lt klinisch getestete Inhaltsstoffe wie Peptide, Ceramide und Gr\u00fcntee-Extrakt. Er st\u00e4rkt die Hautbarriere, bereitet die Haut optimal vor, beruhigt und pflegt sie &#8211; f\u00fcr ein sichtbar strahlenderes Hautbild.<\/h3>\n<!--==================================================== Composition section ====================================================-->\n      <img decoding=\"async\" alt=\"MONAT Barrier Booster\u2122 Ceramide Infusion Toner bottle with creamy liquid dripping from a fresh pineapple slice above, set against a pink and yellow gradient background\" src=\"https:\/\/monatglobal.com\/wp-content\/uploads\/2025\/08\/MONAT-Barrier-Booster-Ceramide-Infusion-Toner-composition-min.jpg\" loading=\"lazy\">\n      <img decoding=\"async\" alt=\"Woman in a white top smiling while gently applying the MONAT Barrier Booster\u2122 Ceramide Infusion Toner to her face\" src=\"https:\/\/monatglobal.com\/wp-content\/uploads\/2025\/08\/MONAT-Barrier-Booster-Ceramide-Infusion-Toner-composition-model-min.jpg\" loading=\"lazy\">\n            <!--==================================================== Directions text ====================================================--> \n               <h3>Anwendung<\/h3>\n                    <p>\/ Vor Gebrauch sch\u00fctteln. Auf die Handfl\u00e4chen geben und sanft auf Gesicht, Hals und Dekollet\u00e9 auftragen und einarbeiten. <\/p>\n                    <p>\/ Nicht aussp\u00fclen.  <\/p>\n                    <p>\/ Morgens und abends verwenden.<\/p>\n            <!--==================================================== Directions video ====================================================-->\n        <p>MONAT Barrier Booster\u2122 <br>  Ceramid-Toner<br>0:38<\/p>\n      <a href=\"\" target=\"_blank\" role=\"button\" aria-label=\"\" rel=\"noopener\"><\/a>\n   <!--==================================================== Ingredients section  ====================================================-->\n      <h2>WICHTIGE INHALTSSTOFFE<\/h2>\n          <img decoding=\"async\" src=\"https:\/\/monatglobal.com\/wp-content\/uploads\/2025\/08\/Pineapple-Fruit-Crown.svg\" alt=\"icon of Zinc Oxide\"> \n      <p>Fermentierte Ananas-Krone <\/p>\n              <img decoding=\"async\" src=\"https:\/\/monatglobal.com\/wp-content\/uploads\/2025\/08\/Ceramides-Complex.svg\" alt=\"icon of Niacinamide\">\n      <p>Ceramid-Komplex<\/p>\n           <img decoding=\"async\" src=\"https:\/\/monatglobal.com\/wp-content\/uploads\/2025\/08\/Peptide-Blend.svg\" alt=\"icon of Vitamin E\">\n      <p>Peptid-Komplex<\/p>\n            <img decoding=\"async\" src=\"https:\/\/monatglobal.com\/wp-content\/uploads\/2025\/08\/GREEN-TEA-ICON.svg\" alt=\"icon of Squalane\"> \n      <p>Gr\u00fcntee-Extrakt<\/p>\n        <button id=\"myBtn\" type=\"button\">ALLE INHALTSSTOFFE ANSEHEN<\/button>\n      <!--==================================================== Modal content  ====================================================-->\n         \u00d7\n         Aqua\/Water\/Eau, Glycerin, C12-15 Alkyl Benzoate, Coco-Caprylate\/Caprate,\nPolyglyceryl-10 Oleate, Propanediol, Saccharomyces\/Hydrolyzed Pineapple Fruit Crown Extract Ferment Filtrate, Hexapeptide-11, Tripeptide-29, Ceramide EOP, Lactobacillus Ferment, Ceramide NP, Ceramide AP, Hydroxyacetophenone, Phytosphingosine, Sodium Levulinate, Camellia Sinensis Leaf Extract, Xanthan Gum,Polysorbate 60, Sorbitan Isostearate, Butylene Glycol, Polyglyceryl-10 Stearate, Polyglyceryl-6 Behenate, Cholesterol, Behenic Acid, Cetearyl Alcohol, Glyceryl Stearate, 1,2-Hexanediol, Triethyl Citrate, Hydroxyethyl Acrylate\/Sodium Acryloyldimethyl Taurate Copolymer, Pentylene Glycol, Caprylyl Glycol, Citric Acid,\nEthylhexylglycerin, Potassium Sorbate, Chlorphenesin, Sodium Cetearyl Sulfate, Sodium Benzoate.\n   <!--==================================================== You might also like section ====================================================-->\n      <!--==================================================== Slider YOU MIGHT ALSO LIKE ====================================================-->\n      <h2>DAS K\u00d6NNTE DIR AUCH GEFALLEN<\/h2>\n      <!--==================================================== Slider YOU MIGHT ALSO LIKE ====================================================-->\n         <!--==================================================== If we need navigation buttons  ====================================================-->\n         <!--==================================================== If we need paginations  ====================================================-->\n    <a href=\"\" aria-label=\"\"><\/a>\n","protected":false},"excerpt":{"rendered":"<p>NEU NEU MONAT Barrier Booster\u2122 Ceramid-Toner Bereitet die Haut vor, beruhigt sie und st\u00e4rkt gleichzeitig die nat\u00fcrliche Hautbarriere. 120 ml e 4 fl. oz. Einzelhandelspreis00.00 \u20ac Preis f\u00fcr VIP-Kunden00.00 \u20ac Um mehr \u00fcber MONAT Barrier Booster\u2122 Ceramid-Toner zu erfahren, wende Dich bitte an Deinen MONAT&nbsp;Markenpartner. VORTEILE Deine Hautbarriere ist Dein Schutzschild. Wenn sie durch allt\u00e4gliche&hellip;<\/p>\n","protected":false},"author":57,"featured_media":109180,"parent":0,"menu_order":0,"comment_status":"closed","ping_status":"closed","template":"","meta":{"inline_featured_image":false,"footnotes":""},"categories":[21],"tags":[],"class_list":["post-108582","page","type-page","status-publish","has-post-thumbnail","hentry","category-product-at"],"aioseo_notices":[],"aioseo_head":"\n\t\t<!-- All in One SEO Pro 4.9.5.2 - aioseo.com -->\n\t<meta name=\"description\" content=\"NEU NEU MONAT Barrier Booster\u2122 Ceramid-Toner Bereitet die Haut vor, beruhigt sie und st\u00e4rkt gleichzeitig die nat\u00fcrliche Hautbarriere. 120 ml e 4 fl. oz. Einzelhandelspreis00.00 \u20ac Preis f\u00fcr VIP-Kunden00.00 \u20ac Um mehr \u00fcber MONAT Barrier Booster\u2122 Ceramid-Toner zu erfahren, wende Dich bitte an Deinen MONAT Markenpartner. VORTEILE Deine Hautbarriere ist Dein Schutzschild. Wenn sie durch allt\u00e4gliche\" \/>\n\t<meta name=\"robots\" content=\"noindex, nofollow, max-image-preview:large\" \/>\n\t<link rel=\"canonical\" href=\"https:\/\/monatglobal.com\/at\/barrier-booster-toner\/\" \/>\n\t<meta name=\"generator\" content=\"All in One SEO Pro (AIOSEO) 4.9.5.2\" \/>\n\t\t<meta property=\"og:locale\" content=\"de_DE\" \/>\n\t\t<meta property=\"og:site_name\" content=\"MONAT Austria - We Are Modern Nature\u00ae\" \/>\n\t\t<meta property=\"og:type\" content=\"article\" \/>\n\t\t<meta property=\"og:title\" content=\"MONAT Barrier Booster\u2122 Ceramid-Toner - MONAT Austria\" \/>\n\t\t<meta property=\"og:description\" content=\"NEU NEU MONAT Barrier Booster\u2122 Ceramid-Toner Bereitet die Haut vor, beruhigt sie und st\u00e4rkt gleichzeitig die nat\u00fcrliche Hautbarriere. 120 ml e 4 fl. oz. Einzelhandelspreis00.00 \u20ac Preis f\u00fcr VIP-Kunden00.00 \u20ac Um mehr \u00fcber MONAT Barrier Booster\u2122 Ceramid-Toner zu erfahren, wende Dich bitte an Deinen MONAT Markenpartner. VORTEILE Deine Hautbarriere ist Dein Schutzschild. Wenn sie durch allt\u00e4gliche\" \/>\n\t\t<meta property=\"og:url\" content=\"https:\/\/monatglobal.com\/at\/barrier-booster-toner\/\" \/>\n\t\t<meta property=\"article:published_time\" content=\"2025-08-22T00:11:21+00:00\" \/>\n\t\t<meta property=\"article:modified_time\" content=\"2026-01-28T21:20:13+00:00\" \/>\n\t\t<meta name=\"twitter:card\" content=\"summary_large_image\" \/>\n\t\t<meta name=\"twitter:title\" content=\"MONAT Barrier Booster\u2122 Ceramid-Toner - MONAT Austria\" \/>\n\t\t<meta name=\"twitter:description\" content=\"NEU NEU MONAT Barrier Booster\u2122 Ceramid-Toner Bereitet die Haut vor, beruhigt sie und st\u00e4rkt gleichzeitig die nat\u00fcrliche Hautbarriere. 120 ml e 4 fl. oz. Einzelhandelspreis00.00 \u20ac Preis f\u00fcr VIP-Kunden00.00 \u20ac Um mehr \u00fcber MONAT Barrier Booster\u2122 Ceramid-Toner zu erfahren, wende Dich bitte an Deinen MONAT Markenpartner. VORTEILE Deine Hautbarriere ist Dein Schutzschild. Wenn sie durch allt\u00e4gliche\" \/>\n\t\t<script type=\"application\/ld+json\" class=\"aioseo-schema\">\n\t\t\t{\"@context\":\"https:\\\/\\\/schema.org\",\"@graph\":[{\"@type\":\"BreadcrumbList\",\"@id\":\"https:\\\/\\\/monatglobal.com\\\/at\\\/barrier-booster-toner\\\/#breadcrumblist\",\"itemListElement\":[{\"@type\":\"ListItem\",\"@id\":\"https:\\\/\\\/monatglobal.com\\\/at#listItem\",\"position\":1,\"name\":\"Home\",\"item\":\"https:\\\/\\\/monatglobal.com\\\/at\",\"nextItem\":{\"@type\":\"ListItem\",\"@id\":\"https:\\\/\\\/monatglobal.com\\\/at\\\/barrier-booster-toner\\\/#listItem\",\"name\":\"MONAT Barrier Booster\\u2122 Ceramid-Toner\"}},{\"@type\":\"ListItem\",\"@id\":\"https:\\\/\\\/monatglobal.com\\\/at\\\/barrier-booster-toner\\\/#listItem\",\"position\":2,\"name\":\"MONAT Barrier Booster\\u2122 Ceramid-Toner\",\"previousItem\":{\"@type\":\"ListItem\",\"@id\":\"https:\\\/\\\/monatglobal.com\\\/at#listItem\",\"name\":\"Home\"}}]},{\"@type\":\"Organization\",\"@id\":\"https:\\\/\\\/monatglobal.com\\\/at\\\/#organization\",\"name\":\"MONAT Austria\",\"description\":\"We Are Modern Nature\\u00ae\",\"url\":\"https:\\\/\\\/monatglobal.com\\\/at\\\/\"},{\"@type\":\"WebPage\",\"@id\":\"https:\\\/\\\/monatglobal.com\\\/at\\\/barrier-booster-toner\\\/#webpage\",\"url\":\"https:\\\/\\\/monatglobal.com\\\/at\\\/barrier-booster-toner\\\/\",\"name\":\"MONAT Barrier Booster\\u2122 Ceramid-Toner - MONAT Austria\",\"description\":\"NEU NEU MONAT Barrier Booster\\u2122 Ceramid-Toner Bereitet die Haut vor, beruhigt sie und st\\u00e4rkt gleichzeitig die nat\\u00fcrliche Hautbarriere. 120 ml e 4 fl. oz. Einzelhandelspreis00.00 \\u20ac Preis f\\u00fcr VIP-Kunden00.00 \\u20ac Um mehr \\u00fcber MONAT Barrier Booster\\u2122 Ceramid-Toner zu erfahren, wende Dich bitte an Deinen MONAT Markenpartner. VORTEILE Deine Hautbarriere ist Dein Schutzschild. Wenn sie durch allt\\u00e4gliche\",\"inLanguage\":\"de-DE\",\"isPartOf\":{\"@id\":\"https:\\\/\\\/monatglobal.com\\\/at\\\/#website\"},\"breadcrumb\":{\"@id\":\"https:\\\/\\\/monatglobal.com\\\/at\\\/barrier-booster-toner\\\/#breadcrumblist\"},\"image\":{\"@type\":\"ImageObject\",\"url\":\"https:\\\/\\\/monatglobal.com\\\/at\\\/wp-content\\\/uploads\\\/sites\\\/27\\\/2026\\\/01\\\/CERAMIDE-INFUSION-TONER-ECOMM-2025-min-150x150-1.png\",\"@id\":\"https:\\\/\\\/monatglobal.com\\\/at\\\/barrier-booster-toner\\\/#mainImage\",\"width\":150,\"height\":150},\"primaryImageOfPage\":{\"@id\":\"https:\\\/\\\/monatglobal.com\\\/at\\\/barrier-booster-toner\\\/#mainImage\"},\"datePublished\":\"2025-08-22T01:11:21+01:00\",\"dateModified\":\"2026-01-28T21:20:13+00:00\"},{\"@type\":\"WebSite\",\"@id\":\"https:\\\/\\\/monatglobal.com\\\/at\\\/#website\",\"url\":\"https:\\\/\\\/monatglobal.com\\\/at\\\/\",\"name\":\"MONAT Austria\",\"description\":\"We Are Modern Nature\\u00ae\",\"inLanguage\":\"de-DE\",\"publisher\":{\"@id\":\"https:\\\/\\\/monatglobal.com\\\/at\\\/#organization\"}}]}\n\t\t<\/script>\n\t\t<!-- All in One SEO Pro -->\r\n\t\t<title>MONAT Barrier Booster\u2122 Ceramid-Toner - MONAT Austria<\/title>\n\n","aioseo_head_json":{"title":"MONAT Barrier Booster\u2122 Ceramid-Toner - MONAT Austria","description":"NEU NEU MONAT Barrier Booster\u2122 Ceramid-Toner Bereitet die Haut vor, beruhigt sie und st\u00e4rkt gleichzeitig die nat\u00fcrliche Hautbarriere. 120 ml e 4 fl. oz. Einzelhandelspreis00.00 \u20ac Preis f\u00fcr VIP-Kunden00.00 \u20ac Um mehr \u00fcber MONAT Barrier Booster\u2122 Ceramid-Toner zu erfahren, wende Dich bitte an Deinen MONAT Markenpartner. VORTEILE Deine Hautbarriere ist Dein Schutzschild. Wenn sie durch allt\u00e4gliche","canonical_url":"https:\/\/monatglobal.com\/at\/barrier-booster-toner\/","robots":"noindex, nofollow, max-image-preview:large","keywords":"","webmasterTools":{"miscellaneous":""},"schema":{"@context":"https:\/\/schema.org","@graph":[{"@type":"BreadcrumbList","@id":"https:\/\/monatglobal.com\/at\/barrier-booster-toner\/#breadcrumblist","itemListElement":[{"@type":"ListItem","@id":"https:\/\/monatglobal.com\/at#listItem","position":1,"name":"Home","item":"https:\/\/monatglobal.com\/at","nextItem":{"@type":"ListItem","@id":"https:\/\/monatglobal.com\/at\/barrier-booster-toner\/#listItem","name":"MONAT Barrier Booster\u2122 Ceramid-Toner"}},{"@type":"ListItem","@id":"https:\/\/monatglobal.com\/at\/barrier-booster-toner\/#listItem","position":2,"name":"MONAT Barrier Booster\u2122 Ceramid-Toner","previousItem":{"@type":"ListItem","@id":"https:\/\/monatglobal.com\/at#listItem","name":"Home"}}]},{"@type":"Organization","@id":"https:\/\/monatglobal.com\/at\/#organization","name":"MONAT Austria","description":"We Are Modern Nature\u00ae","url":"https:\/\/monatglobal.com\/at\/"},{"@type":"WebPage","@id":"https:\/\/monatglobal.com\/at\/barrier-booster-toner\/#webpage","url":"https:\/\/monatglobal.com\/at\/barrier-booster-toner\/","name":"MONAT Barrier Booster\u2122 Ceramid-Toner - MONAT Austria","description":"NEU NEU MONAT Barrier Booster\u2122 Ceramid-Toner Bereitet die Haut vor, beruhigt sie und st\u00e4rkt gleichzeitig die nat\u00fcrliche Hautbarriere. 120 ml e 4 fl. oz. Einzelhandelspreis00.00 \u20ac Preis f\u00fcr VIP-Kunden00.00 \u20ac Um mehr \u00fcber MONAT Barrier Booster\u2122 Ceramid-Toner zu erfahren, wende Dich bitte an Deinen MONAT Markenpartner. VORTEILE Deine Hautbarriere ist Dein Schutzschild. Wenn sie durch allt\u00e4gliche","inLanguage":"de-DE","isPartOf":{"@id":"https:\/\/monatglobal.com\/at\/#website"},"breadcrumb":{"@id":"https:\/\/monatglobal.com\/at\/barrier-booster-toner\/#breadcrumblist"},"image":{"@type":"ImageObject","url":"https:\/\/monatglobal.com\/at\/wp-content\/uploads\/sites\/27\/2026\/01\/CERAMIDE-INFUSION-TONER-ECOMM-2025-min-150x150-1.png","@id":"https:\/\/monatglobal.com\/at\/barrier-booster-toner\/#mainImage","width":150,"height":150},"primaryImageOfPage":{"@id":"https:\/\/monatglobal.com\/at\/barrier-booster-toner\/#mainImage"},"datePublished":"2025-08-22T01:11:21+01:00","dateModified":"2026-01-28T21:20:13+00:00"},{"@type":"WebSite","@id":"https:\/\/monatglobal.com\/at\/#website","url":"https:\/\/monatglobal.com\/at\/","name":"MONAT Austria","description":"We Are Modern Nature\u00ae","inLanguage":"de-DE","publisher":{"@id":"https:\/\/monatglobal.com\/at\/#organization"}}]},"og:locale":"de_DE","og:site_name":"MONAT Austria - We Are Modern Nature\u00ae","og:type":"article","og:title":"MONAT Barrier Booster\u2122 Ceramid-Toner - MONAT Austria","og:description":"NEU NEU MONAT Barrier Booster\u2122 Ceramid-Toner Bereitet die Haut vor, beruhigt sie und st\u00e4rkt gleichzeitig die nat\u00fcrliche Hautbarriere. 120 ml e 4 fl. oz. Einzelhandelspreis00.00 \u20ac Preis f\u00fcr VIP-Kunden00.00 \u20ac Um mehr \u00fcber MONAT Barrier Booster\u2122 Ceramid-Toner zu erfahren, wende Dich bitte an Deinen MONAT Markenpartner. VORTEILE Deine Hautbarriere ist Dein Schutzschild. Wenn sie durch allt\u00e4gliche","og:url":"https:\/\/monatglobal.com\/at\/barrier-booster-toner\/","article:published_time":"2025-08-22T00:11:21+00:00","article:modified_time":"2026-01-28T21:20:13+00:00","twitter:card":"summary_large_image","twitter:title":"MONAT Barrier Booster\u2122 Ceramid-Toner - MONAT Austria","twitter:description":"NEU NEU MONAT Barrier Booster\u2122 Ceramid-Toner Bereitet die Haut vor, beruhigt sie und st\u00e4rkt gleichzeitig die nat\u00fcrliche Hautbarriere. 120 ml e 4 fl. oz. Einzelhandelspreis00.00 \u20ac Preis f\u00fcr VIP-Kunden00.00 \u20ac Um mehr \u00fcber MONAT Barrier Booster\u2122 Ceramid-Toner zu erfahren, wende Dich bitte an Deinen MONAT Markenpartner. VORTEILE Deine Hautbarriere ist Dein Schutzschild. Wenn sie durch allt\u00e4gliche"},"aioseo_meta_data":{"post_id":"108582","title":null,"description":null,"keywords":null,"keyphrases":null,"primary_term":null,"canonical_url":null,"og_title":null,"og_description":null,"og_object_type":"default","og_image_type":"default","og_image_url":null,"og_image_width":null,"og_image_height":null,"og_image_custom_url":null,"og_image_custom_fields":null,"og_video":null,"og_custom_url":null,"og_article_section":null,"og_article_tags":null,"twitter_use_og":false,"twitter_card":"default","twitter_image_type":"default","twitter_image_url":null,"twitter_image_custom_url":null,"twitter_image_custom_fields":null,"twitter_title":null,"twitter_description":null,"schema":{"blockGraphs":[],"customGraphs":[],"default":{"data":{"Article":[],"Course":[],"Dataset":[],"FAQPage":[],"Movie":[],"Person":[],"Product":[],"ProductReview":[],"Car":[],"Recipe":[],"Service":[],"SoftwareApplication":[],"WebPage":[]},"graphName":"","isEnabled":true},"graphs":[]},"schema_type":"default","schema_type_options":null,"pillar_content":false,"robots_default":true,"robots_noindex":false,"robots_noarchive":false,"robots_nosnippet":false,"robots_nofollow":false,"robots_noimageindex":false,"robots_noodp":false,"robots_notranslate":false,"robots_max_snippet":null,"robots_max_videopreview":null,"robots_max_imagepreview":"large","priority":null,"frequency":null,"local_seo":null,"seo_analyzer_scan_date":null,"breadcrumb_settings":null,"limit_modified_date":false,"reviewed_by":null,"open_ai":null,"ai":null,"created":"2026-02-09 20:56:09","updated":"2026-02-11 16:36:34"},"aioseo_breadcrumb":"<div class=\"aioseo-breadcrumbs\"><span class=\"aioseo-breadcrumb\">\n\t<a href=\"https:\/\/monatglobal.com\/at\" title=\"Home\">Home<\/a>\n<\/span><span class=\"aioseo-breadcrumb-separator\">&raquo;<\/span><span class=\"aioseo-breadcrumb\">\n\tMONAT Barrier Booster\u2122 Ceramid-Toner\n<\/span><\/div>","aioseo_breadcrumb_json":[{"label":"Home","link":"https:\/\/monatglobal.com\/at"},{"label":"MONAT Barrier Booster\u2122 Ceramid-Toner","link":"https:\/\/monatglobal.com\/at\/barrier-booster-toner\/"}],"_links":{"self":[{"href":"https:\/\/monatglobal.com\/at\/wp-json\/wp\/v2\/pages\/108582","targetHints":{"allow":["GET"]}}],"collection":[{"href":"https:\/\/monatglobal.com\/at\/wp-json\/wp\/v2\/pages"}],"about":[{"href":"https:\/\/monatglobal.com\/at\/wp-json\/wp\/v2\/types\/page"}],"author":[{"embeddable":true,"href":"https:\/\/monatglobal.com\/at\/wp-json\/wp\/v2\/users\/57"}],"replies":[{"embeddable":true,"href":"https:\/\/monatglobal.com\/at\/wp-json\/wp\/v2\/comments?post=108582"}],"version-history":[{"count":17,"href":"https:\/\/monatglobal.com\/at\/wp-json\/wp\/v2\/pages\/108582\/revisions"}],"predecessor-version":[{"id":109197,"href":"https:\/\/monatglobal.com\/at\/wp-json\/wp\/v2\/pages\/108582\/revisions\/109197"}],"wp:featuredmedia":[{"embeddable":true,"href":"https:\/\/monatglobal.com\/at\/wp-json\/wp\/v2\/media\/109180"}],"wp:attachment":[{"href":"https:\/\/monatglobal.com\/at\/wp-json\/wp\/v2\/media?parent=108582"}],"wp:term":[{"taxonomy":"category","embeddable":true,"href":"https:\/\/monatglobal.com\/at\/wp-json\/wp\/v2\/categories?post=108582"},{"taxonomy":"post_tag","embeddable":true,"href":"https:\/\/monatglobal.com\/at\/wp-json\/wp\/v2\/tags?post=108582"}],"curies":[{"name":"wp","href":"https:\/\/api.w.org\/{rel}","templated":true}]}}