{"id":108562,"date":"2025-09-11T16:34:43","date_gmt":"2025-09-11T15:34:43","guid":{"rendered":"https:\/\/monatglobal.com\/at\/?page_id=108562"},"modified":"2025-09-11T16:44:11","modified_gmt":"2025-09-11T15:44:11","slug":"meet-monat","status":"publish","type":"page","link":"https:\/\/monatglobal.com\/at\/meet-monat\/","title":{"rendered":"Lerne die MONAT Opportunity Calls kennen"},"content":{"rendered":"\n<section> \n            <img decoding=\"async\" src=\"https:\/\/monatglobal.com\/de\/wp-content\/uploads\/sites\/22\/2025\/02\/oil-drop-logo-w.png\" alt=\"Monat Logo\">\n            <h1>NIMM AN UNSEREN MEET MONAT OPPORTUNITY CALLS TEIL UND ERFAHRE&nbsp;MEHR!<\/h1>\n            <a href=\"https:\/\/monatglobal.com\/at\/meet-monat\/#zoom-calls\">MEET MONAT<\/a>    \n        <img decoding=\"async\" src=\"https:\/\/monatglobal.com\/de\/wp-content\/uploads\/sites\/22\/2025\/02\/meet-monat-banner-desktop-de-min.png\"> \n        <p>H\u00f6re direkt von unserem Team, erhalte exklusive Einblicke in MONAT und entdecke die unglaublichen M\u00f6glichkeiten, die auf Dich warten!<\/p>\n        <p>Egal, ob Du Dich f\u00fcr das Business, die Produkte oder die Community interessierst &#8211; hier erf\u00e4hrst Du, wie MONAT Deine Zukunft ver\u00e4ndern kann. Nicht verpassen &#8211; schalte ein und lass Dich inspirieren!<\/p>\n<\/section>\n<section id=\"zoom-calls\">\n        <a href=\"https:\/\/monatglobal.zoom.us\/webinar\/register\/WN_1D5PgYBoSxC6abyAo8W5kg\" target=\"_blank\" rel=\"noopener\">\n            <img decoding=\"async\" src=\"https:\/\/monatglobal.com\/wp-content\/uploads\/2025\/02\/zoom-logo-E60A52864C-seeklogo.com-1.svg\" alt=\"\">\n                <p>Dienstag,<br> 9. September 20:00&nbsp;Uhr<\/p>\n                <!--<p>Rejoindre la r\u00e9union sur&nbsp;zoom:<\/p>-->\n                    <button>Zoom-Meeting beitreten<\/button>\n                    <p>Meeting Meeting ID: 928 4563 6741<\/p>\n        <\/a>\n        <a href=\"https:\/\/monatglobal.zoom.us\/webinar\/register\/WN_W9LF8nFITzGcLz5bj_-BlA\" target=\"_blank\" rel=\"noopener\">\n            <img decoding=\"async\" src=\"https:\/\/monatglobal.com\/wp-content\/uploads\/2025\/02\/zoom-logo-E60A52864C-seeklogo.com-1.svg\" alt=\"\">\n                <p>Dienstag,<br> 16. September 13:00&nbsp;Uhr<\/p>\n                <!--<p>Rejoindre la r\u00e9union sur&nbsp;zoom:<\/p>-->\n                    <button>Zoom-Meeting beitreten<\/button>\n                    <p>Meeting ID: 957 6722 7252<\/p>\n        <\/a>\n        <a href=\"https:\/\/monatglobal.zoom.us\/webinar\/register\/WN_zF9RPnL_TIK8vn-pYbnPdA\" target=\"_blank\" rel=\"noopener\">\n            <img decoding=\"async\" src=\"https:\/\/monatglobal.com\/wp-content\/uploads\/2025\/02\/zoom-logo-E60A52864C-seeklogo.com-1.svg\" alt=\"\">\n                <p>Dienstag,<br> 23. September 20:00&nbsp;Uhr<\/p>\n                <!--<p>Rejoindre la r\u00e9union sur&nbsp;zoom:<\/p>-->\n                    <button>Zoom-Meeting beitreten<\/button>\n                    <p>Meeting ID: 983 3499 3310<\/p>\n        <\/a>\n        <a href=\"https:\/\/monatglobal.zoom.us\/webinar\/register\/WN_YZ3A6lt9QVWJJijv1bbBWw\" target=\"_blank\" rel=\"noopener\">\n            <img decoding=\"async\" src=\"https:\/\/monatglobal.com\/wp-content\/uploads\/2025\/02\/zoom-logo-E60A52864C-seeklogo.com-1.svg\" alt=\"\">\n                <p>Dienstag,<br> 30. September 20:00&nbsp;Uhr<\/p>\n                <!--<p>Rejoindre la r\u00e9union sur&nbsp;zoom:<\/p>-->\n                    <button>Zoom-Meeting beitreten<\/button>\n                    <p>Meeting ID: 999 8267 7413<\/p>\n        <\/a>\n        <a href=\"https:\/\/monatglobal.zoom.us\/webinar\/register\/WN__wHOyEm6Q_Ov_ynmQNJleA\" target=\"_blank\" rel=\"noopener\">\n            <img decoding=\"async\" src=\"https:\/\/monatglobal.com\/wp-content\/uploads\/2025\/02\/zoom-logo-E60A52864C-seeklogo.com-1.svg\" alt=\"\">\n                <p>Mittwoch,<br> 1. Oktober 13:00&nbsp;Uhr<\/p>\n                <!--<p>Rejoindre la r\u00e9union sur&nbsp;zoom:<\/p>-->\n                    <button>Zoom-Meeting beitreten<\/button>\n                    <p>Meeting ID: 935 6110 6512<\/p>\n        <\/a>\n        <a href=\"https:\/\/monatglobal.zoom.us\/webinar\/register\/WN_G9Zo80KqQlq3BlYE2RFHGQ\" target=\"_blank\" rel=\"noopener\">\n            <img decoding=\"async\" src=\"https:\/\/monatglobal.com\/wp-content\/uploads\/2025\/02\/zoom-logo-E60A52864C-seeklogo.com-1.svg\" alt=\"\">\n                <p>Mittwoch,<br> 1. Oktober 20:00&nbsp;Uhr<\/p>\n                <!--<p>Rejoindre la r\u00e9union sur&nbsp;zoom:<\/p>-->\n                    <button>Zoom-Meeting beitreten<\/button>\n                    <p>Meeting ID: 929 5828 3325<\/p>\n        <\/a>\n<\/section>\n<section id=\"bottomSec\">\n        <h2>Verpasse es nicht &#8211; <br>schalte ein und lass <br>dich inspirieren!<\/h2>\n<\/section>\n","protected":false},"excerpt":{"rendered":"<p>NIMM AN UNSEREN MEET MONAT OPPORTUNITY CALLS TEIL UND ERFAHRE&nbsp;MEHR! MEET MONAT H\u00f6re direkt von unserem Team, erhalte exklusive Einblicke in MONAT und entdecke die unglaublichen M\u00f6glichkeiten, die auf Dich warten! Egal, ob Du Dich f\u00fcr das Business, die Produkte oder die Community interessierst &#8211; hier erf\u00e4hrst Du, wie MONAT Deine Zukunft ver\u00e4ndern kann. Nicht&hellip;<\/p>\n","protected":false},"author":47,"featured_media":0,"parent":0,"menu_order":0,"comment_status":"closed","ping_status":"closed","template":"","meta":{"inline_featured_image":false,"footnotes":""},"categories":[],"tags":[],"class_list":["post-108562","page","type-page","status-publish","hentry"],"aioseo_notices":[],"aioseo_head":"\n\t\t<!-- All in One SEO Pro 4.9.5.2 - aioseo.com -->\n\t<meta name=\"description\" content=\"NIMM AN UNSEREN MEET MONAT OPPORTUNITY CALLS TEIL UND ERFAHRE MEHR! MEET MONAT H\u00f6re direkt von unserem Team, erhalte exklusive Einblicke in MONAT und entdecke die unglaublichen M\u00f6glichkeiten, die auf Dich warten! Egal, ob Du Dich f\u00fcr das Business, die Produkte oder die Community interessierst - hier erf\u00e4hrst Du, wie MONAT Deine Zukunft ver\u00e4ndern kann. Nicht\" \/>\n\t<meta name=\"robots\" content=\"noindex, nofollow, max-image-preview:large\" \/>\n\t<link rel=\"canonical\" href=\"https:\/\/monatglobal.com\/at\/meet-monat\/\" \/>\n\t<meta name=\"generator\" content=\"All in One SEO Pro (AIOSEO) 4.9.5.2\" \/>\n\t\t<meta property=\"og:locale\" content=\"de_DE\" \/>\n\t\t<meta property=\"og:site_name\" content=\"MONAT Austria - We Are Modern Nature\u00ae\" \/>\n\t\t<meta property=\"og:type\" content=\"article\" \/>\n\t\t<meta property=\"og:title\" content=\"Lerne die MONAT Opportunity Calls kennen - MONAT Austria\" \/>\n\t\t<meta property=\"og:description\" content=\"NIMM AN UNSEREN MEET MONAT OPPORTUNITY CALLS TEIL UND ERFAHRE MEHR! MEET MONAT H\u00f6re direkt von unserem Team, erhalte exklusive Einblicke in MONAT und entdecke die unglaublichen M\u00f6glichkeiten, die auf Dich warten! Egal, ob Du Dich f\u00fcr das Business, die Produkte oder die Community interessierst - hier erf\u00e4hrst Du, wie MONAT Deine Zukunft ver\u00e4ndern kann. Nicht\" \/>\n\t\t<meta property=\"og:url\" content=\"https:\/\/monatglobal.com\/at\/meet-monat\/\" \/>\n\t\t<meta property=\"article:published_time\" content=\"2025-09-11T15:34:43+00:00\" \/>\n\t\t<meta property=\"article:modified_time\" content=\"2025-09-11T15:44:11+00:00\" \/>\n\t\t<meta name=\"twitter:card\" content=\"summary_large_image\" \/>\n\t\t<meta name=\"twitter:title\" content=\"Lerne die MONAT Opportunity Calls kennen - MONAT Austria\" \/>\n\t\t<meta name=\"twitter:description\" content=\"NIMM AN UNSEREN MEET MONAT OPPORTUNITY CALLS TEIL UND ERFAHRE MEHR! MEET MONAT H\u00f6re direkt von unserem Team, erhalte exklusive Einblicke in MONAT und entdecke die unglaublichen M\u00f6glichkeiten, die auf Dich warten! Egal, ob Du Dich f\u00fcr das Business, die Produkte oder die Community interessierst - hier erf\u00e4hrst Du, wie MONAT Deine Zukunft ver\u00e4ndern kann. Nicht\" \/>\n\t\t<script type=\"application\/ld+json\" class=\"aioseo-schema\">\n\t\t\t{\"@context\":\"https:\\\/\\\/schema.org\",\"@graph\":[{\"@type\":\"BreadcrumbList\",\"@id\":\"https:\\\/\\\/monatglobal.com\\\/at\\\/meet-monat\\\/#breadcrumblist\",\"itemListElement\":[{\"@type\":\"ListItem\",\"@id\":\"https:\\\/\\\/monatglobal.com\\\/at#listItem\",\"position\":1,\"name\":\"Home\",\"item\":\"https:\\\/\\\/monatglobal.com\\\/at\",\"nextItem\":{\"@type\":\"ListItem\",\"@id\":\"https:\\\/\\\/monatglobal.com\\\/at\\\/meet-monat\\\/#listItem\",\"name\":\"Lerne die MONAT Opportunity Calls kennen\"}},{\"@type\":\"ListItem\",\"@id\":\"https:\\\/\\\/monatglobal.com\\\/at\\\/meet-monat\\\/#listItem\",\"position\":2,\"name\":\"Lerne die MONAT Opportunity Calls kennen\",\"previousItem\":{\"@type\":\"ListItem\",\"@id\":\"https:\\\/\\\/monatglobal.com\\\/at#listItem\",\"name\":\"Home\"}}]},{\"@type\":\"Organization\",\"@id\":\"https:\\\/\\\/monatglobal.com\\\/at\\\/#organization\",\"name\":\"MONAT Austria\",\"description\":\"We Are Modern Nature\\u00ae\",\"url\":\"https:\\\/\\\/monatglobal.com\\\/at\\\/\"},{\"@type\":\"WebPage\",\"@id\":\"https:\\\/\\\/monatglobal.com\\\/at\\\/meet-monat\\\/#webpage\",\"url\":\"https:\\\/\\\/monatglobal.com\\\/at\\\/meet-monat\\\/\",\"name\":\"Lerne die MONAT Opportunity Calls kennen - MONAT Austria\",\"description\":\"NIMM AN UNSEREN MEET MONAT OPPORTUNITY CALLS TEIL UND ERFAHRE MEHR! MEET MONAT H\\u00f6re direkt von unserem Team, erhalte exklusive Einblicke in MONAT und entdecke die unglaublichen M\\u00f6glichkeiten, die auf Dich warten! Egal, ob Du Dich f\\u00fcr das Business, die Produkte oder die Community interessierst - hier erf\\u00e4hrst Du, wie MONAT Deine Zukunft ver\\u00e4ndern kann. Nicht\",\"inLanguage\":\"de-DE\",\"isPartOf\":{\"@id\":\"https:\\\/\\\/monatglobal.com\\\/at\\\/#website\"},\"breadcrumb\":{\"@id\":\"https:\\\/\\\/monatglobal.com\\\/at\\\/meet-monat\\\/#breadcrumblist\"},\"datePublished\":\"2025-09-11T16:34:43+01:00\",\"dateModified\":\"2025-09-11T16:44:11+01:00\"},{\"@type\":\"WebSite\",\"@id\":\"https:\\\/\\\/monatglobal.com\\\/at\\\/#website\",\"url\":\"https:\\\/\\\/monatglobal.com\\\/at\\\/\",\"name\":\"MONAT Austria\",\"description\":\"We Are Modern Nature\\u00ae\",\"inLanguage\":\"de-DE\",\"publisher\":{\"@id\":\"https:\\\/\\\/monatglobal.com\\\/at\\\/#organization\"}}]}\n\t\t<\/script>\n\t\t<!-- All in One SEO Pro -->\r\n\t\t<title>Lerne die MONAT Opportunity Calls kennen - MONAT Austria<\/title>\n\n","aioseo_head_json":{"title":"Lerne die MONAT Opportunity Calls kennen - MONAT Austria","description":"NIMM AN UNSEREN MEET MONAT OPPORTUNITY CALLS TEIL UND ERFAHRE MEHR! MEET MONAT H\u00f6re direkt von unserem Team, erhalte exklusive Einblicke in MONAT und entdecke die unglaublichen M\u00f6glichkeiten, die auf Dich warten! Egal, ob Du Dich f\u00fcr das Business, die Produkte oder die Community interessierst - hier erf\u00e4hrst Du, wie MONAT Deine Zukunft ver\u00e4ndern kann. Nicht","canonical_url":"https:\/\/monatglobal.com\/at\/meet-monat\/","robots":"noindex, nofollow, max-image-preview:large","keywords":"","webmasterTools":{"miscellaneous":""},"schema":{"@context":"https:\/\/schema.org","@graph":[{"@type":"BreadcrumbList","@id":"https:\/\/monatglobal.com\/at\/meet-monat\/#breadcrumblist","itemListElement":[{"@type":"ListItem","@id":"https:\/\/monatglobal.com\/at#listItem","position":1,"name":"Home","item":"https:\/\/monatglobal.com\/at","nextItem":{"@type":"ListItem","@id":"https:\/\/monatglobal.com\/at\/meet-monat\/#listItem","name":"Lerne die MONAT Opportunity Calls kennen"}},{"@type":"ListItem","@id":"https:\/\/monatglobal.com\/at\/meet-monat\/#listItem","position":2,"name":"Lerne die MONAT Opportunity Calls kennen","previousItem":{"@type":"ListItem","@id":"https:\/\/monatglobal.com\/at#listItem","name":"Home"}}]},{"@type":"Organization","@id":"https:\/\/monatglobal.com\/at\/#organization","name":"MONAT Austria","description":"We Are Modern Nature\u00ae","url":"https:\/\/monatglobal.com\/at\/"},{"@type":"WebPage","@id":"https:\/\/monatglobal.com\/at\/meet-monat\/#webpage","url":"https:\/\/monatglobal.com\/at\/meet-monat\/","name":"Lerne die MONAT Opportunity Calls kennen - MONAT Austria","description":"NIMM AN UNSEREN MEET MONAT OPPORTUNITY CALLS TEIL UND ERFAHRE MEHR! MEET MONAT H\u00f6re direkt von unserem Team, erhalte exklusive Einblicke in MONAT und entdecke die unglaublichen M\u00f6glichkeiten, die auf Dich warten! Egal, ob Du Dich f\u00fcr das Business, die Produkte oder die Community interessierst - hier erf\u00e4hrst Du, wie MONAT Deine Zukunft ver\u00e4ndern kann. Nicht","inLanguage":"de-DE","isPartOf":{"@id":"https:\/\/monatglobal.com\/at\/#website"},"breadcrumb":{"@id":"https:\/\/monatglobal.com\/at\/meet-monat\/#breadcrumblist"},"datePublished":"2025-09-11T16:34:43+01:00","dateModified":"2025-09-11T16:44:11+01:00"},{"@type":"WebSite","@id":"https:\/\/monatglobal.com\/at\/#website","url":"https:\/\/monatglobal.com\/at\/","name":"MONAT Austria","description":"We Are Modern Nature\u00ae","inLanguage":"de-DE","publisher":{"@id":"https:\/\/monatglobal.com\/at\/#organization"}}]},"og:locale":"de_DE","og:site_name":"MONAT Austria - We Are Modern Nature\u00ae","og:type":"article","og:title":"Lerne die MONAT Opportunity Calls kennen - MONAT Austria","og:description":"NIMM AN UNSEREN MEET MONAT OPPORTUNITY CALLS TEIL UND ERFAHRE MEHR! MEET MONAT H\u00f6re direkt von unserem Team, erhalte exklusive Einblicke in MONAT und entdecke die unglaublichen M\u00f6glichkeiten, die auf Dich warten! Egal, ob Du Dich f\u00fcr das Business, die Produkte oder die Community interessierst - hier erf\u00e4hrst Du, wie MONAT Deine Zukunft ver\u00e4ndern kann. Nicht","og:url":"https:\/\/monatglobal.com\/at\/meet-monat\/","article:published_time":"2025-09-11T15:34:43+00:00","article:modified_time":"2025-09-11T15:44:11+00:00","twitter:card":"summary_large_image","twitter:title":"Lerne die MONAT Opportunity Calls kennen - MONAT Austria","twitter:description":"NIMM AN UNSEREN MEET MONAT OPPORTUNITY CALLS TEIL UND ERFAHRE MEHR! MEET MONAT H\u00f6re direkt von unserem Team, erhalte exklusive Einblicke in MONAT und entdecke die unglaublichen M\u00f6glichkeiten, die auf Dich warten! Egal, ob Du Dich f\u00fcr das Business, die Produkte oder die Community interessierst - hier erf\u00e4hrst Du, wie MONAT Deine Zukunft ver\u00e4ndern kann. Nicht"},"aioseo_meta_data":{"post_id":"108562","title":null,"description":null,"keywords":null,"keyphrases":{"focus":{"keyphrase":"","score":0,"analysis":{"keyphraseInTitle":{"score":0,"maxScore":9,"error":1}}},"additional":[]},"primary_term":null,"canonical_url":null,"og_title":null,"og_description":null,"og_object_type":"default","og_image_type":"default","og_image_url":null,"og_image_width":null,"og_image_height":null,"og_image_custom_url":null,"og_image_custom_fields":null,"og_video":"","og_custom_url":null,"og_article_section":null,"og_article_tags":null,"twitter_use_og":false,"twitter_card":"default","twitter_image_type":"default","twitter_image_url":null,"twitter_image_custom_url":null,"twitter_image_custom_fields":null,"twitter_title":null,"twitter_description":null,"schema":{"blockGraphs":[],"customGraphs":[],"default":{"data":{"Article":[],"Course":[],"Dataset":[],"FAQPage":[],"Movie":[],"Person":[],"Product":[],"ProductReview":[],"Car":[],"Recipe":[],"Service":[],"SoftwareApplication":[],"WebPage":[]},"graphName":"WebPage","isEnabled":true},"graphs":[]},"schema_type":"default","schema_type_options":null,"pillar_content":false,"robots_default":true,"robots_noindex":false,"robots_noarchive":false,"robots_nosnippet":false,"robots_nofollow":false,"robots_noimageindex":false,"robots_noodp":false,"robots_notranslate":false,"robots_max_snippet":"-1","robots_max_videopreview":"-1","robots_max_imagepreview":"large","priority":null,"frequency":"default","local_seo":null,"seo_analyzer_scan_date":null,"breadcrumb_settings":null,"limit_modified_date":false,"reviewed_by":"0","open_ai":null,"ai":{"faqs":[],"keyPoints":[],"titles":[],"descriptions":[],"socialPosts":{"email":[],"linkedin":[],"twitter":[],"facebook":[],"instagram":[]}},"created":"2025-09-11 15:34:26","updated":"2026-02-10 04:52:04"},"aioseo_breadcrumb":"<div class=\"aioseo-breadcrumbs\"><span class=\"aioseo-breadcrumb\">\n\t<a href=\"https:\/\/monatglobal.com\/at\" title=\"Home\">Home<\/a>\n<\/span><span class=\"aioseo-breadcrumb-separator\">&raquo;<\/span><span class=\"aioseo-breadcrumb\">\n\tLerne die MONAT Opportunity Calls kennen\n<\/span><\/div>","aioseo_breadcrumb_json":[{"label":"Home","link":"https:\/\/monatglobal.com\/at"},{"label":"Lerne die MONAT Opportunity Calls kennen","link":"https:\/\/monatglobal.com\/at\/meet-monat\/"}],"_links":{"self":[{"href":"https:\/\/monatglobal.com\/at\/wp-json\/wp\/v2\/pages\/108562","targetHints":{"allow":["GET"]}}],"collection":[{"href":"https:\/\/monatglobal.com\/at\/wp-json\/wp\/v2\/pages"}],"about":[{"href":"https:\/\/monatglobal.com\/at\/wp-json\/wp\/v2\/types\/page"}],"author":[{"embeddable":true,"href":"https:\/\/monatglobal.com\/at\/wp-json\/wp\/v2\/users\/47"}],"replies":[{"embeddable":true,"href":"https:\/\/monatglobal.com\/at\/wp-json\/wp\/v2\/comments?post=108562"}],"version-history":[{"count":3,"href":"https:\/\/monatglobal.com\/at\/wp-json\/wp\/v2\/pages\/108562\/revisions"}],"predecessor-version":[{"id":108566,"href":"https:\/\/monatglobal.com\/at\/wp-json\/wp\/v2\/pages\/108562\/revisions\/108566"}],"wp:attachment":[{"href":"https:\/\/monatglobal.com\/at\/wp-json\/wp\/v2\/media?parent=108562"}],"wp:term":[{"taxonomy":"category","embeddable":true,"href":"https:\/\/monatglobal.com\/at\/wp-json\/wp\/v2\/categories?post=108562"},{"taxonomy":"post_tag","embeddable":true,"href":"https:\/\/monatglobal.com\/at\/wp-json\/wp\/v2\/tags?post=108562"}],"curies":[{"name":"wp","href":"https:\/\/api.w.org\/{rel}","templated":true}]}}